{"id":7274,"date":"2013-08-02T21:39:00","date_gmt":"2013-08-02T19:39:00","guid":{"rendered":"http:\/\/dev.hayabusa.eu.org\/?page_id=7274"},"modified":"2016-08-03T22:16:26","modified_gmt":"2016-08-03T20:16:26","slug":"suzuki-gsx-1300r-hayabusa-gen-2-dane-techniczne","status":"publish","type":"page","link":"https:\/\/hayabusa.eu.org\/en\/motocykle\/suzuki-gsx-1300r-hayabusa-gen-2-dane-techniczne\/","title":{"rendered":"Suzuki GSX 1300R Hayabusa gen. 2 \u2013 dane techniczne"},"content":{"rendered":"<p style=\"text-align: center;\"><b>DANE TECHNICZNE<\/b><\/p>\n<table border=\"0\" cellspacing=\"0\" cellpadding=\"2\">\n<tbody>\n<tr>\n<td class=\"menutitle\" colspan=\"2\"><b>OG\u00d3LNE<\/b><\/td>\n<\/tr>\n<tr>\n<td valign=\"top\">Model<\/td>\n<td valign=\"top\">Suzuki GSX 1300R &#8216;2012 (gen. 2, GSX1300RK9)<\/td>\n<\/tr>\n<tr>\n<td valign=\"top\">Kategoria<\/td>\n<td valign=\"top\">Sport tourist<\/td>\n<\/tr>\n<tr>\n<td class=\"menutitle\" colspan=\"2\"><b>SILNIK<\/b><\/td>\n<\/tr>\n<tr>\n<td valign=\"top\">Typ<\/td>\n<td valign=\"top\">4-ro suw<\/td>\n<\/tr>\n<tr>\n<td valign=\"top\">Uk\u0142ad<\/td>\n<td valign=\"top\">4-ro cylindrowy, rz\u0119dowy<\/td>\n<\/tr>\n<tr>\n<td valign=\"top\">Pojemno\u015b\u0107 skokowa<\/td>\n<td valign=\"top\">1340 ccm<\/td>\n<\/tr>\n<tr>\n<td valign=\"top\">\u015arednica x skok t\u0142oka<\/td>\n<td valign=\"top\">81.0 x 65.0 mm<\/td>\n<\/tr>\n<tr>\n<td valign=\"top\">Rozrz\u0105d<\/td>\n<td valign=\"top\">DOHC 4 zawory\/cylinder<\/td>\n<\/tr>\n<tr>\n<td valign=\"top\">Stopie\u0144 kompresji<\/td>\n<td valign=\"top\">12.5:1<\/td>\n<\/tr>\n<tr>\n<td valign=\"top\">Zasilanie<\/td>\n<td valign=\"top\">Elektroniczny wtrysk paliwa<\/td>\n<\/tr>\n<tr>\n<td valign=\"top\">Starter<\/td>\n<td valign=\"top\">Elektryczny<\/td>\n<\/tr>\n<tr>\n<td valign=\"top\">System ch\u0142odzenia<\/td>\n<td valign=\"top\">Ciecz<\/td>\n<\/tr>\n<tr>\n<td class=\"menutitle\" colspan=\"2\"><b>PRZENIESIENIE NAP\u0118DU<\/b><\/td>\n<\/tr>\n<tr>\n<td valign=\"top\">Skrzynia bieg\u00f3w<\/td>\n<td valign=\"top\">6-cio stopniowa<\/td>\n<\/tr>\n<tr>\n<td valign=\"top\">Sprz\u0119g\u0142o<\/td>\n<td valign=\"top\">wielotarczowe, mokre<\/td>\n<\/tr>\n<tr>\n<td valign=\"top\">Nap\u0119d tylnego ko\u0142a<\/td>\n<td valign=\"top\">\u0142a\u0144cuch<\/td>\n<\/tr>\n<tr>\n<td class=\"menutitle\" colspan=\"2\"><b>RAMA<\/b><\/td>\n<\/tr>\n<p><!--\n\n\n<tr>\n\n\n<td valign=\"top\">Rama<\/td>\n\n\n\n\n<td valign=\"top\">podw\u00f3jna, stalowa, ko\u0142yskowa<\/td>\n\n\n<\/tr>\n\n\n--><\/p>\n<tr>\n<td valign=\"top\">K\u0105t g\u0142\u00f3wki ramy<\/td>\n<td valign=\"top\">23 stopnie 25&#8242;<\/td>\n<\/tr>\n<tr>\n<td valign=\"top\">Wyprzedzenie<\/td>\n<td valign=\"top\">93 mm<\/td>\n<\/tr>\n<tr>\n<td class=\"menutitle\" colspan=\"2\"><b>ZAWIESZENIE<\/b><\/td>\n<\/tr>\n<tr>\n<td valign=\"top\">Przednie zawieszenie<\/td>\n<td valign=\"top\">widelec teleskopowy upside-down, pe\u0142na regulacja (nap. wst\u0119pne, dobicie, odbicie)<\/td>\n<\/tr>\n<tr>\n<td valign=\"top\">Tylne zawieszenie<\/td>\n<td valign=\"top\">wahacz wleczony, spr\u0119\u017cyna spiralna, t\u0142umienie olejowe, pe\u0142na regulacja (nap. wst\u0119pne, dobicie, odbicie)<\/td>\n<\/tr>\n<tr>\n<td class=\"menutitle\" colspan=\"2\"><b>HAMULCE<\/b><\/td>\n<\/tr>\n<tr>\n<td valign=\"top\">Przedni hamulec<\/td>\n<td valign=\"top\">podw\u00f3jna tarcza, 310mm, 4 t\u0142oczkowe zaciski<\/td>\n<\/tr>\n<tr>\n<td valign=\"top\">Tylny hamulec<\/td>\n<td valign=\"top\">pojedyncza tarcza, 260mm, 1 t\u0142oczkowy zacisk<\/td>\n<\/tr>\n<tr>\n<td class=\"menutitle\" colspan=\"2\"><b>OGUMIENIE<\/b><\/td>\n<\/tr>\n<tr>\n<td valign=\"top\">Przednia opona<\/td>\n<td valign=\"top\">120\/70 ZR17 M\/C 58W, bezd\u0119tkowa<\/td>\n<\/tr>\n<tr>\n<td valign=\"top\">Tylna opona<\/td>\n<td valign=\"top\">190\/50 ZR17 M\/C 73W, bezd\u0119tkowa<\/td>\n<\/tr>\n<tr>\n<td class=\"menutitle\" colspan=\"2\"><b>WYMIARY<\/b><\/td>\n<\/tr>\n<tr>\n<td valign=\"top\">D\u0142ugo\u015b\u0107<\/td>\n<td valign=\"top\">2190 mm<\/td>\n<\/tr>\n<tr>\n<td valign=\"top\">Szeroko\u015b\u0107<\/td>\n<td valign=\"top\">735mm<\/td>\n<\/tr>\n<tr>\n<td valign=\"top\">Wysoko\u015b\u0107<\/td>\n<td valign=\"top\">1165 mm<\/td>\n<\/tr>\n<tr>\n<td valign=\"top\">Wysoko\u015b\u0107 siedzenia<\/td>\n<td valign=\"top\">805 mm<\/td>\n<\/tr>\n<tr>\n<td valign=\"top\">Rozstaw osi<\/td>\n<td valign=\"top\">1480 mm<\/td>\n<\/tr>\n<tr>\n<td valign=\"top\">Pojemno\u015b\u0107 zbiornika paliwa<\/td>\n<td valign=\"top\">21 l<\/td>\n<\/tr>\n<tr>\n<td valign=\"top\">Masa sucha<\/td>\n<td valign=\"top\">220 kg<\/td>\n<\/tr>\n<tr>\n<td valign=\"top\">Masa poj. gotowego do jazdy<\/td>\n<td valign=\"top\">243 kg<\/td>\n<\/tr>\n<tr>\n<td class=\"menutitle\" colspan=\"2\"><b>OSI\u0104GI<\/b><\/td>\n<\/tr>\n<tr>\n<td valign=\"top\">Pr\u0119dko\u015b\u0107 maksymalna<\/td>\n<td valign=\"top\">300 km\/h (ograniczona elektronicznie)<\/td>\n<\/tr>\n<tr>\n<td valign=\"top\">Maksymalna moc<\/td>\n<td valign=\"top\">195.7 KM (146 KW) przy 9800 obr\/min<\/td>\n<\/tr>\n<tr>\n<td valign=\"top\">Maksymalny moment obrotowy<\/td>\n<td valign=\"top\">154 Nm przy 7200 obr\/min<\/td>\n<\/tr>\n<tr>\n<td valign=\"top\">Przyspieszenie 0 &#8211; 100 km\/h<\/td>\n<td valign=\"top\">3 s<\/td>\n<\/tr>\n<tr>\n<td valign=\"top\">Stosunek mocy do masy<\/td>\n<td valign=\"top\">0.8154 KM\/kg<\/td>\n<\/tr>\n<tr>\n<td valign=\"top\">\u015arednie zu\u017cycie paliwa<\/td>\n<td valign=\"top\">5\/6\/7 litr\u00f3w\/100 km<\/td>\n<\/tr>\n<\/tbody>\n<\/table>\n<p style=\"font-style: italic;\">\u0179r\u00f3d\u0142o: <a href=\"http:\/\/www.scigacz.pl\/Suzuki,GSX-R1300,Hayabusa,powrot,legendy,6754x2.html\">http:\/\/www.scigacz.pl\/<\/a>, <a href=\"http:\/\/www.motorcyclespecs.co.za\/model\/suzu\/suzuki_gsxr1300r%2012.htm\" target=\"_blank\">http:\/\/www.motorcyclespecs.co.za\/<\/a><\/p>\n","protected":false},"excerpt":{"rendered":"<p>DANE TECHNICZNE OG\u00d3LNE Model Suzuki GSX 1300R &#8216;2012 (gen. 2, GSX1300RK9) Kategoria Sport tourist SILNIK Typ 4-ro suw Uk\u0142ad 4-ro cylindrowy, rz\u0119dowy Pojemno\u015b\u0107 skokowa 1340 ccm \u015arednica x skok t\u0142oka 81.0 x 65.0 mm&#46;&#46;&#46;<\/p>\n","protected":false},"author":1,"featured_media":7275,"parent":7271,"menu_order":0,"comment_status":"closed","ping_status":"closed","template":"","meta":{"_monsterinsights_skip_tracking":false,"_monsterinsights_sitenote_active":false,"_monsterinsights_sitenote_note":"","_monsterinsights_sitenote_category":0,"ngg_post_thumbnail":0,"jetpack_post_was_ever_published":false,"footnotes":""},"categories":[22,23],"tags":[100,3,24,25],"class_list":["post-7274","page","type-page","status-publish","has-post-thumbnail","hentry","category-motorcycles","category-hayabusa","tag-specs","tag-hayabusa","tag-motorcycles","tag-suzuki"],"jetpack_sharing_enabled":true,"jetpack_shortlink":"https:\/\/wp.me\/P7M8NW-1Tk","_links":{"self":[{"href":"https:\/\/hayabusa.eu.org\/en\/wp-json\/wp\/v2\/pages\/7274","targetHints":{"allow":["GET"]}}],"collection":[{"href":"https:\/\/hayabusa.eu.org\/en\/wp-json\/wp\/v2\/pages"}],"about":[{"href":"https:\/\/hayabusa.eu.org\/en\/wp-json\/wp\/v2\/types\/page"}],"author":[{"embeddable":true,"href":"https:\/\/hayabusa.eu.org\/en\/wp-json\/wp\/v2\/users\/1"}],"replies":[{"embeddable":true,"href":"https:\/\/hayabusa.eu.org\/en\/wp-json\/wp\/v2\/comments?post=7274"}],"version-history":[{"count":1,"href":"https:\/\/hayabusa.eu.org\/en\/wp-json\/wp\/v2\/pages\/7274\/revisions"}],"predecessor-version":[{"id":7276,"href":"https:\/\/hayabusa.eu.org\/en\/wp-json\/wp\/v2\/pages\/7274\/revisions\/7276"}],"up":[{"embeddable":true,"href":"https:\/\/hayabusa.eu.org\/en\/wp-json\/wp\/v2\/pages\/7271"}],"wp:featuredmedia":[{"embeddable":true,"href":"https:\/\/hayabusa.eu.org\/en\/wp-json\/wp\/v2\/media\/7275"}],"wp:attachment":[{"href":"https:\/\/hayabusa.eu.org\/en\/wp-json\/wp\/v2\/media?parent=7274"}],"wp:term":[{"taxonomy":"category","embeddable":true,"href":"https:\/\/hayabusa.eu.org\/en\/wp-json\/wp\/v2\/categories?post=7274"},{"taxonomy":"post_tag","embeddable":true,"href":"https:\/\/hayabusa.eu.org\/en\/wp-json\/wp\/v2\/tags?post=7274"}],"curies":[{"name":"wp","href":"https:\/\/api.w.org\/{rel}","templated":true}]}}