{"id":7313,"date":"2005-03-09T20:46:13","date_gmt":"2005-03-09T19:46:13","guid":{"rendered":"http:\/\/dev.hayabusa.eu.org\/?page_id=7313"},"modified":"2016-08-03T20:51:52","modified_gmt":"2016-08-03T18:51:52","slug":"mz-etz-250","status":"publish","type":"page","link":"https:\/\/hayabusa.eu.org\/en\/motocykle\/mz-etz-250\/","title":{"rendered":"MZ ETZ 250 &#8211; dane techniczne"},"content":{"rendered":"<p style=\"text-align: center;\"><b>DANE TECHNICZNE<\/b><\/p>\n<table border=\"0\" cellspacing=\"0\" cellpadding=\"2\">\n<tbody>\n<tr>\n<td valign=\"top\">Model<\/td>\n<td valign=\"top\">MZ ETZ 250 &#8217;84<\/td>\n<\/tr>\n<tr>\n<td valign=\"top\">Pojemno\u015b\u0107 skokowa<\/td>\n<td valign=\"top\">243 ccm<\/td>\n<\/tr>\n<tr>\n<td valign=\"top\">Maksymalna moc<\/td>\n<td valign=\"top\">21 KM (15.5 kW) przy 5500 obr\/min<\/td>\n<\/tr>\n<tr>\n<td valign=\"top\">Maksymalny moment obrotowy<\/td>\n<td valign=\"top\">27.4 Nm przy 5200 obr\/min<\/td>\n<\/tr>\n<tr>\n<td valign=\"top\">Pr\u0119dko\u015b\u0107 maksymalna<\/td>\n<td valign=\"top\">125 km\/h<\/td>\n<\/tr>\n<tr>\n<td valign=\"top\">Przyspieszenie 0 &#8211; 100 km\/h<\/td>\n<td valign=\"top\">7.8 s<\/td>\n<\/tr>\n<tr>\n<td>Zu\u017cycie paliwa<\/td>\n<td>4.0-5.5 l\/ 100 km<\/td>\n<\/tr>\n<tr>\n<td class=\"cld2_1\" colspan=\"2\">Nap\u0119d<\/td>\n<\/tr>\n<tr>\n<td class=\"cld1_1\">Typ silnika<\/td>\n<td class=\"cld1_1\">EM 250<\/td>\n<\/tr>\n<tr>\n<td class=\"cld1_2\">Cykl Pracy<\/td>\n<td class=\"cld1_2\">dwusuw z przep\u0142ukiwaniem zwrotnym<\/td>\n<\/tr>\n<tr>\n<td class=\"cld1_1\">Rodzaj ch\u0142odzenia<\/td>\n<td class=\"cld1_1\">ch\u0142odzenie powietrzem \/podczas jazdy\/<\/td>\n<\/tr>\n<tr>\n<td class=\"cld1_2\">Liczba cylindr\u00f3w<\/td>\n<td class=\"cld1_2\">1<\/td>\n<\/tr>\n<tr>\n<td class=\"cld1_1\">skok \/ \u015brednica<\/td>\n<td class=\"cld1_1\">65 mm \/ 69 mm<\/td>\n<\/tr>\n<tr>\n<td class=\"cld1_2\">Pojemno\u015bc skokowa<\/td>\n<td class=\"cld1_2\">243 cm3<\/td>\n<\/tr>\n<tr>\n<td class=\"cld1_1\">stosunek spr\u0119\u017cania<\/td>\n<td class=\"cld1_1\">10,5 : 1<\/td>\n<\/tr>\n<tr>\n<td class=\"cld1_2\">Moc przy ok. 5 500 obr\/min<\/td>\n<td class=\"cld1_2\">15,5 KW \/ 21 KM<\/td>\n<\/tr>\n<tr>\n<td class=\"cld1_1\">Moment obrotowy przy ok. 5 200 obr \/ min<\/td>\n<td class=\"cld1_1\">27,4 Nm \/ 2,8 kGm<\/td>\n<\/tr>\n<tr>\n<td class=\"cld1_2\">Smarowanie<\/td>\n<td class=\"cld1_2\">mieszank\u0105 paliwa 50 : 1<\/td>\n<\/tr>\n<tr>\n<td class=\"cld1_1\">\u0141o\u017cyska korbowodu<\/td>\n<td class=\"cld1_1\">\u0141o\u017cysko igie\u0142kowe z koszyczkiem w stopce korbowodu i w g\u0142\u00f3wce<\/td>\n<\/tr>\n<tr>\n<td class=\"cld2_1\" colspan=\"2\">Czas rozrz\u0105du w stopniach obrotu wa\u0142u korbowego<\/td>\n<\/tr>\n<tr>\n<td class=\"cld1_1\">ssanie<\/td>\n<td class=\"cld1_1\">155* k\u0105ta obrotu wa\u0142u korbowego<\/td>\n<\/tr>\n<tr>\n<td class=\"cld1_2\">przelot<\/td>\n<td class=\"cld1_2\">123* k\u0105ta obrotu wa\u0142u korbowego<\/td>\n<\/tr>\n<tr>\n<td class=\"cld1_1\">wydech<\/td>\n<td class=\"cld1_1\">180* k\u0105ta obrotu wa\u0142u korbowego<\/td>\n<\/tr>\n<tr>\n<td class=\"cld1_2\">Typ ga\u017anika<\/td>\n<td class=\"cld1_2\">BVF 30 N 2-5<\/td>\n<\/tr>\n<tr>\n<td class=\"cld1_1\">\u015arednica przelotu<\/td>\n<td class=\"cld1_1\">30 mm<\/td>\n<\/tr>\n<tr>\n<td class=\"cld1_2\">Dysza g\u0142\u00f3wna<\/td>\n<td class=\"cld1_2\">135 \/125 dla 12,5 kW<\/td>\n<\/tr>\n<tr>\n<td class=\"cld1_1\">Dysza iglicy<\/td>\n<td class=\"cld1_1\">70 \/z otworem poprzecznym\/<\/td>\n<\/tr>\n<tr>\n<td class=\"cld1_2\">Iglica obci\u0105\u017cenia cz\u0119\u015bciowego<\/td>\n<td class=\"cld1_2\">2 A 531 \/ C 6\/ z 5 rowkami<\/td>\n<\/tr>\n<tr>\n<td class=\"cld1_1\">Po\u0142o\u017cenie iglicy, od g\u00f3ry<\/td>\n<td class=\"cld1_1\">3 &#8230; 4<\/td>\n<\/tr>\n<tr>\n<td class=\"cld1_2\">Dysza rozruchowa<\/td>\n<td class=\"cld1_2\">110<\/td>\n<\/tr>\n<tr>\n<td class=\"cld1_1\">Dysza biegu ja\u0142owego (luzu)<\/td>\n<td class=\"cld1_1\">45<\/td>\n<\/tr>\n<tr>\n<td class=\"cld1_2\">Zaw\u00f3r iglicowy p\u0142ywaka<\/td>\n<td class=\"cld1_2\">20<\/td>\n<\/tr>\n<tr>\n<td class=\"cld1_1\">\u015aruba powietrza biegu ja\u0142owego<\/td>\n<td class=\"cld1_1\">wkr\u0119cona o oko\u0142o 1 obr\u00f3t<\/td>\n<\/tr>\n<tr>\n<td class=\"cld1_2\">Wyci\u0119cie przepustnicy<\/td>\n<td class=\"cld1_2\">5 mm<\/td>\n<\/tr>\n<tr>\n<td class=\"cld1_1\">Sprz\u0119g\u0142o<\/td>\n<td class=\"cld1_1\">osadzone na lewym czopie wa\u0142u korbowego, pracuje w k\u0105pieli olejowej, 5 tarcz ciernych<\/td>\n<\/tr>\n<tr>\n<td class=\"cld1_2\">Liczba bieg\u00f3w<\/td>\n<td class=\"cld1_2\">5<\/td>\n<\/tr>\n<tr>\n<td class=\"cld2_1\" colspan=\"2\">Prze\u0142o\u017cenia skrzyni bieg\u00f3w<\/td>\n<\/tr>\n<tr>\n<td class=\"cld1_1\">1 Bieg<\/td>\n<td class=\"cld1_1\">3<\/td>\n<\/tr>\n<tr>\n<td class=\"cld1_2\">2 Bieg<\/td>\n<td class=\"cld1_2\">1,865<\/td>\n<\/tr>\n<tr>\n<td class=\"cld1_1\">3 Bieg<\/td>\n<td class=\"cld1_1\">1,333<\/td>\n<\/tr>\n<tr>\n<td class=\"cld1_2\">4 Bieg<\/td>\n<td class=\"cld1_2\">1,048<\/td>\n<\/tr>\n<tr>\n<td class=\"cld1_1\">5 Bieg<\/td>\n<td class=\"cld1_1\">0,87<\/td>\n<\/tr>\n<tr>\n<td class=\"cld1_2\">Zap\u0142on<\/td>\n<td class=\"cld1_2\">Bateryjny<\/td>\n<\/tr>\n<tr>\n<td class=\"cld1_1\">Punkt zap\u0142onu obrotu wa\u0142u korbowego<\/td>\n<td class=\"cld1_1\">2,5+0,5 mm przed g\u00f3rnym ZZ &#8211; 22*15 &#8211; 2* k\u0105ta<\/td>\n<\/tr>\n<tr>\n<td class=\"cld1_2\">Odst\u0119p styk\u00f3w przerywacza<\/td>\n<td class=\"cld1_2\">0,3+0,1 mm<\/td>\n<\/tr>\n<tr>\n<td class=\"cld1_1\">\u015awieca zap\u0142onowa<\/td>\n<td class=\"cld1_1\">ZM 14-260<\/td>\n<\/tr>\n<tr>\n<td class=\"cld1_2\">Odst\u0119p elektrod \u015bwiecy<\/td>\n<td class=\"cld1_2\">0,6 mm<\/td>\n<\/tr>\n<tr>\n<td class=\"cld1_1\">Pr\u0105dnica<\/td>\n<td class=\"cld1_1\">Tr\u00f3jfazowa pr\u0105du zmiennego 14 V, 15 A<\/td>\n<\/tr>\n<tr>\n<td class=\"cld1_2\">Uk\u0142ad prostowniczy<\/td>\n<td class=\"cld1_2\">mostkowy, tr\u00f3jfazowy na p\u00f3\u0142przewodnikach<\/td>\n<\/tr>\n<tr>\n<td class=\"cld1_1\">Regulator<\/td>\n<td class=\"cld1_1\">jednostkowy, z kompensacj\u0105 temperatury i regulacj\u0105 plusow\u0105<\/td>\n<\/tr>\n<tr>\n<td class=\"cld1_2\">Akumulator<\/td>\n<td class=\"cld1_2\">12 V, 5 \/9\/ Ah<\/td>\n<\/tr>\n<tr>\n<td class=\"cld2_1\" colspan=\"2\">Podwozie<\/td>\n<\/tr>\n<tr>\n<td class=\"cld1_1\">Rama<\/td>\n<td class=\"cld1_1\">rurowa z rur\u0105 centraln\u0105 \/ sprawny profil prostok\u0105tny<\/td>\n<\/tr>\n<tr>\n<td class=\"cld1_2\">Zawieszenie silnika \/elastyczne\/<\/td>\n<td class=\"cld1_2\">z przodu przy g\u0142owicy cylindra, z ty\u0142u przy kad\u0142ubie<\/td>\n<\/tr>\n<tr>\n<td class=\"cld1_1\">K\u0105t pochylenia g\u0142\u00f3wki ramy<\/td>\n<td class=\"cld1_1\">63*<\/td>\n<\/tr>\n<tr>\n<td class=\"cld1_2\">Wyprzedzenie<\/td>\n<td class=\"cld1_2\">95 mm<\/td>\n<\/tr>\n<tr>\n<td class=\"cld2_1\" colspan=\"2\">Rodzaj zawieszenia k\u00f3\u0142<\/td>\n<\/tr>\n<tr>\n<td class=\"cld1_1\">Resorowanie ko\u0142a przedniego<\/td>\n<td class=\"cld1_1\">widelec teleskopowy z t\u0142umieniem olejowym,<\/td>\n<\/tr>\n<tr>\n<td class=\"cld1_2\">Skok ko\u0142a<\/td>\n<td class=\"cld1_2\">185 mm<\/td>\n<\/tr>\n<tr>\n<td class=\"cld1_1\">Resorowanie ko\u0142a tylnego<\/td>\n<td class=\"cld1_1\">elementy resoruj\u0105ce z t\u0142umieniem olejowym,<\/td>\n<\/tr>\n<tr>\n<td class=\"cld1_1\" colspan=\"2\">zmienne regulacje wst\u0119pne spr\u0119\u017cyn, skok ko\u0142a 105 mm<\/td>\n<\/tr>\n<tr>\n<td class=\"cld1_1\">Ko\u0142a<\/td>\n<td class=\"cld1_1\">szprychowe z niezagi\u0119tymi szprychami<\/td>\n<\/tr>\n<tr>\n<td class=\"cld2_1\" colspan=\"2\">Wymiary obr\u0119cz ETZ 250<\/td>\n<\/tr>\n<tr>\n<td class=\"cld1_1\">Prz\u00f3d<\/td>\n<td class=\"cld1_1\">1,60 x 18<\/td>\n<\/tr>\n<tr>\n<td class=\"cld1_2\">Ty\u0142<\/td>\n<td class=\"cld1_2\">2,15Bx 18<\/td>\n<\/tr>\n<tr>\n<td class=\"cld2_1\" colspan=\"2\">Wymiary obr\u0119cz ETZ 251<\/td>\n<\/tr>\n<tr>\n<td class=\"cld1_1\">Prz\u00f3d<\/td>\n<td class=\"cld1_1\">1,60 x 18<\/td>\n<\/tr>\n<tr>\n<td class=\"cld1_2\">Ty\u0142<\/td>\n<td class=\"cld1_2\">2,50x 16<\/td>\n<\/tr>\n<tr>\n<td class=\"cld2_1\" colspan=\"2\">Ogumienie ETZ 250<\/td>\n<\/tr>\n<tr>\n<td class=\"cld1_1\">Prz\u00f3d<\/td>\n<td class=\"cld1_1\">3,75 &#8211; 18<\/td>\n<\/tr>\n<tr>\n<td class=\"cld1_2\">Ty\u0142<\/td>\n<td class=\"cld1_2\">3,50 &#8211; 18<\/td>\n<\/tr>\n<tr>\n<td class=\"cld2_1\" colspan=\"2\">Ogumienie ETZ 251<\/td>\n<\/tr>\n<tr>\n<td class=\"cld1_1\">Prz\u00f3d<\/td>\n<td class=\"cld1_1\">3,75 &#8211; 18<\/td>\n<\/tr>\n<tr>\n<td class=\"cld1_2\">Ty\u0142<\/td>\n<td class=\"cld1_2\">110\/70 &#8211; 16<\/td>\n<\/tr>\n<tr>\n<td class=\"cld2_1\" colspan=\"2\">Ci\u015bnienie w ogumieniu:<\/td>\n<\/tr>\n<tr>\n<td class=\"cld1_1\">Prz\u00f3d<\/td>\n<td class=\"cld1_1\">170 kPa \/1,7 kG\/ cm2\/<\/td>\n<\/tr>\n<tr>\n<td class=\"cld1_2\">Ty\u0142<\/td>\n<td class=\"cld1_2\">250 kPa \/2,5 kG\/cm2\/<\/td>\n<\/tr>\n<tr>\n<td class=\"cld2_1\" colspan=\"2\">Hamulce<\/td>\n<\/tr>\n<tr>\n<td class=\"cld1_1\">Prz\u00f3d<\/td>\n<td class=\"cld1_1\">Hydrauliczny jednotarczowy, \u015brednica tarczy 280 mm<\/td>\n<\/tr>\n<tr>\n<td class=\"cld1_2\">Ty\u0142<\/td>\n<td class=\"cld1_2\">szcz\u0119kowy \u015brednica 160 mm<\/td>\n<\/tr>\n<tr>\n<td class=\"cld2_1\" colspan=\"2\">Dane obs\u0142ugowe<\/td>\n<\/tr>\n<tr>\n<td class=\"cld1_1\">Skrzynia bieg\u00f3w<\/td>\n<td class=\"cld1_1\">900 cm3 oleju przek\u0142adniowego SAE 80 Polecam Hipol SAE 80 W \/ 90<\/td>\n<\/tr>\n<tr>\n<td class=\"cld1_2\">Zbiornik Paliwa<\/td>\n<td class=\"cld1_2\">17 l mieszanki<\/td>\n<\/tr>\n<tr>\n<td class=\"cld1_1\">W tym rezerwa<\/td>\n<td class=\"cld1_1\">1,5 l<\/td>\n<\/tr>\n<tr>\n<td class=\"cld1_2\">Zbiornik oleju dozownika<\/td>\n<td class=\"cld1_2\">1,3 l<\/td>\n<\/tr>\n<tr>\n<td class=\"cld1_1\">Widelec teleskopowy<\/td>\n<td class=\"cld1_1\">230 cm3 p\u0142ynu amortyzatorowego na elementy resoruj\u0105cy<\/td>\n<\/tr>\n<tr>\n<td class=\"cld1_2\">Ci\u0119\u017car w stanie gotowym do jazdy ETZ 251<\/td>\n<td class=\"cld1_2\">153 kg \/ model z hamulcem tarczowym \/<\/td>\n<\/tr>\n<tr>\n<td class=\"cld1_1\">Dopuszczalny ci\u0119\u017car ca\u0142kowity<\/td>\n<td class=\"cld1_1\">330 kg<\/td>\n<\/tr>\n<tr>\n<td class=\"cld2_1\" colspan=\"2\">Osi\u0105gi<\/td>\n<\/tr>\n<tr>\n<td class=\"cld1_1\">Pr\u0119dko\u015b\u0107 maksymalna<\/td>\n<td class=\"cld1_1\">125 km\/h<\/td>\n<\/tr>\n<tr>\n<td class=\"cld1_2\">Przy\u015bpieszenia od 0 do 100 km\/h<\/td>\n<td class=\"cld1_2\">7,8 s<\/td>\n<\/tr>\n<tr>\n<td class=\"cld1_1\">Zu\u017cycie paliwa<\/td>\n<td class=\"cld1_1\">4,0 &#8211; 5,5 \/ 100 km<\/td>\n<\/tr>\n<\/tbody>\n<\/table>\n","protected":false},"excerpt":{"rendered":"<p>DANE TECHNICZNE Model MZ ETZ 250 &#8217;84 Pojemno\u015b\u0107 skokowa 243 ccm Maksymalna moc 21 KM (15.5 kW) przy 5500 obr\/min Maksymalny moment obrotowy 27.4 Nm przy 5200 obr\/min Pr\u0119dko\u015b\u0107 maksymalna 125 km\/h Przyspieszenie 0&#46;&#46;&#46;<\/p>\n","protected":false},"author":1,"featured_media":8428,"parent":7271,"menu_order":1,"comment_status":"closed","ping_status":"closed","template":"","meta":{"_monsterinsights_skip_tracking":false,"_monsterinsights_sitenote_active":false,"_monsterinsights_sitenote_note":"","_monsterinsights_sitenote_category":0,"ngg_post_thumbnail":0,"jetpack_post_was_ever_published":false,"footnotes":""},"categories":[22,54],"tags":[100,24,105],"class_list":["post-7313","page","type-page","status-publish","has-post-thumbnail","hentry","category-motorcycles","category-mz-etz-250","tag-specs","tag-motorcycles","tag-mz-etz-250"],"jetpack_sharing_enabled":true,"jetpack_shortlink":"https:\/\/wp.me\/P7M8NW-1TX","_links":{"self":[{"href":"https:\/\/hayabusa.eu.org\/en\/wp-json\/wp\/v2\/pages\/7313","targetHints":{"allow":["GET"]}}],"collection":[{"href":"https:\/\/hayabusa.eu.org\/en\/wp-json\/wp\/v2\/pages"}],"about":[{"href":"https:\/\/hayabusa.eu.org\/en\/wp-json\/wp\/v2\/types\/page"}],"author":[{"embeddable":true,"href":"https:\/\/hayabusa.eu.org\/en\/wp-json\/wp\/v2\/users\/1"}],"replies":[{"embeddable":true,"href":"https:\/\/hayabusa.eu.org\/en\/wp-json\/wp\/v2\/comments?post=7313"}],"version-history":[{"count":5,"href":"https:\/\/hayabusa.eu.org\/en\/wp-json\/wp\/v2\/pages\/7313\/revisions"}],"predecessor-version":[{"id":8429,"href":"https:\/\/hayabusa.eu.org\/en\/wp-json\/wp\/v2\/pages\/7313\/revisions\/8429"}],"up":[{"embeddable":true,"href":"https:\/\/hayabusa.eu.org\/en\/wp-json\/wp\/v2\/pages\/7271"}],"wp:featuredmedia":[{"embeddable":true,"href":"https:\/\/hayabusa.eu.org\/en\/wp-json\/wp\/v2\/media\/8428"}],"wp:attachment":[{"href":"https:\/\/hayabusa.eu.org\/en\/wp-json\/wp\/v2\/media?parent=7313"}],"wp:term":[{"taxonomy":"category","embeddable":true,"href":"https:\/\/hayabusa.eu.org\/en\/wp-json\/wp\/v2\/categories?post=7313"},{"taxonomy":"post_tag","embeddable":true,"href":"https:\/\/hayabusa.eu.org\/en\/wp-json\/wp\/v2\/tags?post=7313"}],"curies":[{"name":"wp","href":"https:\/\/api.w.org\/{rel}","templated":true}]}}