{"id":7511,"date":"2008-05-09T23:18:36","date_gmt":"2008-05-09T21:18:36","guid":{"rendered":"http:\/\/dev.hayabusa.eu.org\/?page_id=7511"},"modified":"2016-08-03T21:26:05","modified_gmt":"2016-08-03T19:26:05","slug":"yamaha-fzs-1000-fazer-dane-techniczne","status":"publish","type":"page","link":"https:\/\/hayabusa.eu.org\/en\/motocykle\/yamaha-fzs-1000-fazer-dane-techniczne\/","title":{"rendered":"Yamaha FZS 1000 Fazer \u2013 dane techniczne"},"content":{"rendered":"<p style=\"text-align: center;\"><b>DANE TECHNICZNE<\/b><\/p>\n<table border=\"0\" cellspacing=\"0\" cellpadding=\"2\">\n<tbody>\n<tr>\n<td class=\"menutitle\" colspan=\"2\"><b>OG\u00d3LNE<\/b><\/td>\n<\/tr>\n<tr>\n<td valign=\"top\">Model<\/td>\n<td valign=\"top\">Yamaha FZS 1000 Fazer EXUP &#8216;2001<\/td>\n<\/tr>\n<tr>\n<td valign=\"top\">Kategoria<\/td>\n<td valign=\"top\">Naked bike<\/td>\n<\/tr>\n<tr>\n<td class=\"menutitle\" colspan=\"2\"><b>SILNIK<\/b><\/td>\n<\/tr>\n<tr>\n<td valign=\"top\">Typ<\/td>\n<td valign=\"top\">4-ro suw<\/td>\n<\/tr>\n<tr>\n<td valign=\"top\">Uk\u0142ad<\/td>\n<td valign=\"top\">4-ro cylindrowy, rz\u0119dowy<\/td>\n<\/tr>\n<tr>\n<td valign=\"top\">Pojemno\u015b\u0107 skokowa<\/td>\n<td valign=\"top\">998 ccm<\/td>\n<\/tr>\n<tr>\n<td valign=\"top\">\u015arednica x skok t\u0142oka<\/td>\n<td valign=\"top\">74.0 x 58.0 mm<\/td>\n<\/tr>\n<tr>\n<td valign=\"top\">Rozrz\u0105d<\/td>\n<td valign=\"top\">DOHC 5 zawor\u00f3w\/cylinder<\/td>\n<\/tr>\n<tr>\n<td valign=\"top\">Maksymalna moc<\/td>\n<td valign=\"top\">143.00 KM (105 kW) przy 10000 obr\/min<\/td>\n<\/tr>\n<tr>\n<td valign=\"top\">Maksymalny moment obrotowy<\/td>\n<td valign=\"top\">106.00 Nm (78.2 ft.lbs) przy 7500 obr\/min<\/td>\n<\/tr>\n<tr>\n<td valign=\"top\">Stopie\u0144 kompresji<\/td>\n<td valign=\"top\">11.4:1<\/td>\n<\/tr>\n<tr>\n<td valign=\"top\">Zasilanie<\/td>\n<td valign=\"top\">4 ga\u017aniki Mikuni<\/td>\n<\/tr>\n<p><!--\n\n\n<tr>\n\n\n<td valign=\"top\">\u015arednica gardzieli<\/td>\n\n\n\n\n<td valign=\"top\">33 mm<\/td>\n\n\n<\/tr>\n\n\n--><\/p>\n<tr>\n<td valign=\"top\">Starter<\/td>\n<td valign=\"top\">Elektryczny<\/td>\n<\/tr>\n<tr>\n<td valign=\"top\">System ch\u0142odzenia<\/td>\n<td valign=\"top\">Ciecz<\/td>\n<\/tr>\n<tr>\n<td class=\"menutitle\" colspan=\"2\"><b>PRZENIESIENIE NAP\u0118DU<\/b><\/td>\n<\/tr>\n<tr>\n<td valign=\"top\">Skrzynia bieg\u00f3w<\/td>\n<td valign=\"top\">6-cio stopniowa<\/td>\n<\/tr>\n<tr>\n<td valign=\"top\">Sprz\u0119g\u0142o<\/td>\n<td valign=\"top\">wielotarczowe, mokre<\/td>\n<\/tr>\n<tr>\n<td valign=\"top\">Nap\u0119d tylnego ko\u0142a<\/td>\n<td valign=\"top\">\u0142a\u0144cuch<\/td>\n<\/tr>\n<p><!--\n\n\n<tr>\n\n\n<td class=\"menutitle\" colspan=\"2\"><b>PODWOZIE<\/b><\/td>\n\n\n<\/tr>\n\n\n\n\n<tr>\n\n\n<td valign=\"top\">Rama<\/td>\n\n\n\n\n<td valign=\"top\">podw\u00f3jna, stalowa, ko\u0142yskowa<\/td>\n\n\n<\/tr>\n\n\n\n\n<tr>\n\n\n<td valign=\"top\">K\u0105t g\u0142\u00f3wki ramy<\/td>\n\n\n\n\n<td valign=\"top\">66 stopni<\/td>\n\n\n<\/tr>\n\n\n\n\n<tr>\n\n\n<td valign=\"top\">Wyprzedzenie<\/td>\n\n\n\n\n<td valign=\"top\">88 mm<\/td>\n\n\n<\/tr>\n\n\n\n\n<tr>\n\n\n<td valign=\"top\">Przednie zawieszenie<\/td>\n\n\n\n\n<td valign=\"top\">widelec teleskopowy, skok 120 mm<\/td>\n\n\n<\/tr>\n\n\n\n\n<tr>\n\n\n<td valign=\"top\">Tylne zawieszenie<\/td>\n\n\n\n\n<td valign=\"top\">wahacz stalowy (monocross), skok 120 mm<\/td>\n\n\n<\/tr>\n\n\n--><\/p>\n<tr>\n<td class=\"menutitle\" colspan=\"2\"><b>HAMULCE<\/b><\/td>\n<\/tr>\n<tr>\n<td valign=\"top\">Przedni hamulec<\/td>\n<td valign=\"top\">podw\u00f3jna tarcza 298 mm<\/td>\n<\/tr>\n<tr>\n<td valign=\"top\">Tylny hamulec<\/td>\n<td valign=\"top\">pojedyncza tarcza 267 mm<\/td>\n<\/tr>\n<tr>\n<td class=\"menutitle\" colspan=\"2\"><b>OGUMIENIE<\/b><\/td>\n<\/tr>\n<tr>\n<td valign=\"top\">Przednia opona<\/td>\n<td valign=\"top\">120\/70-ZR17<\/td>\n<\/tr>\n<tr>\n<td valign=\"top\">Tylna opona<\/td>\n<td valign=\"top\">180\/55-ZR-17<\/td>\n<\/tr>\n<tr>\n<td class=\"menutitle\" colspan=\"2\"><b>WYMIARY<\/b><\/td>\n<\/tr>\n<tr>\n<td valign=\"top\">D\u0142ugo\u015b\u0107<\/td>\n<td valign=\"top\">2125 mm<\/td>\n<\/tr>\n<tr>\n<td valign=\"top\">Szeroko\u015b\u0107<\/td>\n<td valign=\"top\">765 mm<\/td>\n<\/tr>\n<tr>\n<td valign=\"top\">Wysoko\u015b\u0107<\/td>\n<td valign=\"top\">1190 mm<\/td>\n<\/tr>\n<p><!--\n\n\n<tr>\n\n\n<td valign=\"top\">Wysoko\u015b\u0107 siedzenia<\/td>\n\n\n\n\n<td valign=\"top\">790 mm<\/td>\n\n\n<\/tr>\n\n\n--><\/p>\n<tr>\n<td valign=\"top\">Rozstaw osi<\/td>\n<td valign=\"top\">1450 mm<\/td>\n<\/tr>\n<tr>\n<td valign=\"top\">Pojemno\u015b\u0107 zbiornika paliwa<\/td>\n<td valign=\"top\">21 l (w tym 3.5 l rezerwy)<\/td>\n<\/tr>\n<tr>\n<td valign=\"top\">Masa sucha<\/td>\n<td valign=\"top\">208 kg<\/td>\n<\/tr>\n<tr>\n<td valign=\"top\">Masa poj. gotowego do jazdy<\/td>\n<td valign=\"top\">231 kg<\/td>\n<\/tr>\n<tr>\n<td class=\"menutitle\" colspan=\"2\"><b>OSI\u0104GI<\/b><\/td>\n<\/tr>\n<tr>\n<td valign=\"top\">Pr\u0119dko\u015b\u0107 maksymalna<\/td>\n<td valign=\"top\">260 km\/h<\/td>\n<\/tr>\n<p><!--\n\n\n<tr>\n\n\n<td valign=\"top\">Przyspieszenie 0 - 100 km\/h<\/td>\n\n\n\n\n<td valign=\"top\">3.3 s<\/td>\n\n\n<\/tr>\n\n\n--><\/p>\n<tr>\n<td valign=\"top\">Stos. mocy do masy<\/td>\n<td valign=\"top\">0.6875 KM\/kg<\/td>\n<\/tr>\n<p><!--\n\n\n<tr>\n\n\n<td valign=\"top\">\u015arednie zu\u017cycie paliwa<\/td>\n\n\n\n\n<td valign=\"top\">5.5 - 6.5 l \/ 100 km<\/td>\n\n\n<\/tr>\n\n\n--><\/tbody>\n<\/table>\n","protected":false},"excerpt":{"rendered":"<p>DANE TECHNICZNE OG\u00d3LNE Model Yamaha FZS 1000 Fazer EXUP &#8216;2001 Kategoria Naked bike SILNIK Typ 4-ro suw Uk\u0142ad 4-ro cylindrowy, rz\u0119dowy Pojemno\u015b\u0107 skokowa 998 ccm \u015arednica x skok t\u0142oka 74.0 x 58.0 mm Rozrz\u0105d&#46;&#46;&#46;<\/p>\n","protected":false},"author":1,"featured_media":8437,"parent":7271,"menu_order":2,"comment_status":"closed","ping_status":"closed","template":"","meta":{"_monsterinsights_skip_tracking":false,"_monsterinsights_sitenote_active":false,"_monsterinsights_sitenote_note":"","_monsterinsights_sitenote_category":0,"ngg_post_thumbnail":0,"jetpack_post_was_ever_published":false,"footnotes":""},"categories":[22,53],"tags":[100,60,24,61],"class_list":["post-7511","page","type-page","status-publish","has-post-thumbnail","hentry","category-motorcycles","category-fzs-1000","tag-specs","tag-fzs-1000-fazer","tag-motorcycles","tag-yamaha"],"jetpack_sharing_enabled":true,"jetpack_shortlink":"https:\/\/wp.me\/P7M8NW-1X9","_links":{"self":[{"href":"https:\/\/hayabusa.eu.org\/en\/wp-json\/wp\/v2\/pages\/7511","targetHints":{"allow":["GET"]}}],"collection":[{"href":"https:\/\/hayabusa.eu.org\/en\/wp-json\/wp\/v2\/pages"}],"about":[{"href":"https:\/\/hayabusa.eu.org\/en\/wp-json\/wp\/v2\/types\/page"}],"author":[{"embeddable":true,"href":"https:\/\/hayabusa.eu.org\/en\/wp-json\/wp\/v2\/users\/1"}],"replies":[{"embeddable":true,"href":"https:\/\/hayabusa.eu.org\/en\/wp-json\/wp\/v2\/comments?post=7511"}],"version-history":[{"count":3,"href":"https:\/\/hayabusa.eu.org\/en\/wp-json\/wp\/v2\/pages\/7511\/revisions"}],"predecessor-version":[{"id":8436,"href":"https:\/\/hayabusa.eu.org\/en\/wp-json\/wp\/v2\/pages\/7511\/revisions\/8436"}],"up":[{"embeddable":true,"href":"https:\/\/hayabusa.eu.org\/en\/wp-json\/wp\/v2\/pages\/7271"}],"wp:featuredmedia":[{"embeddable":true,"href":"https:\/\/hayabusa.eu.org\/en\/wp-json\/wp\/v2\/media\/8437"}],"wp:attachment":[{"href":"https:\/\/hayabusa.eu.org\/en\/wp-json\/wp\/v2\/media?parent=7511"}],"wp:term":[{"taxonomy":"category","embeddable":true,"href":"https:\/\/hayabusa.eu.org\/en\/wp-json\/wp\/v2\/categories?post=7511"},{"taxonomy":"post_tag","embeddable":true,"href":"https:\/\/hayabusa.eu.org\/en\/wp-json\/wp\/v2\/tags?post=7511"}],"curies":[{"name":"wp","href":"https:\/\/api.w.org\/{rel}","templated":true}]}}