{"id":7972,"date":"2010-01-11T21:26:22","date_gmt":"2010-01-11T20:26:22","guid":{"rendered":"http:\/\/dev.hayabusa.eu.org\/?page_id=7972"},"modified":"2016-08-06T18:09:06","modified_gmt":"2016-08-06T16:09:06","slug":"hayabusa-troche-historii","status":"publish","type":"page","link":"https:\/\/hayabusa.eu.org\/en\/motocykle\/hayabusa-troche-historii\/","title":{"rendered":"Hayabusa &#8211; troch\u0119 historii"},"content":{"rendered":"<p><b>Suzuki GSX 1300R Hayabusa<\/b> &#8211; tak brzmi pe\u0142na nazwa motocykla, kt\u00f3ry sta\u0142 si\u0119 legend\u0105 praktycznie ju\u017c w chwili powstania. Kupuj\u0105c ten motocykl musisz by\u0107 got\u00f3w aby z t\u0105 legend\u0105 si\u0119 zmierzy\u0107. Nie mo\u017cesz liczy\u0107 na pob\u0142a\u017canie gdy odkr\u0119cisz manetk\u0119! Nie min\u0105 <b>3 sekundy<\/b> jak na pr\u0119dko\u015bciomierzu poka\u017ce si\u0119 pierwsza setka i je\u015bli nie zapomnisz z wra\u017cenia zmieni\u0107 biegu to za kolejne <b>4-5 sekund<\/b> pojawi si\u0119 druga i nawet tego nie poczujesz. To nie jest motocykl, kt\u00f3ry kupuj\u0105 ch\u0142opcy, \u017ceby si\u0119 polansowa\u0107 pod kolumn\u0105 i\/lub wprawi\u0107 w zachwyt piszcz\u0105ce nastolatki &#8211; serio, Yamaha R1 \u0142atwiej idzie na ko\u0142o. Do Hayabusy trzeba dorosn\u0105\u0107.<\/p>\n<p>Jak kupi\u0142em Hayabus\u0119 to by\u0142a zima. Nie mog\u0142em po prostu wsi\u0105\u015b\u0107 i gdzie\u015b pojecha\u0107, postanowi\u0142em zatem, \u017ce poszukam troch\u0119 po sieci i napisz\u0119 o jej historii. Znalaz\u0142em fajn\u0105 stron\u0119, gdzie jest sporo ciekawych rzeczy o tym motocyklu. Jest to nieoficjalna strona <a href=\"http:\/\/www.hyp4r.com\/hayabusa\/hayabusa.htm\" target=\"_blank\">Suzuki Hayabusa Resource<\/a>, przet\u0142umacz\u0119 i przytocz\u0119 tutaj kilka jej fragment\u00f3w.<br \/>\nPodobnie jak angloj\u0119zyczny kolega zaznaczam, \u017ce nie gwarantuj\u0119 poprawno\u015bci tych informacji. S\u0105 na tyle dobre na ile to tylko mo\u017cliwe, nie s\u0105 to informacje oficjalne, nie mam nic wsp\u00f3lnego z firm\u0105 Suzuki, poza posiadaniem Hayabusy \ud83d\ude42 Jestem tylko u\u017cytkownikiem, kt\u00f3ry uwa\u017ca, \u017ce warto wiedzie\u0107 troch\u0119 o historii tego motocykla i podzieli\u0107 si\u0119 tym z innymi.<\/p>\n<p><b>Hayabusa<\/b> to po Japo\u0144sku po prostu &#8220;<b>Sok\u00f3\u0142 W\u0119drowny<\/b>&#8221; (ang. Peregrine Falcon). Jest to jedno z nielicznych zwierz\u0105t, kt\u00f3re potrafi osi\u0105gn\u0105\u0107 pr\u0119dko\u015b\u0107 <b>300 km\/h<\/b> (w locie nurkuj\u0105cym). Wg autora przywo\u0142anej strony projektant wpad\u0142 na pomys\u0142 tej nazwy gdy spacerowa\u0142 po pla\u017cy i zobaczy\u0142 tego ptaka. Schemat kolor\u00f3w z\u0142oty\/br\u0105z i srebrny jest podobny do tego jak wygl\u0105da sam Sok\u00f3\u0142. Wierzcie lub nie, ale m\u00f3wi si\u0119, \u017ce <b>Sok\u00f3\u0142 W\u0119drowny cz\u0119sto poluje na Kosy (Blackbirds)<\/b>, co w spos\u00f3b oczywisty mia\u0142o spore znaczenie marketingowe, gdy\u017c Honda CBR-1100 XX <b>Blackbird<\/b> by\u0142a i jest bezpo\u015brednim konkurentem <b>Hayabusy<\/b>. Sam autor wspomnianej strony pocz\u0105tkowo my\u015bla\u0142, \u017ce to tylko sztuczka PR, ale po jakim\u015b czasie zamie\u015bci\u0142 aktualizacj\u0119, \u017ce informacja o tym, \u017ce Sok\u00f3\u0142 W\u0119drowny poluje na Kosa jest potwierdzona.<br \/>\nDalsze poszukiwania dostarczy\u0142y informacji, \u017ce <b>Japo\u0144ski Bardzo Szybki Poci\u0105g<\/b>, kt\u00f3ry porusza si\u0119 z podobn\u0105 pr\u0119dko\u015bci\u0105 tak\u017ce nazywany jest <b>Hayabusa<\/b>.<br \/>\nAutor otrzyma\u0142 tak\u017ce informacje, \u017ce okre\u015blenie <b>Hayabusa<\/b> by\u0142o tak\u017ce u\u017cywane do nazywania japo\u0144skiego samolotu bior\u0105cego udzia\u0142 w II Wojnie \u015awiatowej. By\u0142 to samolot oznaczony symbolem <b>KI-43<\/b>, zbudowany przez konglomeracj\u0119 Nakajima i zosta\u0142 sklasyfikowany jako my\u015bliwiec. Prawdopodobnie by\u0142o to pierwsze u\u017cycie nazwy ptaka dla samolotu.<br \/>\n<b>Hayabusa<\/b> jest tak\u017ce nazw\u0105 japo\u0144skiej <b>sondy kosmicznej<\/b>. Wystrzelona zosta\u0142a w 2003 roku przez <b><a href=\"http:\/\/www.jaxa.jp\/index_e.html\" target=\"_blank\">JAXA<\/a><\/b> i jej podstawowym zadaniem by\u0142o zl\u0105dowa\u0107 na asteroidzie Itokawa, zebra\u0107 pr\u00f3bki i wr\u00f3ci\u0107 na Ziemi\u0119 w 2007 roku gdzie\u015b w Australii. Zajrza\u0142em na stron\u0119 <a href=\"http:\/\/www.isas.jaxa.jp\/e\/enterp\/missions\/hayabusa\/index.shtml\" target=\"_blank\">Japo\u0144skiej Agencji Eksploracji Przestrzeni Kosmicznej (JAXA) dotycz\u0105cej projektu Hayabusa<\/a> i mog\u0119 uzupe\u0142ni\u0107, \u017ce we wrze\u015bniu 2005 r. sonda dotar\u0142a w okolice <b>asteroidu Itokawa, jakie\u015b 300 milion\u00f3w kilometr\u00f3w od Ziemii<\/b> i w listopadzie tego\u017c roku pomy\u015blnie tam wyl\u0105dowa\u0142a. W kwietniu 2007 r. rozpocz\u0119\u0142a operacj\u0119 powrotu na Ziemi\u0119. <a href=\"http:\/\/hayabusa.sci.isas.jaxa.jp\/index.php\" target=\"_blank\">Dalsze szperanie<\/a> wykaza\u0142o, \u017ce podr\u00f3\u017c na Ziemi\u0119 ma by\u0107 zako\u0144czona w 2010 roku.<\/p>\n<p>Pierwsze pog\u0142oski o istnieniu Hayabusy pojawi\u0142y si\u0119 w 1998 roku. Premiera nast\u0105pi\u0142a jednak dopiero w <b>kwietniu 1999 r.<\/b> na torze <b>Catalunia w Hiszpanii<\/b>. Do\u0142\u0105czy\u0142a do listy motocykli \u0142ami\u0105cych bariery pr\u0119dko\u015bci na lata. Fakt jest taki, \u017ce by\u0142 to <b>pierwszy seryjnie produkowany motocykl \u0142ami\u0105cy barier\u0119 300 km\/h<\/b>.<br \/>\nBezpo\u015brednimi konkurentami Hayabusy w czasie jej premiery (1999 rok) by\u0142y takie motocykle jak: <b>Kawasaki ZZR-1100 (ZX-11) p\u00f3\u017aniej ZX-12R, Honda CBR-1100XX Blackbird, BMW K1200.<\/b><br \/>\nHayabusa jest sklasyfikowana jako sportowy turystyk, a nie jako motocykl sportowy typu Honda Fireblade, Yamaha R1 i podobne. Suzuki jednak promowa\u0142o j\u0105 jako <i>Ultimate Sports Machine<\/i>.<br \/>\nWarto te\u017c odnotowa\u0107, \u017ce premiera Kawasaki ZX-12R by\u0142a planowana na ko\u0144c\u00f3wk\u0119 1999 roku, ale zosta\u0142a op\u00f3\u017aniona ze wzgl\u0119du na jakie\u015b problemy mechaniczne, kt\u00f3re wysz\u0142y w ostatniej chwili. Historia jednak pokazuje, \u017ce i tak nie pobi\u0142a by Hayabusy tak jak by\u0142o to w zamy\u015ble niekt\u00f3rych.<\/p>\n<p><b>Symbol (Kanji) Hayabusa<\/b>. Czyli co w\u0142a\u015bciwie Japo\u0144ce namalowali nam na owiewce \ud83d\ude09<br \/>\nAutor wspomnianej ju\u017c wcze\u015bniej strony napisa\u0142, \u017ce wed\u0142ug jego japo\u0144skiego znajomego symbol ten mo\u017cna odczyta\u0107 jako &#8216;hayato&#8217; lub &#8216;hayabusa&#8217;. Niezale\u017cnie od wymowy, symbol ten ma znaczenie zbli\u017cone do <b><i>&#8216;silny i szybki&#8217;<\/i><\/b>. Dalsza korespondencja z Nomadem (UH) uszczeg\u00f3\u0142owi\u0142a, \u017ce symbol ten nie reprezentuje &#8216;hayato&#8217;, kt\u00f3re oznacza tytu\u0142 osoby duchownej. Co wi\u0119cej &#8216;hayato&#8217; sk\u0142ada si\u0119 z 2 znak\u00f3w. Skutkiem tego wymowa tego symbolu jest &#8216;jun&#8217; lub &#8216;hayabusa&#8217;. Symbol ten definitywnie oznacza wi\u0119c &#8216;hayabusa&#8217;.<br \/>\nNiejaki <i>Greg Pringle<\/i> stworzy\u0142 do\u015b\u0107 szczeg\u00f3\u0142ow\u0105 stron\u0119 o naszym pierzastym imienniku: <a href=\"http:\/\/www.cjvlang.com\/Birds\/falconidae.html\" target=\"_blank\">http:\/\/www.cjvlang.com\/Birds\/falconidae.html<\/a>. Dzi\u0119ki mu za to \ud83d\ude42<\/p>\n","protected":false},"excerpt":{"rendered":"<p>Suzuki GSX 1300R Hayabusa &#8211; tak brzmi pe\u0142na nazwa motocykla, kt\u00f3ry sta\u0142 si\u0119 legend\u0105 praktycznie ju\u017c w chwili powstania. Kupuj\u0105c ten motocykl musisz by\u0107 got\u00f3w aby z t\u0105 legend\u0105 si\u0119 zmierzy\u0107. Nie mo\u017cesz liczy\u0107&#46;&#46;&#46;<\/p>\n","protected":false},"author":1,"featured_media":8160,"parent":7271,"menu_order":-5,"comment_status":"closed","ping_status":"closed","template":"","meta":{"_monsterinsights_skip_tracking":false,"_monsterinsights_sitenote_active":false,"_monsterinsights_sitenote_note":"","_monsterinsights_sitenote_category":0,"ngg_post_thumbnail":0,"jetpack_post_was_ever_published":false,"footnotes":""},"categories":[22,23],"tags":[3,24,25],"class_list":["post-7972","page","type-page","status-publish","has-post-thumbnail","hentry","category-motorcycles","category-hayabusa","tag-hayabusa","tag-motorcycles","tag-suzuki"],"jetpack_sharing_enabled":true,"jetpack_shortlink":"https:\/\/wp.me\/P7M8NW-24A","_links":{"self":[{"href":"https:\/\/hayabusa.eu.org\/en\/wp-json\/wp\/v2\/pages\/7972","targetHints":{"allow":["GET"]}}],"collection":[{"href":"https:\/\/hayabusa.eu.org\/en\/wp-json\/wp\/v2\/pages"}],"about":[{"href":"https:\/\/hayabusa.eu.org\/en\/wp-json\/wp\/v2\/types\/page"}],"author":[{"embeddable":true,"href":"https:\/\/hayabusa.eu.org\/en\/wp-json\/wp\/v2\/users\/1"}],"replies":[{"embeddable":true,"href":"https:\/\/hayabusa.eu.org\/en\/wp-json\/wp\/v2\/comments?post=7972"}],"version-history":[{"count":3,"href":"https:\/\/hayabusa.eu.org\/en\/wp-json\/wp\/v2\/pages\/7972\/revisions"}],"predecessor-version":[{"id":8535,"href":"https:\/\/hayabusa.eu.org\/en\/wp-json\/wp\/v2\/pages\/7972\/revisions\/8535"}],"up":[{"embeddable":true,"href":"https:\/\/hayabusa.eu.org\/en\/wp-json\/wp\/v2\/pages\/7271"}],"wp:featuredmedia":[{"embeddable":true,"href":"https:\/\/hayabusa.eu.org\/en\/wp-json\/wp\/v2\/media\/8160"}],"wp:attachment":[{"href":"https:\/\/hayabusa.eu.org\/en\/wp-json\/wp\/v2\/media?parent=7972"}],"wp:term":[{"taxonomy":"category","embeddable":true,"href":"https:\/\/hayabusa.eu.org\/en\/wp-json\/wp\/v2\/categories?post=7972"},{"taxonomy":"post_tag","embeddable":true,"href":"https:\/\/hayabusa.eu.org\/en\/wp-json\/wp\/v2\/tags?post=7972"}],"curies":[{"name":"wp","href":"https:\/\/api.w.org\/{rel}","templated":true}]}}