{"id":7985,"date":"2009-03-11T21:47:28","date_gmt":"2009-03-11T20:47:28","guid":{"rendered":"http:\/\/dev.hayabusa.eu.org\/?page_id=7985"},"modified":"2016-08-03T20:07:34","modified_gmt":"2016-08-03T18:07:34","slug":"suzuki-gsx-1300r-hayabusa-gen-1-dane-techniczne","status":"publish","type":"page","link":"https:\/\/hayabusa.eu.org\/en\/motocykle\/suzuki-gsx-1300r-hayabusa-gen-1-dane-techniczne\/","title":{"rendered":"Suzuki GSX 1300R Hayabusa gen. 1 &#8211; dane techniczne"},"content":{"rendered":"<p style=\"text-align: center;\"><b>DANE TECHNICZNE<\/b><\/p>\n<table border=\"0\" cellpadding=\"2\" cellspacing=\"0\">\n<tbody>\n<tr>\n<td witdh=\"200\" class=\"menutitle\" colspan=\"2\"><b>OG\u00d3LNE<\/b><\/td>\n<\/tr>\n<tr>\n<td valign=\"top\">Model<\/td>\n<td valign=\"top\">Suzuki GSX 1300R &#8216;2004<\/td>\n<\/tr>\n<tr>\n<td valign=\"top\">Kategoria<\/td>\n<td valign=\"top\">Sport tourist<\/td>\n<\/tr>\n<tr>\n<td class=\"menutitle\" colspan=\"2\"><b>SILNIK<\/b><\/td>\n<\/tr>\n<tr>\n<td valign=\"top\">Typ<\/td>\n<td valign=\"top\">4-ro suw<\/td>\n<\/tr>\n<tr>\n<td valign=\"top\">Uk\u0142ad<\/td>\n<td valign=\"top\">4-ro cylindrowy, rz\u0119dowy<\/td>\n<\/tr>\n<tr>\n<td valign=\"top\">Pojemno\u015b\u0107 skokowa<\/td>\n<td valign=\"top\">1299 ccm<\/td>\n<\/tr>\n<tr>\n<td valign=\"top\">\u015arednica x skok t\u0142oka<\/td>\n<td valign=\"top\">81.0 x 63.0 mm<\/td>\n<\/tr>\n<tr>\n<td valign=\"top\">Rozrz\u0105d<\/td>\n<td valign=\"top\">DOHC 4 zawory\/cylinder<\/td>\n<\/tr>\n<tr>\n<td valign=\"top\">Maksymalna moc<\/td>\n<td valign=\"top\">175.00 KM (127.7 kW) przy 9800 obr\/min<\/td>\n<\/tr>\n<tr>\n<td valign=\"top\">Maksymalny moment obrotowy<\/td>\n<td valign=\"top\">138.20 Nm (101.9 ft.lbs) przy 7000 obr\/min<\/td>\n<\/tr>\n<tr>\n<td valign=\"top\">Stopie\u0144 kompresji<\/td>\n<td valign=\"top\">11.0:1<\/td>\n<\/tr>\n<tr>\n<td valign=\"top\">Zasilanie<\/td>\n<td valign=\"top\">Elektroniczny wtrysk paliwa<\/td>\n<\/tr>\n<tr>\n<td valign=\"top\">Starter<\/td>\n<td valign=\"top\">Elektryczny<\/td>\n<\/tr>\n<tr>\n<td valign=\"top\">System ch\u0142odzenia<\/td>\n<td valign=\"top\">Ciecz<\/td>\n<\/tr>\n<tr>\n<td class=\"menutitle\" colspan=\"2\"><b>PRZENIESIENIE NAP\u0118DU<\/b><\/td>\n<\/tr>\n<tr>\n<td valign=\"top\">Skrzynia bieg\u00f3w<\/td>\n<td valign=\"top\">6-cio stopniowa<\/td>\n<\/tr>\n<tr>\n<td valign=\"top\">Sprz\u0119g\u0142o<\/td>\n<td valign=\"top\">wielotarczowe, mokre<\/td>\n<\/tr>\n<tr>\n<td valign=\"top\">Nap\u0119d tylnego ko\u0142a<\/td>\n<td valign=\"top\">\u0142a\u0144cuch<\/td>\n<\/tr>\n<p><!-- \n      \n\n<tr>\n        \n\n<td class=\"menutitle\" colspan=\"2\"><b>PODWOZIE<\/b><\/td>\n\n\n      <\/tr>\n\n\n      \n\n<tr>\n        \n\n<td valign=\"top\">Rama<\/td>\n\n\n        \n\n<td valign=\"top\">podw\u00f3jna, stalowa, ko\u0142yskowa<\/td>\n\n\n      <\/tr>\n\n\n      \n\n<tr>\n        \n\n<td valign=\"top\">K\u0105t g\u0142\u00f3wki ramy<\/td>\n\n\n        \n\n<td valign=\"top\">66 stopni<\/td>\n\n\n      <\/tr>\n\n\n      \n\n<tr>\n        \n\n<td valign=\"top\">Wyprzedzenie<\/td>\n\n\n        \n\n<td valign=\"top\">88 mm<\/td>\n\n\n      <\/tr>\n\n\n--><\/p>\n<tr>\n<td class=\"menutitle\" colspan=\"2\"><b>ZAWIESZENIE<\/b><\/td>\n<\/tr>\n<tr>\n<td valign=\"top\">Przednie zawieszenie<\/td>\n<td valign=\"top\">widelec teleskopowy upside-down, pe\u0142na regulacja (nap. wst\u0119pne, dobicie, odbicie)<\/td>\n<\/tr>\n<tr>\n<td valign=\"top\">Tylne zawieszenie<\/td>\n<td valign=\"top\">wahacz stalowy, amortyzator gazowo-olejowy, pe\u0142na regulacja (nap. wst\u0119pne, dobicie, odbicie)<\/td>\n<\/tr>\n<tr>\n<td class=\"menutitle\" colspan=\"2\"><b>HAMULCE<\/b><\/td>\n<\/tr>\n<tr>\n<td valign=\"top\">Przedni hamulec<\/td>\n<td valign=\"top\">podw\u00f3jna tarcza, 320mm, 6 t\u0142oczkowe zaciski<\/td>\n<\/tr>\n<tr>\n<td valign=\"top\">Tylny hamulec<\/td>\n<td valign=\"top\">pojedyncza tarcza, 240mm, 4 t\u0142oczkowy zacisk<\/td>\n<\/tr>\n<tr>\n<td class=\"menutitle\" colspan=\"2\"><b>OGUMIENIE<\/b><\/td>\n<\/tr>\n<tr>\n<td valign=\"top\">Przednia opona<\/td>\n<td valign=\"top\">120\/70 ZR17<\/td>\n<\/tr>\n<tr>\n<td valign=\"top\">Tylna opona<\/td>\n<td valign=\"top\">190\/50 ZR17<\/td>\n<\/tr>\n<tr>\n<td class=\"menutitle\" colspan=\"2\"><b>WYMIARY<\/b><\/td>\n<\/tr>\n<tr>\n<td valign=\"top\">D\u0142ugo\u015b\u0107<\/td>\n<td valign=\"top\">2140 mm<\/td>\n<\/tr>\n<tr>\n<td valign=\"top\">Szeroko\u015b\u0107<\/td>\n<td valign=\"top\">740mm<\/td>\n<\/tr>\n<tr>\n<td valign=\"top\">Wysoko\u015b\u0107<\/td>\n<td valign=\"top\">1155 mm<\/td>\n<\/tr>\n<tr>\n<td valign=\"top\">Wysoko\u015b\u0107 siedzenia<\/td>\n<td valign=\"top\">805 mm<\/td>\n<\/tr>\n<tr>\n<td valign=\"top\">Rozstaw osi<\/td>\n<td valign=\"top\">1485 mm<\/td>\n<\/tr>\n<tr>\n<td valign=\"top\">Pojemno\u015b\u0107 zbiornika paliwa<\/td>\n<td valign=\"top\">22 l<\/td>\n<\/tr>\n<tr>\n<td valign=\"top\">Masa sucha<\/td>\n<td valign=\"top\">217 kg<\/td>\n<\/tr>\n<p><!--\n      \n\n<tr>\n        \n\n<td valign=\"top\">Masa poj. gotowego do jazdy<\/td>\n\n\n        \n\n<td valign=\"top\">231 kg<\/td>\n\n\n      <\/tr>\n\n\n--><\/p>\n<tr>\n<td class=\"menutitle\" colspan=\"2\"><b>OSI\u0104GI<\/b><\/td>\n<\/tr>\n<tr>\n<td valign=\"top\">Pr\u0119dko\u015b\u0107 maksymalna<\/td>\n<td valign=\"top\">306 km\/h<\/td>\n<\/tr>\n<tr>\n<td valign=\"top\">Przyspieszenie 0 &#8211; 100 km\/h<\/td>\n<td valign=\"top\">< 3 s<\/td>\n<\/tr>\n<tr>\n<td valign=\"top\">Stosunek mocy do masy<\/td>\n<td valign=\"top\">0.8065 KM\/kg<\/td>\n<\/tr>\n<p><!--\n      \n\n<tr>\n        \n\n<td valign=\"top\">\u015arednie zu\u017cycie paliwa<\/td>\n\n\n        \n\n<td valign=\"top\">7 l \/ 100 km<\/td>\n\n\n      <\/tr>\n\n \n--><br \/>\n    <\/tbody>\n<\/table>\n<p style=\"font-style: italic\">\u0179r\u00f3d\u0142o: <a href=\"http:\/\/www.bikez.com\/motorcycles\/suzuki_gsx_1300_r_hayabusa_2004.php\" target=\"_blank\">http:\/\/www.bikez.com\/<\/a>, <a href=\"http:\/\/www.motorcyclespecs.co.za\/model\/suzu\/suzuki_gsxr1300r%2003.htm\" target=\"_blank\">http:\/\/www.motorcyclespecs.co.za\/<\/a> oraz <a href=\"http:\/\/www.hyp4r.com\/hayabusa\/hayabusa.htm\" target=\"_blank\">http:\/\/www.hyp4r.com\/hayabusa\/<\/a><\/p>\n","protected":false},"excerpt":{"rendered":"<p>DANE TECHNICZNE OG\u00d3LNE Model Suzuki GSX 1300R &#8216;2004 Kategoria Sport tourist SILNIK Typ 4-ro suw Uk\u0142ad 4-ro cylindrowy, rz\u0119dowy Pojemno\u015b\u0107 skokowa 1299 ccm \u015arednica x skok t\u0142oka 81.0 x 63.0 mm Rozrz\u0105d DOHC 4&#46;&#46;&#46;<\/p>\n","protected":false},"author":1,"featured_media":7899,"parent":7271,"menu_order":0,"comment_status":"closed","ping_status":"closed","template":"","meta":{"_monsterinsights_skip_tracking":false,"_monsterinsights_sitenote_active":false,"_monsterinsights_sitenote_note":"","_monsterinsights_sitenote_category":0,"ngg_post_thumbnail":0,"jetpack_post_was_ever_published":false,"footnotes":""},"categories":[22,23],"tags":[100,3,24,25],"class_list":["post-7985","page","type-page","status-publish","has-post-thumbnail","hentry","category-motorcycles","category-hayabusa","tag-specs","tag-hayabusa","tag-motorcycles","tag-suzuki"],"jetpack_sharing_enabled":true,"jetpack_shortlink":"https:\/\/wp.me\/P7M8NW-24N","_links":{"self":[{"href":"https:\/\/hayabusa.eu.org\/en\/wp-json\/wp\/v2\/pages\/7985","targetHints":{"allow":["GET"]}}],"collection":[{"href":"https:\/\/hayabusa.eu.org\/en\/wp-json\/wp\/v2\/pages"}],"about":[{"href":"https:\/\/hayabusa.eu.org\/en\/wp-json\/wp\/v2\/types\/page"}],"author":[{"embeddable":true,"href":"https:\/\/hayabusa.eu.org\/en\/wp-json\/wp\/v2\/users\/1"}],"replies":[{"embeddable":true,"href":"https:\/\/hayabusa.eu.org\/en\/wp-json\/wp\/v2\/comments?post=7985"}],"version-history":[{"count":1,"href":"https:\/\/hayabusa.eu.org\/en\/wp-json\/wp\/v2\/pages\/7985\/revisions"}],"predecessor-version":[{"id":7986,"href":"https:\/\/hayabusa.eu.org\/en\/wp-json\/wp\/v2\/pages\/7985\/revisions\/7986"}],"up":[{"embeddable":true,"href":"https:\/\/hayabusa.eu.org\/en\/wp-json\/wp\/v2\/pages\/7271"}],"wp:featuredmedia":[{"embeddable":true,"href":"https:\/\/hayabusa.eu.org\/en\/wp-json\/wp\/v2\/media\/7899"}],"wp:attachment":[{"href":"https:\/\/hayabusa.eu.org\/en\/wp-json\/wp\/v2\/media?parent=7985"}],"wp:term":[{"taxonomy":"category","embeddable":true,"href":"https:\/\/hayabusa.eu.org\/en\/wp-json\/wp\/v2\/categories?post=7985"},{"taxonomy":"post_tag","embeddable":true,"href":"https:\/\/hayabusa.eu.org\/en\/wp-json\/wp\/v2\/tags?post=7985"}],"curies":[{"name":"wp","href":"https:\/\/api.w.org\/{rel}","templated":true}]}}