{"id":8014,"date":"2009-11-24T16:44:30","date_gmt":"2009-11-24T15:44:30","guid":{"rendered":"http:\/\/dev.hayabusa.eu.org\/?page_id=8014"},"modified":"2016-08-03T22:21:57","modified_gmt":"2016-08-03T20:21:57","slug":"fzs-600-fazer-podsumowanie","status":"publish","type":"page","link":"https:\/\/hayabusa.eu.org\/en\/motocykle\/fzs-600-fazer-podsumowanie\/","title":{"rendered":"FZS-600 Fazer &#8211; podsumowanie"},"content":{"rendered":"<p>Powinienem by\u0142 takie podsumowanie napisa\u0107 ju\u017c dawno, bo w tej chwili jestem troch\u0119 spaczony jazd\u0105 na innych, w wi\u0119kszo\u015bci przypadk\u00f3w mocniejszych i szybszych motocyklach. Ale nie ma tego z\u0142ego co by na dobre nie wysz\u0142o, mam troch\u0119 wi\u0119cej do\u015bwiadczenia i jakie\u015b por\u00f3wnanie przynajmniej, a &#8220;Ma\u0142ego Fazera&#8221; zawsze b\u0119d\u0119 wspomina\u0142 z sympati\u0105. Przeje\u017adzi\u0142em na nim dwa sezony i zrobi\u0142em blisko 40 tys. km. Je\u017adzi\u0142em nim do pracy, do Szczyrku na winkle, po S\u0142owacji i W\u0119grzech, sam i z plecaczkami. By\u0142em te\u017c ob\u0142adowany kufrem i rolbagiem na urlopie w Czarnog\u00f3rze (2006) i w Bu\u0142garii (2007). Fazer \u015bwietnie si\u0119 spisywa\u0142 w ka\u017cdej z tych r\u00f3l, wymienia\u0142em olej, nap\u0119d, filtry, la\u0142em paliwo i je\u017adzi\u0142em. Nigdy nie odmawia\u0142 pos\u0142usze\u0144stwa \ud83d\ude42<\/p>\n<p><a href=\"https:\/\/i0.wp.com\/hayabusa.eu.org\/wp-content\/uploads\/2016\/04\/FZS-600.jpg\" data-rel=\"lightbox-image-0\" data-rl_title=\"\" data-rl_caption=\"\" title=\"\"><img data-recalc-dims=\"1\" loading=\"lazy\" decoding=\"async\" data-attachment-id=\"8015\" data-permalink=\"https:\/\/hayabusa.eu.org\/en\/motocykle\/fzs-600-fazer-podsumowanie\/fzs-600\/\" data-orig-file=\"https:\/\/i0.wp.com\/hayabusa.eu.org\/wp-content\/uploads\/2016\/04\/FZS-600.jpg?fit=1024%2C682&amp;ssl=1\" data-orig-size=\"1024,682\" data-comments-opened=\"1\" data-image-meta=\"{&quot;aperture&quot;:&quot;4.5&quot;,&quot;credit&quot;:&quot;&quot;,&quot;camera&quot;:&quot;Canon EOS DIGITAL REBEL&quot;,&quot;caption&quot;:&quot;&quot;,&quot;created_timestamp&quot;:&quot;1182005939&quot;,&quot;copyright&quot;:&quot;&quot;,&quot;focal_length&quot;:&quot;54&quot;,&quot;iso&quot;:&quot;400&quot;,&quot;shutter_speed&quot;:&quot;0.003125&quot;,&quot;title&quot;:&quot;&quot;,&quot;orientation&quot;:&quot;1&quot;}\" data-image-title=\"FZS-600\" data-image-description=\"&lt;p&gt;Fugazowy Fazer&lt;\/p&gt;\n\" data-image-caption=\"\" data-medium-file=\"https:\/\/i0.wp.com\/hayabusa.eu.org\/wp-content\/uploads\/2016\/04\/FZS-600.jpg?fit=300%2C200&amp;ssl=1\" data-large-file=\"https:\/\/i0.wp.com\/hayabusa.eu.org\/wp-content\/uploads\/2016\/04\/FZS-600.jpg?fit=1024%2C682&amp;ssl=1\" class=\"aligncenter size-large wp-image-8015\" src=\"https:\/\/i0.wp.com\/hayabusa.eu.org\/wp-content\/uploads\/2016\/04\/FZS-600-1024x682.jpg?resize=720%2C480\" alt=\"FZS-600 Fazer\" width=\"720\" height=\"480\" srcset=\"https:\/\/i0.wp.com\/hayabusa.eu.org\/wp-content\/uploads\/2016\/04\/FZS-600.jpg?w=1024&amp;ssl=1 1024w, https:\/\/i0.wp.com\/hayabusa.eu.org\/wp-content\/uploads\/2016\/04\/FZS-600.jpg?resize=300%2C200&amp;ssl=1 300w, https:\/\/i0.wp.com\/hayabusa.eu.org\/wp-content\/uploads\/2016\/04\/FZS-600.jpg?resize=768%2C512&amp;ssl=1 768w\" sizes=\"auto, (max-width: 720px) 100vw, 720px\" \/><\/a><\/p>\n<p>Na pocz\u0105tku 2007 roku m\u00f3j Fazerek przeszed\u0142 tuning w <a href=\"http:\/\/www.szajba.eu.org\/\" target=\"_blank\">Szajba&#8217;s Garage<\/a>, co dodatkowo podnios\u0142o jego walory wizualne i u\u017cytkowe. Uwa\u017cam, \u017ce jest to \u015bwietny motocykl, kt\u00f3ry warto kupi\u0107 jako drugi, gdy ju\u017c nieco opanuje si\u0119 technik\u0119 jazdy na s\u0142abszym sprz\u0119cie. Bo Fazer jest grzeczny gdy si\u0119 go nie wkr\u0119ci na obroty, ale jak wskaz\u00f3wka obrotomierza przekroczy 8 tys. to budz\u0105 si\u0119 w nim te u\u015bpione rz\u0119dy koni mechanicznych i niewprawnemu je\u017ad\u017acowi mo\u017ce zrobi\u0107 krzywd\u0119.<\/p>\n<p>Je\u015bli chodzi o walory u\u017cytkowe, to szyba spe\u0142nia swoje zadanie, nawet ta sportowa, kt\u00f3r\u0105 mia\u0142em \u0142adnie odchyla\u0142a strumie\u0144 powietrza, a w razie czego mo\u017cna sobie sprawi\u0107 turystyczn\u0105 i w og\u00f3le jest luksus. Bez problemu te\u017c znajdziecie stela\u017ce pod kufry, czy inne wyposa\u017cenie turystyczne w rozs\u0105dnych cenach. A Fazer da Wam na pewno du\u017c\u0105 frajd\u0119 z jazdy, a specyficzny d\u017awi\u0119k, jak ja to m\u00f3wi\u0142em &#8216;turbinki&#8217; b\u0119dziecie pami\u0119ta\u0107 jeszcze d\u0142ugo po tym jak go sprzedacie \ud83d\ude09<\/p>\n","protected":false},"excerpt":{"rendered":"<p>Powinienem by\u0142 takie podsumowanie napisa\u0107 ju\u017c dawno, bo w tej chwili jestem troch\u0119 spaczony jazd\u0105 na innych, w wi\u0119kszo\u015bci przypadk\u00f3w mocniejszych i szybszych motocyklach. Ale nie ma tego z\u0142ego co by na dobre nie&#46;&#46;&#46;<\/p>\n","protected":false},"author":1,"featured_media":8015,"parent":7271,"menu_order":0,"comment_status":"closed","ping_status":"closed","template":"","meta":{"_monsterinsights_skip_tracking":false,"_monsterinsights_sitenote_active":false,"_monsterinsights_sitenote_note":"","_monsterinsights_sitenote_category":0,"ngg_post_thumbnail":0,"jetpack_post_was_ever_published":false,"footnotes":""},"categories":[22,52],"tags":[40,24,102,61],"class_list":["post-8014","page","type-page","status-publish","has-post-thumbnail","hentry","category-motorcycles","category-fzs-600","tag-fzs-600-fazer","tag-motorcycles","tag-impressions","tag-yamaha"],"jetpack_sharing_enabled":true,"jetpack_shortlink":"https:\/\/wp.me\/P7M8NW-25g","_links":{"self":[{"href":"https:\/\/hayabusa.eu.org\/en\/wp-json\/wp\/v2\/pages\/8014","targetHints":{"allow":["GET"]}}],"collection":[{"href":"https:\/\/hayabusa.eu.org\/en\/wp-json\/wp\/v2\/pages"}],"about":[{"href":"https:\/\/hayabusa.eu.org\/en\/wp-json\/wp\/v2\/types\/page"}],"author":[{"embeddable":true,"href":"https:\/\/hayabusa.eu.org\/en\/wp-json\/wp\/v2\/users\/1"}],"replies":[{"embeddable":true,"href":"https:\/\/hayabusa.eu.org\/en\/wp-json\/wp\/v2\/comments?post=8014"}],"version-history":[{"count":1,"href":"https:\/\/hayabusa.eu.org\/en\/wp-json\/wp\/v2\/pages\/8014\/revisions"}],"predecessor-version":[{"id":8016,"href":"https:\/\/hayabusa.eu.org\/en\/wp-json\/wp\/v2\/pages\/8014\/revisions\/8016"}],"up":[{"embeddable":true,"href":"https:\/\/hayabusa.eu.org\/en\/wp-json\/wp\/v2\/pages\/7271"}],"wp:featuredmedia":[{"embeddable":true,"href":"https:\/\/hayabusa.eu.org\/en\/wp-json\/wp\/v2\/media\/8015"}],"wp:attachment":[{"href":"https:\/\/hayabusa.eu.org\/en\/wp-json\/wp\/v2\/media?parent=8014"}],"wp:term":[{"taxonomy":"category","embeddable":true,"href":"https:\/\/hayabusa.eu.org\/en\/wp-json\/wp\/v2\/categories?post=8014"},{"taxonomy":"post_tag","embeddable":true,"href":"https:\/\/hayabusa.eu.org\/en\/wp-json\/wp\/v2\/tags?post=8014"}],"curies":[{"name":"wp","href":"https:\/\/api.w.org\/{rel}","templated":true}]}}