{"id":8020,"date":"2008-09-20T16:57:18","date_gmt":"2008-09-20T14:57:18","guid":{"rendered":"http:\/\/dev.hayabusa.eu.org\/?page_id=8020"},"modified":"2016-08-03T22:13:01","modified_gmt":"2016-08-03T20:13:01","slug":"fugazowy-fazer-ii-czyli-tuning-fzs-1000","status":"publish","type":"page","link":"https:\/\/hayabusa.eu.org\/en\/motocykle\/fugazowy-fazer-ii-czyli-tuning-fzs-1000\/","title":{"rendered":"Fugazowy Fazer II czyli tuning FZS-1000"},"content":{"rendered":"<p>Tak si\u0119 jako\u015b z\u0142o\u017cy\u0142o, \u017ce w tym roku nie uda\u0142o si\u0119 tak poustawia\u0107 urlop\u00f3w, \u017ceby zebra\u0107 ekip\u0119 i pojecha\u0107 gdzie\u015b wsp\u00f3lnie na wakacje. W zwi\u0105zku z tym skorzysta\u0142em z zaproszenia Szajby i sp\u0119dzi\u0142em niemal ca\u0142y dwutygodniowy urlop w Lubsku. Z urlopem jednak nie mia\u0142o to wiele wsp\u00f3lnego, gdy\u017c niemal codziennie co\u015b wymy\u015blali\u015bmy i d\u0142ubali\u015bmy w gara\u017cu przy motocyklach (no, czasem te\u017c przy komputerach).<br \/>\nZacz\u0119\u0142o si\u0119 od tego, \u017ce t\u0142umik w moim Fazerze wymaga\u0142 drobnej naprawy, gdy\u017c jego wype\u0142nienie nieco si\u0119 ju\u017c zu\u017cy\u0142o i zacz\u0119\u0142y puszcza\u0107 nity trzymaj\u0105ce pokryw\u0119.<br \/>\nNa pocz\u0105tek skr\u00f3cili\u015bmy go o 7cm, ale Szajba stwierdzi\u0142, \u017ce jak by\u015bmy skr\u00f3cili go jeszcze bardziej, to efekt by\u0142 by znacznie lepszy. Nie zwa\u017caj\u0105c wi\u0119c na moje (niezbyt silne zreszt\u0105) protesty odmierzy\u0142 kolejne 13 cm, z\u0142apa\u0142 gum\u00f3wk\u0119 i ur\u017cn\u0105\u0142 ko\u0144c\u00f3wk\u0119 t\u0142umika. Wyrzucili\u015bmy stare wype\u0142nienie i skr\u00f3cony o 20cm t\u0142umik dosta\u0142 nowe wype\u0142nienie Akrapovic. Jeszcze kilka nit\u00f3w aby zamontowa\u0107 pokryw\u0119 i ju\u017c mo\u017cna by\u0142o zamontowa\u0107 go do motocykla i pos\u0142ucha\u0107 jak &#8216;gada&#8217;.<\/p>\n<p><a href=\"https:\/\/i0.wp.com\/hayabusa.eu.org\/wp-content\/uploads\/2008\/08\/FF2r-01.jpg\" data-rel=\"lightbox-image-0\" data-rl_title=\"\" data-rl_caption=\"\" title=\"\"><img data-recalc-dims=\"1\" loading=\"lazy\" decoding=\"async\" data-attachment-id=\"8480\" data-permalink=\"https:\/\/hayabusa.eu.org\/en\/motocykle\/fugazowy-fazer-ii-czyli-tuning-fzs-1000\/ff2r-01\/\" data-orig-file=\"https:\/\/i0.wp.com\/hayabusa.eu.org\/wp-content\/uploads\/2008\/08\/FF2r-01.jpg?fit=1024%2C768&amp;ssl=1\" data-orig-size=\"1024,768\" data-comments-opened=\"1\" data-image-meta=\"{&quot;aperture&quot;:&quot;0&quot;,&quot;credit&quot;:&quot;&quot;,&quot;camera&quot;:&quot;&quot;,&quot;caption&quot;:&quot;&quot;,&quot;created_timestamp&quot;:&quot;0&quot;,&quot;copyright&quot;:&quot;&quot;,&quot;focal_length&quot;:&quot;0&quot;,&quot;iso&quot;:&quot;0&quot;,&quot;shutter_speed&quot;:&quot;0&quot;,&quot;title&quot;:&quot;&quot;,&quot;orientation&quot;:&quot;0&quot;}\" data-image-title=\"FF2r-01\" data-image-description=\"\" data-image-caption=\"\" data-medium-file=\"https:\/\/i0.wp.com\/hayabusa.eu.org\/wp-content\/uploads\/2008\/08\/FF2r-01.jpg?fit=300%2C225&amp;ssl=1\" data-large-file=\"https:\/\/i0.wp.com\/hayabusa.eu.org\/wp-content\/uploads\/2008\/08\/FF2r-01.jpg?fit=1024%2C768&amp;ssl=1\" class=\"aligncenter size-large wp-image-8480\" src=\"https:\/\/i0.wp.com\/hayabusa.eu.org\/wp-content\/uploads\/2008\/08\/FF2r-01-1024x768.jpg?resize=1024%2C768\" alt=\"FF2r-01\" width=\"1024\" height=\"768\" srcset=\"https:\/\/i0.wp.com\/hayabusa.eu.org\/wp-content\/uploads\/2008\/08\/FF2r-01.jpg?w=1024&amp;ssl=1 1024w, https:\/\/i0.wp.com\/hayabusa.eu.org\/wp-content\/uploads\/2008\/08\/FF2r-01.jpg?resize=300%2C225&amp;ssl=1 300w, https:\/\/i0.wp.com\/hayabusa.eu.org\/wp-content\/uploads\/2008\/08\/FF2r-01.jpg?resize=768%2C576&amp;ssl=1 768w\" sizes=\"auto, (max-width: 1000px) 100vw, 1000px\" \/><\/a>Nast\u0119pnego dnia dosta\u0142em do r\u0119ki drobny papier \u015bcierny i prikaz aby zmatowa\u0107 kilka element\u00f3w, bo tu trzeba by troch\u0119 od\u015bwie\u017cy\u0107 lakier, a kilka element\u00f3w pomalowa\u0107, aby lepiej wygl\u0105da\u0142. Maj\u0105c na uwadze m\u00f3j poprzedni motocykl wiedzia\u0142em, \u017ce z Szajba&#8217;s Garage wyjad\u0119 odmienionym Fazerem, ale obawia\u0142em si\u0119 jednego: \u017ce zn\u00f3w b\u0119dzie niebieski&#8230;<\/p>\n<p><a href=\"https:\/\/i0.wp.com\/hayabusa.eu.org\/wp-content\/uploads\/2008\/08\/FF2r-05.jpg\" data-rel=\"lightbox-image-1\" data-rl_title=\"\" data-rl_caption=\"\" title=\"\"><img data-recalc-dims=\"1\" loading=\"lazy\" decoding=\"async\" data-attachment-id=\"8481\" data-permalink=\"https:\/\/hayabusa.eu.org\/en\/motocykle\/fugazowy-fazer-ii-czyli-tuning-fzs-1000\/ff2r-05\/\" data-orig-file=\"https:\/\/i0.wp.com\/hayabusa.eu.org\/wp-content\/uploads\/2008\/08\/FF2r-05.jpg?fit=1024%2C768&amp;ssl=1\" data-orig-size=\"1024,768\" data-comments-opened=\"1\" data-image-meta=\"{&quot;aperture&quot;:&quot;0&quot;,&quot;credit&quot;:&quot;&quot;,&quot;camera&quot;:&quot;&quot;,&quot;caption&quot;:&quot;&quot;,&quot;created_timestamp&quot;:&quot;0&quot;,&quot;copyright&quot;:&quot;&quot;,&quot;focal_length&quot;:&quot;0&quot;,&quot;iso&quot;:&quot;0&quot;,&quot;shutter_speed&quot;:&quot;0&quot;,&quot;title&quot;:&quot;&quot;,&quot;orientation&quot;:&quot;0&quot;}\" data-image-title=\"FF2r-05\" data-image-description=\"\" data-image-caption=\"\" data-medium-file=\"https:\/\/i0.wp.com\/hayabusa.eu.org\/wp-content\/uploads\/2008\/08\/FF2r-05.jpg?fit=300%2C225&amp;ssl=1\" data-large-file=\"https:\/\/i0.wp.com\/hayabusa.eu.org\/wp-content\/uploads\/2008\/08\/FF2r-05.jpg?fit=1024%2C768&amp;ssl=1\" class=\"aligncenter size-large wp-image-8481\" src=\"https:\/\/i0.wp.com\/hayabusa.eu.org\/wp-content\/uploads\/2008\/08\/FF2r-05-1024x768.jpg?resize=1024%2C768\" alt=\"FF2r-05\" width=\"1024\" height=\"768\" srcset=\"https:\/\/i0.wp.com\/hayabusa.eu.org\/wp-content\/uploads\/2008\/08\/FF2r-05.jpg?w=1024&amp;ssl=1 1024w, https:\/\/i0.wp.com\/hayabusa.eu.org\/wp-content\/uploads\/2008\/08\/FF2r-05.jpg?resize=300%2C225&amp;ssl=1 300w, https:\/\/i0.wp.com\/hayabusa.eu.org\/wp-content\/uploads\/2008\/08\/FF2r-05.jpg?resize=768%2C576&amp;ssl=1 768w\" sizes=\"auto, (max-width: 1000px) 100vw, 1000px\" \/><\/a>Na szcz\u0119\u015bcie przygotowywali\u015bmy do malowania jeszcze Cebr\u0119 1000 RR, wi\u0119c by\u0142a szansa, \u017ce mojemu Fazerowi odpu\u015bci i tak te\u017c si\u0119 sta\u0142o. W lakier posz\u0142y wi\u0119c dodatkowo lusterka, wype\u0142nienia czaszki, boczki pod siedzeniem, uchwyty crash-pad\u00f3w i boczki ch\u0142odnicy. Wysun\u0119li\u015bmy jeszcze lagi na p\u00f3\u0142kach o kilkana\u015bcie milimetr\u00f3w, dzi\u0119ki czemu obni\u017cy\u0142 si\u0119 nieco prz\u00f3d i podst\u0119pnie zosta\u0142 mi uci\u0119ty tylny b\u0142otnik do wysoko\u015bci tablicy rejestracyjnej&#8230; dos\u0142ownie na chwil\u0119 si\u0119 odwr\u00f3ci\u0142em i ju\u017c gum\u00f3wka posz\u0142a w ruch.<br \/>\nDzi\u0119ki tym dzia\u0142aniom motocykl wygl\u0105da bardziej zadziornie i oryginalnie, efekt mo\u017cna zobaczy\u0107 na zdj\u0119ciach.<\/p>\n<p><!-- default-view.php -->\n<div\n\tclass=\"ngg-galleryoverview default-view\n\t\t\"\n\tid=\"ngg-gallery-0b58219e6bd0463b2402fa250596eb56-1\">\n\n\t\t<!-- Thumbnails -->\n\t\t\t\t<div id=\"ngg-image-0\" class=\"ngg-gallery-thumbnail-box\n\t\t\t\t\t\t\t\tngg-4-columns\t\t\t\"\n\t\t\t>\n\t\t\t\t\t\t<div class=\"ngg-gallery-thumbnail\">\n\t\t\t<a href=\"https:\/\/hayabusa.eu.org\/wp-content\/gallery\/20080920-fugazowy-fazer-2\/FF2e-02.jpg\"\n\t\t\t\ttitle=\"\"\n\t\t\t\tdata-src=\"https:\/\/hayabusa.eu.org\/wp-content\/gallery\/20080920-fugazowy-fazer-2\/FF2e-02.jpg\"\n\t\t\t\tdata-thumbnail=\"https:\/\/hayabusa.eu.org\/wp-content\/gallery\/20080920-fugazowy-fazer-2\/thumbs\/thumbs_FF2e-02.jpg\"\n\t\t\t\tdata-image-id=\"251\"\n\t\t\t\tdata-title=\"FF2e-02\"\n\t\t\t\tdata-description=\"\"\n\t\t\t\tdata-image-slug=\"ff2e-02\"\n\t\t\t\tclass=\"ngg-fancybox\" rel=\"0b58219e6bd0463b2402fa250596eb56\">\n\t\t\t\t<img\n\t\t\t\t\ttitle=\"FF2e-02\"\n\t\t\t\t\talt=\"FF2e-02\"\n\t\t\t\t\tsrc=\"https:\/\/hayabusa.eu.org\/wp-content\/gallery\/20080920-fugazowy-fazer-2\/cache\/FF2e-02.jpg-nggid03251-ngg0dyn-150x120x100-00f0w010c011r110f110r010t010.jpg\"\n\t\t\t\t\twidth=\"150\"\n\t\t\t\t\theight=\"120\"\n\t\t\t\t\tstyle=\"max-width:100%;\"\n\t\t\t\t\/>\n\t\t\t<\/a>\n\t\t<\/div>\n\t\t\t\t\t\t\t<\/div>\n\t\t\t\n\t\t\t\t<div id=\"ngg-image-1\" class=\"ngg-gallery-thumbnail-box\n\t\t\t\t\t\t\t\tngg-4-columns\t\t\t\"\n\t\t\t>\n\t\t\t\t\t\t<div class=\"ngg-gallery-thumbnail\">\n\t\t\t<a href=\"https:\/\/hayabusa.eu.org\/wp-content\/gallery\/20080920-fugazowy-fazer-2\/FF2e-05.jpg\"\n\t\t\t\ttitle=\"\"\n\t\t\t\tdata-src=\"https:\/\/hayabusa.eu.org\/wp-content\/gallery\/20080920-fugazowy-fazer-2\/FF2e-05.jpg\"\n\t\t\t\tdata-thumbnail=\"https:\/\/hayabusa.eu.org\/wp-content\/gallery\/20080920-fugazowy-fazer-2\/thumbs\/thumbs_FF2e-05.jpg\"\n\t\t\t\tdata-image-id=\"252\"\n\t\t\t\tdata-title=\"FF2e-05\"\n\t\t\t\tdata-description=\"\"\n\t\t\t\tdata-image-slug=\"ff2e-05\"\n\t\t\t\tclass=\"ngg-fancybox\" rel=\"0b58219e6bd0463b2402fa250596eb56\">\n\t\t\t\t<img\n\t\t\t\t\ttitle=\"FF2e-05\"\n\t\t\t\t\talt=\"FF2e-05\"\n\t\t\t\t\tsrc=\"https:\/\/hayabusa.eu.org\/wp-content\/gallery\/20080920-fugazowy-fazer-2\/cache\/FF2e-05.jpg-nggid03252-ngg0dyn-150x120x100-00f0w010c011r110f110r010t010.jpg\"\n\t\t\t\t\twidth=\"150\"\n\t\t\t\t\theight=\"120\"\n\t\t\t\t\tstyle=\"max-width:100%;\"\n\t\t\t\t\/>\n\t\t\t<\/a>\n\t\t<\/div>\n\t\t\t\t\t\t\t<\/div>\n\t\t\t\n\t\t\t\t<div id=\"ngg-image-2\" class=\"ngg-gallery-thumbnail-box\n\t\t\t\t\t\t\t\tngg-4-columns\t\t\t\"\n\t\t\t>\n\t\t\t\t\t\t<div class=\"ngg-gallery-thumbnail\">\n\t\t\t<a href=\"https:\/\/hayabusa.eu.org\/wp-content\/gallery\/20080920-fugazowy-fazer-2\/FF2e-07.jpg\"\n\t\t\t\ttitle=\"\"\n\t\t\t\tdata-src=\"https:\/\/hayabusa.eu.org\/wp-content\/gallery\/20080920-fugazowy-fazer-2\/FF2e-07.jpg\"\n\t\t\t\tdata-thumbnail=\"https:\/\/hayabusa.eu.org\/wp-content\/gallery\/20080920-fugazowy-fazer-2\/thumbs\/thumbs_FF2e-07.jpg\"\n\t\t\t\tdata-image-id=\"253\"\n\t\t\t\tdata-title=\"FF2e-07\"\n\t\t\t\tdata-description=\"\"\n\t\t\t\tdata-image-slug=\"ff2e-07\"\n\t\t\t\tclass=\"ngg-fancybox\" rel=\"0b58219e6bd0463b2402fa250596eb56\">\n\t\t\t\t<img\n\t\t\t\t\ttitle=\"FF2e-07\"\n\t\t\t\t\talt=\"FF2e-07\"\n\t\t\t\t\tsrc=\"https:\/\/hayabusa.eu.org\/wp-content\/gallery\/20080920-fugazowy-fazer-2\/cache\/FF2e-07.jpg-nggid03253-ngg0dyn-150x120x100-00f0w010c011r110f110r010t010.jpg\"\n\t\t\t\t\twidth=\"150\"\n\t\t\t\t\theight=\"120\"\n\t\t\t\t\tstyle=\"max-width:100%;\"\n\t\t\t\t\/>\n\t\t\t<\/a>\n\t\t<\/div>\n\t\t\t\t\t\t\t<\/div>\n\t\t\t\n\t\t\t\t<div id=\"ngg-image-3\" class=\"ngg-gallery-thumbnail-box\n\t\t\t\t\t\t\t\tngg-4-columns\t\t\t\"\n\t\t\t>\n\t\t\t\t\t\t<div class=\"ngg-gallery-thumbnail\">\n\t\t\t<a href=\"https:\/\/hayabusa.eu.org\/wp-content\/gallery\/20080920-fugazowy-fazer-2\/FF2e-09.jpg\"\n\t\t\t\ttitle=\"\"\n\t\t\t\tdata-src=\"https:\/\/hayabusa.eu.org\/wp-content\/gallery\/20080920-fugazowy-fazer-2\/FF2e-09.jpg\"\n\t\t\t\tdata-thumbnail=\"https:\/\/hayabusa.eu.org\/wp-content\/gallery\/20080920-fugazowy-fazer-2\/thumbs\/thumbs_FF2e-09.jpg\"\n\t\t\t\tdata-image-id=\"254\"\n\t\t\t\tdata-title=\"FF2e-09\"\n\t\t\t\tdata-description=\"\"\n\t\t\t\tdata-image-slug=\"ff2e-09\"\n\t\t\t\tclass=\"ngg-fancybox\" rel=\"0b58219e6bd0463b2402fa250596eb56\">\n\t\t\t\t<img\n\t\t\t\t\ttitle=\"FF2e-09\"\n\t\t\t\t\talt=\"FF2e-09\"\n\t\t\t\t\tsrc=\"https:\/\/hayabusa.eu.org\/wp-content\/gallery\/20080920-fugazowy-fazer-2\/cache\/FF2e-09.jpg-nggid03254-ngg0dyn-150x120x100-00f0w010c011r110f110r010t010.jpg\"\n\t\t\t\t\twidth=\"150\"\n\t\t\t\t\theight=\"120\"\n\t\t\t\t\tstyle=\"max-width:100%;\"\n\t\t\t\t\/>\n\t\t\t<\/a>\n\t\t<\/div>\n\t\t\t\t\t\t\t<\/div>\n\t\t\t\n\t\t\t\t<div id=\"ngg-image-4\" class=\"ngg-gallery-thumbnail-box\n\t\t\t\t\t\t\t\tngg-4-columns\t\t\t\"\n\t\t\t>\n\t\t\t\t\t\t<div class=\"ngg-gallery-thumbnail\">\n\t\t\t<a href=\"https:\/\/hayabusa.eu.org\/wp-content\/gallery\/20080920-fugazowy-fazer-2\/FF2e-11.jpg\"\n\t\t\t\ttitle=\"\"\n\t\t\t\tdata-src=\"https:\/\/hayabusa.eu.org\/wp-content\/gallery\/20080920-fugazowy-fazer-2\/FF2e-11.jpg\"\n\t\t\t\tdata-thumbnail=\"https:\/\/hayabusa.eu.org\/wp-content\/gallery\/20080920-fugazowy-fazer-2\/thumbs\/thumbs_FF2e-11.jpg\"\n\t\t\t\tdata-image-id=\"255\"\n\t\t\t\tdata-title=\"FF2e-11\"\n\t\t\t\tdata-description=\"\"\n\t\t\t\tdata-image-slug=\"ff2e-11\"\n\t\t\t\tclass=\"ngg-fancybox\" rel=\"0b58219e6bd0463b2402fa250596eb56\">\n\t\t\t\t<img\n\t\t\t\t\ttitle=\"FF2e-11\"\n\t\t\t\t\talt=\"FF2e-11\"\n\t\t\t\t\tsrc=\"https:\/\/hayabusa.eu.org\/wp-content\/gallery\/20080920-fugazowy-fazer-2\/cache\/FF2e-11.jpg-nggid03255-ngg0dyn-150x120x100-00f0w010c011r110f110r010t010.jpg\"\n\t\t\t\t\twidth=\"150\"\n\t\t\t\t\theight=\"120\"\n\t\t\t\t\tstyle=\"max-width:100%;\"\n\t\t\t\t\/>\n\t\t\t<\/a>\n\t\t<\/div>\n\t\t\t\t\t\t\t<\/div>\n\t\t\t\n\t\t\t\t<div id=\"ngg-image-5\" class=\"ngg-gallery-thumbnail-box\n\t\t\t\t\t\t\t\tngg-4-columns\t\t\t\"\n\t\t\t>\n\t\t\t\t\t\t<div class=\"ngg-gallery-thumbnail\">\n\t\t\t<a href=\"https:\/\/hayabusa.eu.org\/wp-content\/gallery\/20080920-fugazowy-fazer-2\/FF2e-13.jpg\"\n\t\t\t\ttitle=\"\"\n\t\t\t\tdata-src=\"https:\/\/hayabusa.eu.org\/wp-content\/gallery\/20080920-fugazowy-fazer-2\/FF2e-13.jpg\"\n\t\t\t\tdata-thumbnail=\"https:\/\/hayabusa.eu.org\/wp-content\/gallery\/20080920-fugazowy-fazer-2\/thumbs\/thumbs_FF2e-13.jpg\"\n\t\t\t\tdata-image-id=\"256\"\n\t\t\t\tdata-title=\"FF2e-13\"\n\t\t\t\tdata-description=\"\"\n\t\t\t\tdata-image-slug=\"ff2e-13\"\n\t\t\t\tclass=\"ngg-fancybox\" rel=\"0b58219e6bd0463b2402fa250596eb56\">\n\t\t\t\t<img\n\t\t\t\t\ttitle=\"FF2e-13\"\n\t\t\t\t\talt=\"FF2e-13\"\n\t\t\t\t\tsrc=\"https:\/\/hayabusa.eu.org\/wp-content\/gallery\/20080920-fugazowy-fazer-2\/cache\/FF2e-13.jpg-nggid03256-ngg0dyn-150x120x100-00f0w010c011r110f110r010t010.jpg\"\n\t\t\t\t\twidth=\"150\"\n\t\t\t\t\theight=\"120\"\n\t\t\t\t\tstyle=\"max-width:100%;\"\n\t\t\t\t\/>\n\t\t\t<\/a>\n\t\t<\/div>\n\t\t\t\t\t\t\t<\/div>\n\t\t\t\n\t\t\t\t<div id=\"ngg-image-6\" class=\"ngg-gallery-thumbnail-box\n\t\t\t\t\t\t\t\tngg-4-columns\t\t\t\"\n\t\t\t>\n\t\t\t\t\t\t<div class=\"ngg-gallery-thumbnail\">\n\t\t\t<a href=\"https:\/\/hayabusa.eu.org\/wp-content\/gallery\/20080920-fugazowy-fazer-2\/FF2r-01.JPG\"\n\t\t\t\ttitle=\"\"\n\t\t\t\tdata-src=\"https:\/\/hayabusa.eu.org\/wp-content\/gallery\/20080920-fugazowy-fazer-2\/FF2r-01.JPG\"\n\t\t\t\tdata-thumbnail=\"https:\/\/hayabusa.eu.org\/wp-content\/gallery\/20080920-fugazowy-fazer-2\/thumbs\/thumbs_FF2r-01.JPG\"\n\t\t\t\tdata-image-id=\"257\"\n\t\t\t\tdata-title=\"FF2r-01\"\n\t\t\t\tdata-description=\"\"\n\t\t\t\tdata-image-slug=\"ff2r-01\"\n\t\t\t\tclass=\"ngg-fancybox\" rel=\"0b58219e6bd0463b2402fa250596eb56\">\n\t\t\t\t<img\n\t\t\t\t\ttitle=\"FF2r-01\"\n\t\t\t\t\talt=\"FF2r-01\"\n\t\t\t\t\tsrc=\"https:\/\/hayabusa.eu.org\/wp-content\/gallery\/20080920-fugazowy-fazer-2\/cache\/FF2r-01.JPG-nggid03257-ngg0dyn-150x120x100-00f0w010c011r110f110r010t010.JPG\"\n\t\t\t\t\twidth=\"150\"\n\t\t\t\t\theight=\"120\"\n\t\t\t\t\tstyle=\"max-width:100%;\"\n\t\t\t\t\/>\n\t\t\t<\/a>\n\t\t<\/div>\n\t\t\t\t\t\t\t<\/div>\n\t\t\t\n\t\t\t\t<div id=\"ngg-image-7\" class=\"ngg-gallery-thumbnail-box\n\t\t\t\t\t\t\t\tngg-4-columns\t\t\t\"\n\t\t\t>\n\t\t\t\t\t\t<div class=\"ngg-gallery-thumbnail\">\n\t\t\t<a href=\"https:\/\/hayabusa.eu.org\/wp-content\/gallery\/20080920-fugazowy-fazer-2\/FF2r-03.JPG\"\n\t\t\t\ttitle=\"\"\n\t\t\t\tdata-src=\"https:\/\/hayabusa.eu.org\/wp-content\/gallery\/20080920-fugazowy-fazer-2\/FF2r-03.JPG\"\n\t\t\t\tdata-thumbnail=\"https:\/\/hayabusa.eu.org\/wp-content\/gallery\/20080920-fugazowy-fazer-2\/thumbs\/thumbs_FF2r-03.JPG\"\n\t\t\t\tdata-image-id=\"258\"\n\t\t\t\tdata-title=\"FF2r-03\"\n\t\t\t\tdata-description=\"\"\n\t\t\t\tdata-image-slug=\"ff2r-03\"\n\t\t\t\tclass=\"ngg-fancybox\" rel=\"0b58219e6bd0463b2402fa250596eb56\">\n\t\t\t\t<img\n\t\t\t\t\ttitle=\"FF2r-03\"\n\t\t\t\t\talt=\"FF2r-03\"\n\t\t\t\t\tsrc=\"https:\/\/hayabusa.eu.org\/wp-content\/gallery\/20080920-fugazowy-fazer-2\/cache\/FF2r-03.JPG-nggid03258-ngg0dyn-150x120x100-00f0w010c011r110f110r010t010.JPG\"\n\t\t\t\t\twidth=\"150\"\n\t\t\t\t\theight=\"120\"\n\t\t\t\t\tstyle=\"max-width:100%;\"\n\t\t\t\t\/>\n\t\t\t<\/a>\n\t\t<\/div>\n\t\t\t\t\t\t\t<\/div>\n\t\t\t\n\t\t\t\t<div id=\"ngg-image-8\" class=\"ngg-gallery-thumbnail-box\n\t\t\t\t\t\t\t\tngg-4-columns\t\t\t\"\n\t\t\t>\n\t\t\t\t\t\t<div class=\"ngg-gallery-thumbnail\">\n\t\t\t<a href=\"https:\/\/hayabusa.eu.org\/wp-content\/gallery\/20080920-fugazowy-fazer-2\/FF2r-04.JPG\"\n\t\t\t\ttitle=\"\"\n\t\t\t\tdata-src=\"https:\/\/hayabusa.eu.org\/wp-content\/gallery\/20080920-fugazowy-fazer-2\/FF2r-04.JPG\"\n\t\t\t\tdata-thumbnail=\"https:\/\/hayabusa.eu.org\/wp-content\/gallery\/20080920-fugazowy-fazer-2\/thumbs\/thumbs_FF2r-04.JPG\"\n\t\t\t\tdata-image-id=\"261\"\n\t\t\t\tdata-title=\"FF2r-04\"\n\t\t\t\tdata-description=\"\"\n\t\t\t\tdata-image-slug=\"ff2r-04\"\n\t\t\t\tclass=\"ngg-fancybox\" rel=\"0b58219e6bd0463b2402fa250596eb56\">\n\t\t\t\t<img\n\t\t\t\t\ttitle=\"FF2r-04\"\n\t\t\t\t\talt=\"FF2r-04\"\n\t\t\t\t\tsrc=\"https:\/\/hayabusa.eu.org\/wp-content\/gallery\/20080920-fugazowy-fazer-2\/cache\/FF2r-04.JPG-nggid03261-ngg0dyn-150x120x100-00f0w010c011r110f110r010t010.JPG\"\n\t\t\t\t\twidth=\"150\"\n\t\t\t\t\theight=\"120\"\n\t\t\t\t\tstyle=\"max-width:100%;\"\n\t\t\t\t\/>\n\t\t\t<\/a>\n\t\t<\/div>\n\t\t\t\t\t\t\t<\/div>\n\t\t\t\n\t\t\t\t<div id=\"ngg-image-9\" class=\"ngg-gallery-thumbnail-box\n\t\t\t\t\t\t\t\tngg-4-columns\t\t\t\"\n\t\t\t>\n\t\t\t\t\t\t<div class=\"ngg-gallery-thumbnail\">\n\t\t\t<a href=\"https:\/\/hayabusa.eu.org\/wp-content\/gallery\/20080920-fugazowy-fazer-2\/FF2r-05.JPG\"\n\t\t\t\ttitle=\"\"\n\t\t\t\tdata-src=\"https:\/\/hayabusa.eu.org\/wp-content\/gallery\/20080920-fugazowy-fazer-2\/FF2r-05.JPG\"\n\t\t\t\tdata-thumbnail=\"https:\/\/hayabusa.eu.org\/wp-content\/gallery\/20080920-fugazowy-fazer-2\/thumbs\/thumbs_FF2r-05.JPG\"\n\t\t\t\tdata-image-id=\"259\"\n\t\t\t\tdata-title=\"FF2r-05\"\n\t\t\t\tdata-description=\"\"\n\t\t\t\tdata-image-slug=\"ff2r-05\"\n\t\t\t\tclass=\"ngg-fancybox\" rel=\"0b58219e6bd0463b2402fa250596eb56\">\n\t\t\t\t<img\n\t\t\t\t\ttitle=\"FF2r-05\"\n\t\t\t\t\talt=\"FF2r-05\"\n\t\t\t\t\tsrc=\"https:\/\/hayabusa.eu.org\/wp-content\/gallery\/20080920-fugazowy-fazer-2\/cache\/FF2r-05.JPG-nggid03259-ngg0dyn-150x120x100-00f0w010c011r110f110r010t010.JPG\"\n\t\t\t\t\twidth=\"150\"\n\t\t\t\t\theight=\"120\"\n\t\t\t\t\tstyle=\"max-width:100%;\"\n\t\t\t\t\/>\n\t\t\t<\/a>\n\t\t<\/div>\n\t\t\t\t\t\t\t<\/div>\n\t\t\t\n\t\t\t\t<div id=\"ngg-image-10\" class=\"ngg-gallery-thumbnail-box\n\t\t\t\t\t\t\t\tngg-4-columns\t\t\t\"\n\t\t\t>\n\t\t\t\t\t\t<div class=\"ngg-gallery-thumbnail\">\n\t\t\t<a href=\"https:\/\/hayabusa.eu.org\/wp-content\/gallery\/20080920-fugazowy-fazer-2\/FF2r-08.JPG\"\n\t\t\t\ttitle=\"\"\n\t\t\t\tdata-src=\"https:\/\/hayabusa.eu.org\/wp-content\/gallery\/20080920-fugazowy-fazer-2\/FF2r-08.JPG\"\n\t\t\t\tdata-thumbnail=\"https:\/\/hayabusa.eu.org\/wp-content\/gallery\/20080920-fugazowy-fazer-2\/thumbs\/thumbs_FF2r-08.JPG\"\n\t\t\t\tdata-image-id=\"260\"\n\t\t\t\tdata-title=\"FF2r-08\"\n\t\t\t\tdata-description=\"\"\n\t\t\t\tdata-image-slug=\"ff2r-08\"\n\t\t\t\tclass=\"ngg-fancybox\" rel=\"0b58219e6bd0463b2402fa250596eb56\">\n\t\t\t\t<img\n\t\t\t\t\ttitle=\"FF2r-08\"\n\t\t\t\t\talt=\"FF2r-08\"\n\t\t\t\t\tsrc=\"https:\/\/hayabusa.eu.org\/wp-content\/gallery\/20080920-fugazowy-fazer-2\/cache\/FF2r-08.JPG-nggid03260-ngg0dyn-150x120x100-00f0w010c011r110f110r010t010.JPG\"\n\t\t\t\t\twidth=\"150\"\n\t\t\t\t\theight=\"120\"\n\t\t\t\t\tstyle=\"max-width:100%;\"\n\t\t\t\t\/>\n\t\t\t<\/a>\n\t\t<\/div>\n\t\t\t\t\t\t\t<\/div>\n\t\t\t\n\t\t\t\t<div id=\"ngg-image-11\" class=\"ngg-gallery-thumbnail-box\n\t\t\t\t\t\t\t\tngg-4-columns\t\t\t\"\n\t\t\t>\n\t\t\t\t\t\t<div class=\"ngg-gallery-thumbnail\">\n\t\t\t<a href=\"https:\/\/hayabusa.eu.org\/wp-content\/gallery\/20080920-fugazowy-fazer-2\/FF2r-09.JPG\"\n\t\t\t\ttitle=\"\"\n\t\t\t\tdata-src=\"https:\/\/hayabusa.eu.org\/wp-content\/gallery\/20080920-fugazowy-fazer-2\/FF2r-09.JPG\"\n\t\t\t\tdata-thumbnail=\"https:\/\/hayabusa.eu.org\/wp-content\/gallery\/20080920-fugazowy-fazer-2\/thumbs\/thumbs_FF2r-09.JPG\"\n\t\t\t\tdata-image-id=\"262\"\n\t\t\t\tdata-title=\"FF2r-09\"\n\t\t\t\tdata-description=\"\"\n\t\t\t\tdata-image-slug=\"ff2r-09\"\n\t\t\t\tclass=\"ngg-fancybox\" rel=\"0b58219e6bd0463b2402fa250596eb56\">\n\t\t\t\t<img\n\t\t\t\t\ttitle=\"FF2r-09\"\n\t\t\t\t\talt=\"FF2r-09\"\n\t\t\t\t\tsrc=\"https:\/\/hayabusa.eu.org\/wp-content\/gallery\/20080920-fugazowy-fazer-2\/cache\/FF2r-09.JPG-nggid03262-ngg0dyn-150x120x100-00f0w010c011r110f110r010t010.JPG\"\n\t\t\t\t\twidth=\"150\"\n\t\t\t\t\theight=\"120\"\n\t\t\t\t\tstyle=\"max-width:100%;\"\n\t\t\t\t\/>\n\t\t\t<\/a>\n\t\t<\/div>\n\t\t\t\t\t\t\t<\/div>\n\t\t\t\n\t\n\t<br style=\"clear: both\" \/>\n\n\t\n\t\t<!-- Pagination -->\n\t\t<div class='ngg-clear'><\/div>\t<\/div>\n<br \/>\nW mi\u0119dzyczasie zestawi\u0142em jeszcze sie\u0107 bezprzewodow\u0105 u Szajby, poszwenda\u0142em si\u0119 troch\u0119 po Lubsku i okolicach i poodwiedza\u0142em kilku znajomych z Dzikiego Zachodu.<br \/>\nPS. Cebra te\u017c zosta\u0142a uratowana (czarna per\u0142a), ale si\u0119 nie dziwi\u0119, bo jej w\u0142a\u015bcicielem jest mistrz z Zielonog\u00f3rskiej Szko\u0142y Walki, stylu Krav-maga&#8230; cho\u0107 nie powiem, \u017ce mia\u0142 z nami \u0142atwo przez te dwa tygodnie, bo \u017carty si\u0119 nas trzyma\u0142y \ud83d\ude09<\/p>\n","protected":false},"excerpt":{"rendered":"<p>Tak si\u0119 jako\u015b z\u0142o\u017cy\u0142o, \u017ce w tym roku nie uda\u0142o si\u0119 tak poustawia\u0107 urlop\u00f3w, \u017ceby zebra\u0107 ekip\u0119 i pojecha\u0107 gdzie\u015b wsp\u00f3lnie na wakacje. W zwi\u0105zku z tym skorzysta\u0142em z zaproszenia Szajby i sp\u0119dzi\u0142em niemal&#46;&#46;&#46;<\/p>\n","protected":false},"author":1,"featured_media":8451,"parent":7271,"menu_order":0,"comment_status":"closed","ping_status":"closed","template":"","meta":{"_monsterinsights_skip_tracking":false,"_monsterinsights_sitenote_active":false,"_monsterinsights_sitenote_note":"","_monsterinsights_sitenote_category":0,"ngg_post_thumbnail":0,"jetpack_post_was_ever_published":false,"footnotes":""},"categories":[22,53],"tags":[62,60,24],"class_list":["post-8020","page","type-page","status-publish","has-post-thumbnail","hentry","category-motorcycles","category-fzs-1000","tag-fugazowy-fazer-ii","tag-fzs-1000-fazer","tag-motorcycles"],"jetpack_sharing_enabled":true,"jetpack_shortlink":"https:\/\/wp.me\/P7M8NW-25m","_links":{"self":[{"href":"https:\/\/hayabusa.eu.org\/en\/wp-json\/wp\/v2\/pages\/8020","targetHints":{"allow":["GET"]}}],"collection":[{"href":"https:\/\/hayabusa.eu.org\/en\/wp-json\/wp\/v2\/pages"}],"about":[{"href":"https:\/\/hayabusa.eu.org\/en\/wp-json\/wp\/v2\/types\/page"}],"author":[{"embeddable":true,"href":"https:\/\/hayabusa.eu.org\/en\/wp-json\/wp\/v2\/users\/1"}],"replies":[{"embeddable":true,"href":"https:\/\/hayabusa.eu.org\/en\/wp-json\/wp\/v2\/comments?post=8020"}],"version-history":[{"count":4,"href":"https:\/\/hayabusa.eu.org\/en\/wp-json\/wp\/v2\/pages\/8020\/revisions"}],"predecessor-version":[{"id":8482,"href":"https:\/\/hayabusa.eu.org\/en\/wp-json\/wp\/v2\/pages\/8020\/revisions\/8482"}],"up":[{"embeddable":true,"href":"https:\/\/hayabusa.eu.org\/en\/wp-json\/wp\/v2\/pages\/7271"}],"wp:featuredmedia":[{"embeddable":true,"href":"https:\/\/hayabusa.eu.org\/en\/wp-json\/wp\/v2\/media\/8451"}],"wp:attachment":[{"href":"https:\/\/hayabusa.eu.org\/en\/wp-json\/wp\/v2\/media?parent=8020"}],"wp:term":[{"taxonomy":"category","embeddable":true,"href":"https:\/\/hayabusa.eu.org\/en\/wp-json\/wp\/v2\/categories?post=8020"},{"taxonomy":"post_tag","embeddable":true,"href":"https:\/\/hayabusa.eu.org\/en\/wp-json\/wp\/v2\/tags?post=8020"}],"curies":[{"name":"wp","href":"https:\/\/api.w.org\/{rel}","templated":true}]}}