{"id":8026,"date":"2007-04-05T17:05:13","date_gmt":"2007-04-05T15:05:13","guid":{"rendered":"http:\/\/dev.hayabusa.eu.org\/?page_id=8026"},"modified":"2016-08-03T21:57:05","modified_gmt":"2016-08-03T19:57:05","slug":"fugazowy-fazer","status":"publish","type":"page","link":"https:\/\/hayabusa.eu.org\/en\/motocykle\/fugazowy-fazer\/","title":{"rendered":"Fugazowy Fazer"},"content":{"rendered":"<p>Nie, nie kupi\u0142em nowego motocykla&#8230; dlaczego wi\u0119c do\u0142o\u017cy\u0142em now\u0105 pozycj\u0119 do menu?<br \/>\nPoniewa\u017c na pocz\u0105tku 2007r m\u00f3j Fazerek zosta\u0142 zapakowany na busa i pojecha\u0142 do <a href=\"http:\/\/www.szajba.eu.org\/\" target=\"_blank\">Szajba&#8217;s Garage<\/a>. Tam przejdzie swego rodzaju &#8216;lifting&#8217;.<br \/>\nW planie jest wymiana spr\u0119\u017cyn przedniego zawieszenia na spr\u0119\u017cyny progresywne oraz tuning wizualny polegaj\u0105cy na do\u0142o\u017ceniu p\u0142uga, kr\u00f3tkiego b\u0142otnika tylnego, wyrzuceniu cz\u0119\u015bci zadupka, wymianie kierunkowskaz\u00f3w i wydechu oraz po\u0142o\u017ceniu nowego lakieru w kolorze niebieskim per\u0142owym.<\/p>\n<p><a href=\"https:\/\/i0.wp.com\/hayabusa.eu.org\/wp-content\/uploads\/2016\/04\/FF02.jpg\" data-rel=\"lightbox-image-0\" data-rl_title=\"\" data-rl_caption=\"\" title=\"\"><img data-recalc-dims=\"1\" loading=\"lazy\" decoding=\"async\" data-attachment-id=\"8445\" data-permalink=\"https:\/\/hayabusa.eu.org\/en\/motocykle\/fugazowy-fazer\/ff02\/\" data-orig-file=\"https:\/\/i0.wp.com\/hayabusa.eu.org\/wp-content\/uploads\/2016\/04\/FF02.jpg?fit=640%2C427&amp;ssl=1\" data-orig-size=\"640,427\" data-comments-opened=\"1\" data-image-meta=\"{&quot;aperture&quot;:&quot;0&quot;,&quot;credit&quot;:&quot;&quot;,&quot;camera&quot;:&quot;&quot;,&quot;caption&quot;:&quot;&quot;,&quot;created_timestamp&quot;:&quot;0&quot;,&quot;copyright&quot;:&quot;&quot;,&quot;focal_length&quot;:&quot;0&quot;,&quot;iso&quot;:&quot;0&quot;,&quot;shutter_speed&quot;:&quot;0&quot;,&quot;title&quot;:&quot;&quot;,&quot;orientation&quot;:&quot;0&quot;}\" data-image-title=\"FF02\" data-image-description=\"\" data-image-caption=\"\" data-medium-file=\"https:\/\/i0.wp.com\/hayabusa.eu.org\/wp-content\/uploads\/2016\/04\/FF02.jpg?fit=300%2C200&amp;ssl=1\" data-large-file=\"https:\/\/i0.wp.com\/hayabusa.eu.org\/wp-content\/uploads\/2016\/04\/FF02.jpg?fit=640%2C427&amp;ssl=1\" class=\"aligncenter size-full wp-image-8445\" src=\"https:\/\/i0.wp.com\/hayabusa.eu.org\/wp-content\/uploads\/2016\/04\/FF02.jpg?resize=640%2C427\" alt=\"FF02\" width=\"640\" height=\"427\" srcset=\"https:\/\/i0.wp.com\/hayabusa.eu.org\/wp-content\/uploads\/2016\/04\/FF02.jpg?w=640&amp;ssl=1 640w, https:\/\/i0.wp.com\/hayabusa.eu.org\/wp-content\/uploads\/2016\/04\/FF02.jpg?resize=300%2C200&amp;ssl=1 300w\" sizes=\"auto, (max-width: 640px) 100vw, 640px\" \/><\/a>Mam nadziej\u0119, \u017ce czas pozwoli, aby umieszcza\u0107 tutaj zdj\u0119cia wraz z kr\u00f3tkim komentarzem dotycz\u0105cym kolejnych etap\u00f3w wykonywanych prac.<\/p>\n<ul>\n<li>9 luty 2007r &#8211; wjazd Fazerka do Szajba&#8217;s Garage.<br \/>\nW firmie <a href=\"http:\/\/www.plastbike.pl\/\">Plastbike<\/a> zosta\u0142 zam\u00f3wiony p\u0142ug, b\u0142otnik tylny wraz z os\u0142onk\u0105 na \u0142a\u0144cuch oraz wype\u0142nienie tylne wraz z kierunkowskazami.<br \/>\nU Damiana w <a href=\"http:\/\/www.dynotech.pl\/\">Dynotechu<\/a> zosta\u0142y zam\u00f3wione spr\u0119\u017cyny progresywne.<br \/>\nW mi\u0119dzyczasie zdemontowany zosta\u0142 t\u0142umik i wys\u0142ana ko\u0144c\u00f3wka rury wydechowej, aby spasowa\u0107 do nowego t\u0142umika przelotowego.<\/li>\n<li>24 lutego b\u0119d\u0105c na wyst\u0119pach go\u015bcinnych w Lubsku obra\u0142em osobi\u015bcie Fazerka z plastik\u00f3w i uwieczni\u0142em to na zdj\u0119ciach. Uda\u0142o si\u0119 nam tak\u017ce przygotowa\u0107 i wypolerowa\u0107 kilka drobnych cz\u0119\u015bci.<\/li>\n<li>8 marca zosta\u0142y przygotowane cz\u0119\u015bci do malowania.<\/li>\n<li>11 marca Szajba posk\u0142ada\u0142 troch\u0119 Fazerka, a dzie\u0144 p\u00f3\u017aniej zosta\u0142y naklejone naklejki.<\/li>\n<li>17 marca zosta\u0142y wymienione spr\u0119\u017cyny w przednim zawieszeniu na spr\u0119\u017cyny progresywne.<\/li>\n<li>Szajba si\u0119 stara&#8230; 19 marca posk\u0142ada\u0142 troch\u0119 do kupy pomalowane ju\u017c cz\u0119\u015bci, wydaje si\u0119, \u017ce ju\u017c bli\u017cej ni\u017c dalej \ud83d\ude42 Ca\u0142kiem \u0142adnie si\u0119 to prezentuje.<\/li>\n<li>22 marca &#8211; Fazerek dostaje ca\u0142kiem \u0142adny, nowy&#8230; t\u0142umik przelotowy.<\/li>\n<li>23 marca &#8211; piaskowanie i malowanie felg.<\/li>\n<li>24 marca &#8211; uzupe\u0142nianie naklejek.<\/li>\n<li>27 marca &#8211; za\u0142o\u017cenie p\u0142uga i finalizowanie prac.<\/li>\n<\/ul>\n<p><a href=\"https:\/\/i0.wp.com\/hayabusa.eu.org\/wp-content\/uploads\/2016\/04\/Fugazowy-Fazer.jpg\" data-rel=\"lightbox-image-1\" data-rl_title=\"\" data-rl_caption=\"\" title=\"\"><img data-recalc-dims=\"1\" loading=\"lazy\" decoding=\"async\" data-attachment-id=\"8446\" data-permalink=\"https:\/\/hayabusa.eu.org\/en\/motocykle\/fugazowy-fazer\/fugazowy-fazer-2\/\" data-orig-file=\"https:\/\/i0.wp.com\/hayabusa.eu.org\/wp-content\/uploads\/2016\/04\/Fugazowy-Fazer.jpg?fit=640%2C427&amp;ssl=1\" data-orig-size=\"640,427\" data-comments-opened=\"1\" data-image-meta=\"{&quot;aperture&quot;:&quot;0&quot;,&quot;credit&quot;:&quot;&quot;,&quot;camera&quot;:&quot;&quot;,&quot;caption&quot;:&quot;&quot;,&quot;created_timestamp&quot;:&quot;0&quot;,&quot;copyright&quot;:&quot;&quot;,&quot;focal_length&quot;:&quot;0&quot;,&quot;iso&quot;:&quot;0&quot;,&quot;shutter_speed&quot;:&quot;0&quot;,&quot;title&quot;:&quot;&quot;,&quot;orientation&quot;:&quot;0&quot;}\" data-image-title=\"Fugazowy-Fazer\" data-image-description=\"\" data-image-caption=\"\" data-medium-file=\"https:\/\/i0.wp.com\/hayabusa.eu.org\/wp-content\/uploads\/2016\/04\/Fugazowy-Fazer.jpg?fit=300%2C200&amp;ssl=1\" data-large-file=\"https:\/\/i0.wp.com\/hayabusa.eu.org\/wp-content\/uploads\/2016\/04\/Fugazowy-Fazer.jpg?fit=640%2C427&amp;ssl=1\" class=\"aligncenter size-full wp-image-8446\" src=\"https:\/\/i0.wp.com\/hayabusa.eu.org\/wp-content\/uploads\/2016\/04\/Fugazowy-Fazer.jpg?resize=640%2C427\" alt=\"Fugazowy-Fazer\" width=\"640\" height=\"427\" srcset=\"https:\/\/i0.wp.com\/hayabusa.eu.org\/wp-content\/uploads\/2016\/04\/Fugazowy-Fazer.jpg?w=640&amp;ssl=1 640w, https:\/\/i0.wp.com\/hayabusa.eu.org\/wp-content\/uploads\/2016\/04\/Fugazowy-Fazer.jpg?resize=300%2C200&amp;ssl=1 300w\" sizes=\"auto, (max-width: 640px) 100vw, 640px\" \/><\/a><\/p>\n","protected":false},"excerpt":{"rendered":"<p>Nie, nie kupi\u0142em nowego motocykla&#8230; dlaczego wi\u0119c do\u0142o\u017cy\u0142em now\u0105 pozycj\u0119 do menu? Poniewa\u017c na pocz\u0105tku 2007r m\u00f3j Fazerek zosta\u0142 zapakowany na busa i pojecha\u0142 do Szajba&#8217;s Garage. Tam przejdzie swego rodzaju &#8216;lifting&#8217;. W planie&#46;&#46;&#46;<\/p>\n","protected":false},"author":1,"featured_media":8446,"parent":7271,"menu_order":0,"comment_status":"closed","ping_status":"closed","template":"","meta":{"_monsterinsights_skip_tracking":false,"_monsterinsights_sitenote_active":false,"_monsterinsights_sitenote_note":"","_monsterinsights_sitenote_category":0,"ngg_post_thumbnail":0,"jetpack_post_was_ever_published":false,"footnotes":""},"categories":[22,52],"tags":[72,40,24],"class_list":["post-8026","page","type-page","status-publish","has-post-thumbnail","hentry","category-motorcycles","category-fzs-600","tag-fugazowy-fazer","tag-fzs-600-fazer","tag-motorcycles"],"jetpack_sharing_enabled":true,"jetpack_shortlink":"https:\/\/wp.me\/P7M8NW-25s","_links":{"self":[{"href":"https:\/\/hayabusa.eu.org\/en\/wp-json\/wp\/v2\/pages\/8026","targetHints":{"allow":["GET"]}}],"collection":[{"href":"https:\/\/hayabusa.eu.org\/en\/wp-json\/wp\/v2\/pages"}],"about":[{"href":"https:\/\/hayabusa.eu.org\/en\/wp-json\/wp\/v2\/types\/page"}],"author":[{"embeddable":true,"href":"https:\/\/hayabusa.eu.org\/en\/wp-json\/wp\/v2\/users\/1"}],"replies":[{"embeddable":true,"href":"https:\/\/hayabusa.eu.org\/en\/wp-json\/wp\/v2\/comments?post=8026"}],"version-history":[{"count":4,"href":"https:\/\/hayabusa.eu.org\/en\/wp-json\/wp\/v2\/pages\/8026\/revisions"}],"predecessor-version":[{"id":8448,"href":"https:\/\/hayabusa.eu.org\/en\/wp-json\/wp\/v2\/pages\/8026\/revisions\/8448"}],"up":[{"embeddable":true,"href":"https:\/\/hayabusa.eu.org\/en\/wp-json\/wp\/v2\/pages\/7271"}],"wp:featuredmedia":[{"embeddable":true,"href":"https:\/\/hayabusa.eu.org\/en\/wp-json\/wp\/v2\/media\/8446"}],"wp:attachment":[{"href":"https:\/\/hayabusa.eu.org\/en\/wp-json\/wp\/v2\/media?parent=8026"}],"wp:term":[{"taxonomy":"category","embeddable":true,"href":"https:\/\/hayabusa.eu.org\/en\/wp-json\/wp\/v2\/categories?post=8026"},{"taxonomy":"post_tag","embeddable":true,"href":"https:\/\/hayabusa.eu.org\/en\/wp-json\/wp\/v2\/tags?post=8026"}],"curies":[{"name":"wp","href":"https:\/\/api.w.org\/{rel}","templated":true}]}}