{"id":8051,"date":"2005-08-24T17:58:10","date_gmt":"2005-08-24T15:58:10","guid":{"rendered":"http:\/\/dev.hayabusa.eu.org\/?page_id=8051"},"modified":"2016-08-03T21:18:54","modified_gmt":"2016-08-03T19:18:54","slug":"yamaha-fzs-600-fazer-dane-techniczne","status":"publish","type":"page","link":"https:\/\/hayabusa.eu.org\/en\/motocykle\/yamaha-fzs-600-fazer-dane-techniczne\/","title":{"rendered":"Yamaha FZS 600 Fazer &#8211; dane techniczne"},"content":{"rendered":"<p style=\"text-align: center;\"><b>DANE TECHNICZNE<\/b><\/p>\n<table border=\"0\" cellspacing=\"0\" cellpadding=\"2\">\n<tbody>\n<tr>\n<td class=\"menutitle\" colspan=\"2\"><b>OG\u00d3LNE<\/b><\/td>\n<\/tr>\n<tr>\n<td valign=\"top\">Model<\/td>\n<td valign=\"top\">Yamaha FZS 600 Fazer &#8216;2002<\/td>\n<\/tr>\n<tr>\n<td valign=\"top\">Kategoria<\/td>\n<td valign=\"top\">Naked bike<\/td>\n<\/tr>\n<tr>\n<td class=\"menutitle\" colspan=\"2\"><b>SILNIK<\/b><\/td>\n<\/tr>\n<tr>\n<td valign=\"top\">Typ<\/td>\n<td valign=\"top\">4-ro suw<\/td>\n<\/tr>\n<tr>\n<td valign=\"top\">Uk\u0142ad<\/td>\n<td valign=\"top\">4-ro cylindrowy, rz\u0119dowy<\/td>\n<\/tr>\n<tr>\n<td valign=\"top\">Pojemno\u015b\u0107 skokowa<\/td>\n<td valign=\"top\">599 ccm<\/td>\n<\/tr>\n<tr>\n<td valign=\"top\">\u015arednica x skok t\u0142oka<\/td>\n<td valign=\"top\">62.0 x 49.6 mm<\/td>\n<\/tr>\n<tr>\n<td valign=\"top\">Rozrz\u0105d<\/td>\n<td valign=\"top\">DOHC 4 zawory\/cylinder<\/td>\n<\/tr>\n<tr>\n<td valign=\"top\">Maksymalna moc<\/td>\n<td valign=\"top\">95.00 KM (69.3 kW)) przy 11500 obr\/min<\/td>\n<\/tr>\n<tr>\n<td valign=\"top\">Maksymalny moment obrotowy<\/td>\n<td valign=\"top\">61.20 Nm (45.1 ft.lbs) przy 9500 obr\/min<\/td>\n<\/tr>\n<tr>\n<td valign=\"top\">Stopie\u0144 kompresji<\/td>\n<td valign=\"top\">12.0:1<\/td>\n<\/tr>\n<tr>\n<td valign=\"top\">Zasilanie<\/td>\n<td valign=\"top\">4 ga\u017aniki Mikuni<\/td>\n<\/tr>\n<tr>\n<td valign=\"top\">\u015arednica gardzieli<\/td>\n<td valign=\"top\">33 mm<\/td>\n<\/tr>\n<tr>\n<td valign=\"top\">Starter<\/td>\n<td valign=\"top\">Elektryczny<\/td>\n<\/tr>\n<tr>\n<td class=\"menutitle\" colspan=\"2\"><b>PRZENIESIENIE NAP\u0118DU<\/b><\/td>\n<\/tr>\n<tr>\n<td valign=\"top\">Skrzynia bieg\u00f3w<\/td>\n<td valign=\"top\">6-cio stopniowa<\/td>\n<\/tr>\n<tr>\n<td valign=\"top\">Sprz\u0119g\u0142o<\/td>\n<td valign=\"top\">wielotarczowe, mokre<\/td>\n<\/tr>\n<tr>\n<td valign=\"top\">Nap\u0119d tylnego ko\u0142a<\/td>\n<td valign=\"top\">\u0142a\u0144cuch<\/td>\n<\/tr>\n<tr>\n<td class=\"menutitle\" colspan=\"2\"><b>PODWOZIE<\/b><\/td>\n<\/tr>\n<tr>\n<td valign=\"top\">Rama<\/td>\n<td valign=\"top\">podw\u00f3jna, stalowa, ko\u0142yskowa<\/td>\n<\/tr>\n<tr>\n<td valign=\"top\">K\u0105t g\u0142\u00f3wki ramy<\/td>\n<td valign=\"top\">66 stopni<\/td>\n<\/tr>\n<tr>\n<td valign=\"top\">Wyprzedzenie<\/td>\n<td valign=\"top\">88 mm<\/td>\n<\/tr>\n<tr>\n<td valign=\"top\">Przednie zawieszenie<\/td>\n<td valign=\"top\">widelec teleskopowy, skok 120 mm<\/td>\n<\/tr>\n<tr>\n<td valign=\"top\">Tylne zawieszenie<\/td>\n<td valign=\"top\">wahacz stalowy (monocross), skok 120 mm<\/td>\n<\/tr>\n<tr>\n<td class=\"menutitle\" colspan=\"2\"><b>HAMULCE<\/b><\/td>\n<\/tr>\n<tr>\n<td valign=\"top\">Przedni hamulec<\/td>\n<td valign=\"top\">podw\u00f3jna tarcza 298 mm<\/td>\n<\/tr>\n<tr>\n<td valign=\"top\">Tylny hamulec<\/td>\n<td valign=\"top\">pojedyncza tarcza 245 mm<\/td>\n<\/tr>\n<tr>\n<td class=\"menutitle\" colspan=\"2\"><b>OGUMIENIE<\/b><\/td>\n<\/tr>\n<tr>\n<td valign=\"top\">Przednia opona<\/td>\n<td valign=\"top\">110\/60-ZR17<\/td>\n<\/tr>\n<tr>\n<td valign=\"top\">Tylna opona<\/td>\n<td valign=\"top\">160\/60-ZR-17<\/td>\n<\/tr>\n<tr>\n<td class=\"menutitle\" colspan=\"2\"><b>WYMIARY<\/b><\/td>\n<\/tr>\n<tr>\n<td valign=\"top\">D\u0142ugo\u015b\u0107<\/td>\n<td valign=\"top\">2080 mm<\/td>\n<\/tr>\n<tr>\n<td valign=\"top\">Szeroko\u015b\u0107<\/td>\n<td valign=\"top\">710 mm<\/td>\n<\/tr>\n<tr>\n<td valign=\"top\">Wysoko\u015b\u0107<\/td>\n<td valign=\"top\">1180 mm<\/td>\n<\/tr>\n<tr>\n<td valign=\"top\">Wysoko\u015b\u0107 siedzenia<\/td>\n<td valign=\"top\">790 mm<\/td>\n<\/tr>\n<tr>\n<td valign=\"top\">Rozstaw osi<\/td>\n<td valign=\"top\">1415 mm<\/td>\n<\/tr>\n<tr>\n<td valign=\"top\">Pojemno\u015b\u0107 zbiornika paliwa<\/td>\n<td valign=\"top\">22 l (w tym 3.5 l rezerwy)<\/td>\n<\/tr>\n<tr>\n<td valign=\"top\">Masa sucha<\/td>\n<td valign=\"top\">189 kg<\/td>\n<\/tr>\n<tr>\n<td valign=\"top\">Masa poj. gotowego do jazdy<\/td>\n<td valign=\"top\">215 kg<\/td>\n<\/tr>\n<tr>\n<td class=\"menutitle\" colspan=\"2\"><b>OSI\u0104GI<\/b><\/td>\n<\/tr>\n<tr>\n<td valign=\"top\">Pr\u0119dko\u015b\u0107 maksymalna<\/td>\n<td valign=\"top\">218 km\/h<\/td>\n<\/tr>\n<tr>\n<td valign=\"top\">Przyspieszenie 0 &#8211; 100 km\/h<\/td>\n<td valign=\"top\">3.3 s<\/td>\n<\/tr>\n<tr>\n<td valign=\"top\">Stos. mocy do masy<\/td>\n<td valign=\"top\">0.5026 KM\/kg<\/td>\n<\/tr>\n<tr>\n<td valign=\"top\">\u015arednie zu\u017cycie paliwa<\/td>\n<td valign=\"top\">5.5 &#8211; 6.5 l \/ 100 km<\/td>\n<\/tr>\n<\/tbody>\n<\/table>\n","protected":false},"excerpt":{"rendered":"<p>DANE TECHNICZNE OG\u00d3LNE Model Yamaha FZS 600 Fazer &#8216;2002 Kategoria Naked bike SILNIK Typ 4-ro suw Uk\u0142ad 4-ro cylindrowy, rz\u0119dowy Pojemno\u015b\u0107 skokowa 599 ccm \u015arednica x skok t\u0142oka 62.0 x 49.6 mm Rozrz\u0105d DOHC&#46;&#46;&#46;<\/p>\n","protected":false},"author":1,"featured_media":8422,"parent":7271,"menu_order":0,"comment_status":"closed","ping_status":"closed","template":"","meta":{"_monsterinsights_skip_tracking":false,"_monsterinsights_sitenote_active":false,"_monsterinsights_sitenote_note":"","_monsterinsights_sitenote_category":0,"ngg_post_thumbnail":0,"jetpack_post_was_ever_published":false,"footnotes":""},"categories":[22,52],"tags":[100,40,24],"class_list":["post-8051","page","type-page","status-publish","has-post-thumbnail","hentry","category-motorcycles","category-fzs-600","tag-specs","tag-fzs-600-fazer","tag-motorcycles"],"jetpack_sharing_enabled":true,"jetpack_shortlink":"https:\/\/wp.me\/P7M8NW-25R","_links":{"self":[{"href":"https:\/\/hayabusa.eu.org\/en\/wp-json\/wp\/v2\/pages\/8051","targetHints":{"allow":["GET"]}}],"collection":[{"href":"https:\/\/hayabusa.eu.org\/en\/wp-json\/wp\/v2\/pages"}],"about":[{"href":"https:\/\/hayabusa.eu.org\/en\/wp-json\/wp\/v2\/types\/page"}],"author":[{"embeddable":true,"href":"https:\/\/hayabusa.eu.org\/en\/wp-json\/wp\/v2\/users\/1"}],"replies":[{"embeddable":true,"href":"https:\/\/hayabusa.eu.org\/en\/wp-json\/wp\/v2\/comments?post=8051"}],"version-history":[{"count":1,"href":"https:\/\/hayabusa.eu.org\/en\/wp-json\/wp\/v2\/pages\/8051\/revisions"}],"predecessor-version":[{"id":8052,"href":"https:\/\/hayabusa.eu.org\/en\/wp-json\/wp\/v2\/pages\/8051\/revisions\/8052"}],"up":[{"embeddable":true,"href":"https:\/\/hayabusa.eu.org\/en\/wp-json\/wp\/v2\/pages\/7271"}],"wp:featuredmedia":[{"embeddable":true,"href":"https:\/\/hayabusa.eu.org\/en\/wp-json\/wp\/v2\/media\/8422"}],"wp:attachment":[{"href":"https:\/\/hayabusa.eu.org\/en\/wp-json\/wp\/v2\/media?parent=8051"}],"wp:term":[{"taxonomy":"category","embeddable":true,"href":"https:\/\/hayabusa.eu.org\/en\/wp-json\/wp\/v2\/categories?post=8051"},{"taxonomy":"post_tag","embeddable":true,"href":"https:\/\/hayabusa.eu.org\/en\/wp-json\/wp\/v2\/tags?post=8051"}],"curies":[{"name":"wp","href":"https:\/\/api.w.org\/{rel}","templated":true}]}}