{"id":8100,"date":"2007-03-04T17:50:29","date_gmt":"2007-03-04T16:50:29","guid":{"rendered":"http:\/\/dev.hayabusa.eu.org\/?page_id=8100"},"modified":"2016-08-03T21:20:19","modified_gmt":"2016-08-03T19:20:19","slug":"yamaha-fzs-600-fazer-wrazenia-po-20-tys-km","status":"publish","type":"page","link":"https:\/\/hayabusa.eu.org\/en\/motocykle\/yamaha-fzs-600-fazer-wrazenia-po-20-tys-km\/","title":{"rendered":"Yamaha FZS-600 Fazer &#8211; wra\u017cenia po 20 tys. km"},"content":{"rendered":"<p>W roku 2006 sezon rozpocz\u0105\u0142 si\u0119 do\u015b\u0107 wcze\u015bnie i obfitowa\u0142 w sporo ciekawych wyjazd\u00f3w. Wskutek tego nawin\u0105\u0142em Fazerkiem ponad 20 tys. km. W mi\u0119dzyczasie dokona\u0142em wymiany zestawu nap\u0119dowego, wyregulowa\u0142em zawory, zmieni\u0142em olej w przednim zawieszeniu i kilka razy w silniku, filtry i inne rzeczy, kt\u00f3re wymienia si\u0119 przy normalnej eksploatacji. W zamian za to Fazerek nie odm\u00f3wi\u0142 mi ani razu pos\u0142usze\u0144stwa, nie je\u017adzi\u0142 po rowach, nie wywraca\u0142 si\u0119 na parkingach i nie opuszcza\u0142 drogi.<br \/>\nFazerem je\u017adzi si\u0119 r\u00f3wnie dobrze po ciasnych bieszczadzkich serpentynach, jak i po d\u0142ugich, s\u0142owackich, zacie\u015bniaj\u0105cych si\u0119 \u0142ukach. Dobrze sprawuje si\u0119 w mie\u015bcie. Mo\u017cna nim pojecha\u0107 na 100km wypad na winkle, a tak\u017ce na wakacje do Czarnog\u00f3ry, gdzie podczas trasy robi\u0142o si\u0119 po 600km w siodle, po dwa dni pod rz\u0105d. 400km winkli jeden za drugim to sama rado\u015b\u0107, nawet przy objuczonym kufrem i rolbagiem motocyklu. Troch\u0119 nudno jest na autostradach&#8230; ale ja ju\u017c tak mam, \u017ce si\u0119 nudz\u0119 na d\u0142ugich prostych.<br \/>\nMia\u0142em te\u017c okazj\u0119 w tym sezonie poje\u017adzi\u0107 na kilku innych motocyklach, by\u0142y to: Honda CBR 600, CBR 1100 XX Superblackbird i Suzuki Hayabusa. Uwa\u017cam jednak, \u017ce na moje obecne do\u015bwiadczenie Fazer jest dobrym wyborem, bo \u015bwietnie \u0142\u0105czy w sobie cechy motocykla turystycznego ze sportowym charakterkiem. Z wy\u017cej wymienionych bardzo fajnie mi si\u0119 je\u017adzi\u0142o na Hayabusie, ale zanim b\u0119d\u0119 my\u015bla\u0142 o przesiadce, to zamierzam jeszcze podszkoli\u0107 nieco swoje umiej\u0119tno\u015bci na mniejszych pojemno\u015bciach i mocach.<\/p>\n","protected":false},"excerpt":{"rendered":"<p>W roku 2006 sezon rozpocz\u0105\u0142 si\u0119 do\u015b\u0107 wcze\u015bnie i obfitowa\u0142 w sporo ciekawych wyjazd\u00f3w. Wskutek tego nawin\u0105\u0142em Fazerkiem ponad 20 tys. km. W mi\u0119dzyczasie dokona\u0142em wymiany zestawu nap\u0119dowego, wyregulowa\u0142em zawory, zmieni\u0142em olej w przednim&#46;&#46;&#46;<\/p>\n","protected":false},"author":1,"featured_media":8431,"parent":7271,"menu_order":0,"comment_status":"closed","ping_status":"closed","template":"","meta":{"_monsterinsights_skip_tracking":false,"_monsterinsights_sitenote_active":false,"_monsterinsights_sitenote_note":"","_monsterinsights_sitenote_category":0,"ngg_post_thumbnail":0,"jetpack_post_was_ever_published":false,"footnotes":""},"categories":[22,52],"tags":[40,24,102,61],"class_list":["post-8100","page","type-page","status-publish","has-post-thumbnail","hentry","category-motorcycles","category-fzs-600","tag-fzs-600-fazer","tag-motorcycles","tag-impressions","tag-yamaha"],"jetpack_sharing_enabled":true,"jetpack_shortlink":"https:\/\/wp.me\/P7M8NW-26E","_links":{"self":[{"href":"https:\/\/hayabusa.eu.org\/en\/wp-json\/wp\/v2\/pages\/8100","targetHints":{"allow":["GET"]}}],"collection":[{"href":"https:\/\/hayabusa.eu.org\/en\/wp-json\/wp\/v2\/pages"}],"about":[{"href":"https:\/\/hayabusa.eu.org\/en\/wp-json\/wp\/v2\/types\/page"}],"author":[{"embeddable":true,"href":"https:\/\/hayabusa.eu.org\/en\/wp-json\/wp\/v2\/users\/1"}],"replies":[{"embeddable":true,"href":"https:\/\/hayabusa.eu.org\/en\/wp-json\/wp\/v2\/comments?post=8100"}],"version-history":[{"count":1,"href":"https:\/\/hayabusa.eu.org\/en\/wp-json\/wp\/v2\/pages\/8100\/revisions"}],"predecessor-version":[{"id":8101,"href":"https:\/\/hayabusa.eu.org\/en\/wp-json\/wp\/v2\/pages\/8100\/revisions\/8101"}],"up":[{"embeddable":true,"href":"https:\/\/hayabusa.eu.org\/en\/wp-json\/wp\/v2\/pages\/7271"}],"wp:featuredmedia":[{"embeddable":true,"href":"https:\/\/hayabusa.eu.org\/en\/wp-json\/wp\/v2\/media\/8431"}],"wp:attachment":[{"href":"https:\/\/hayabusa.eu.org\/en\/wp-json\/wp\/v2\/media?parent=8100"}],"wp:term":[{"taxonomy":"category","embeddable":true,"href":"https:\/\/hayabusa.eu.org\/en\/wp-json\/wp\/v2\/categories?post=8100"},{"taxonomy":"post_tag","embeddable":true,"href":"https:\/\/hayabusa.eu.org\/en\/wp-json\/wp\/v2\/tags?post=8100"}],"curies":[{"name":"wp","href":"https:\/\/api.w.org\/{rel}","templated":true}]}}