{"id":8406,"date":"2016-08-03T18:40:08","date_gmt":"2016-08-03T16:40:08","guid":{"rendered":"http:\/\/hayabusa.eu.org\/?page_id=8406"},"modified":"2017-08-31T09:50:30","modified_gmt":"2017-08-31T07:50:30","slug":"bmw-335i-e93","status":"publish","type":"page","link":"https:\/\/hayabusa.eu.org\/en\/bmw-335i-e93\/","title":{"rendered":"BMW 335i e93"},"content":{"rendered":"<p>Zanim jeszcze sprzeda\u0142em Mazd\u0119 zacz\u0105\u0142em rozgl\u0105da\u0107 si\u0119 za jakim\u015b godnym nast\u0119pc\u0105 tego samochodu. My\u015bla\u0142em o Subaru BRZ, kt\u00f3re podoba mi si\u0119 od momentu wej\u015bcia na rynek, ale to auto by\u0142o zbyt m\u0142ode \u017ceby znale\u017a\u0107 dobry egzemplarz w kwocie kt\u00f3r\u0105 wtedy dysponowa\u0142em.<\/p>\n<p><a href=\"https:\/\/i0.wp.com\/hayabusa.eu.org\/wp-content\/uploads\/2016\/08\/BMW-335i-03.jpg\" data-rel=\"lightbox-image-0\" data-rl_title=\"\" data-rl_caption=\"\" title=\"\"><img data-recalc-dims=\"1\" loading=\"lazy\" decoding=\"async\" data-attachment-id=\"8411\" data-permalink=\"https:\/\/hayabusa.eu.org\/en\/bmw-335i-e93\/bmw-335i-03\/\" data-orig-file=\"https:\/\/i0.wp.com\/hayabusa.eu.org\/wp-content\/uploads\/2016\/08\/BMW-335i-03.jpg?fit=1280%2C850&amp;ssl=1\" data-orig-size=\"1280,850\" data-comments-opened=\"1\" data-image-meta=\"{&quot;aperture&quot;:&quot;4.5&quot;,&quot;credit&quot;:&quot;&quot;,&quot;camera&quot;:&quot;NIKON D300&quot;,&quot;caption&quot;:&quot;&quot;,&quot;created_timestamp&quot;:&quot;1412267173&quot;,&quot;copyright&quot;:&quot;&quot;,&quot;focal_length&quot;:&quot;31&quot;,&quot;iso&quot;:&quot;200&quot;,&quot;shutter_speed&quot;:&quot;0.01&quot;,&quot;title&quot;:&quot;&quot;,&quot;orientation&quot;:&quot;1&quot;}\" data-image-title=\"BMW-335i-03\" data-image-description=\"\" data-image-caption=\"\" data-medium-file=\"https:\/\/i0.wp.com\/hayabusa.eu.org\/wp-content\/uploads\/2016\/08\/BMW-335i-03.jpg?fit=300%2C199&amp;ssl=1\" data-large-file=\"https:\/\/i0.wp.com\/hayabusa.eu.org\/wp-content\/uploads\/2016\/08\/BMW-335i-03.jpg?fit=1024%2C680&amp;ssl=1\" class=\"aligncenter size-large wp-image-8411\" src=\"https:\/\/i0.wp.com\/hayabusa.eu.org\/wp-content\/uploads\/2016\/08\/BMW-335i-03-1024x680.jpg?resize=1024%2C680\" alt=\"BMW-335i-03\" width=\"1024\" height=\"680\" srcset=\"https:\/\/i0.wp.com\/hayabusa.eu.org\/wp-content\/uploads\/2016\/08\/BMW-335i-03.jpg?resize=1024%2C680&amp;ssl=1 1024w, https:\/\/i0.wp.com\/hayabusa.eu.org\/wp-content\/uploads\/2016\/08\/BMW-335i-03.jpg?resize=300%2C199&amp;ssl=1 300w, https:\/\/i0.wp.com\/hayabusa.eu.org\/wp-content\/uploads\/2016\/08\/BMW-335i-03.jpg?resize=768%2C510&amp;ssl=1 768w, https:\/\/i0.wp.com\/hayabusa.eu.org\/wp-content\/uploads\/2016\/08\/BMW-335i-03.jpg?w=1280&amp;ssl=1 1280w\" sizes=\"auto, (max-width: 1000px) 100vw, 1000px\" \/><\/a>Kiedy\u015b wcze\u015bniej, na etapie Mazdy my\u015bla\u0142em o zakupie BMW z serii e46 Coupe, wi\u0119c teraz powr\u00f3ci\u0142em do tego pomys\u0142u, z tym \u017ce przy wi\u0119kszym bud\u017cecie mo\u017cna ju\u017c by\u0142o celowa\u0107 w M3 e46 lub zwyk\u0142e e90\/e92. Oczywi\u015bcie silnik musia\u0142 r\u00f3wnie\u017c godnie zast\u0119powa\u0107 turbo do\u0142adowan\u0105 jednostk\u0119 z Mazdy 3 MPS, a na diesla robi\u0119 za ma\u0142e przebiegi, wi\u0119c kumpel podsun\u0105\u0142 mi my\u015bl o BMW 335i.<\/p>\n<p><a href=\"https:\/\/i0.wp.com\/hayabusa.eu.org\/wp-content\/uploads\/2016\/08\/BMW-335i-11.jpg\" data-rel=\"lightbox-image-1\" data-rl_title=\"BMW 335i e93 Start\/Stop Engine Button\" data-rl_caption=\"\" title=\"BMW 335i e93 Start\/Stop Engine Button\"><img data-recalc-dims=\"1\" loading=\"lazy\" decoding=\"async\" data-attachment-id=\"8407\" data-permalink=\"https:\/\/hayabusa.eu.org\/en\/bmw-335i-e93\/bmw-335i-11\/\" data-orig-file=\"https:\/\/i0.wp.com\/hayabusa.eu.org\/wp-content\/uploads\/2016\/08\/BMW-335i-11.jpg?fit=1280%2C850&amp;ssl=1\" data-orig-size=\"1280,850\" data-comments-opened=\"1\" data-image-meta=\"{&quot;aperture&quot;:&quot;2.8&quot;,&quot;credit&quot;:&quot;&quot;,&quot;camera&quot;:&quot;NIKON D300&quot;,&quot;caption&quot;:&quot;&quot;,&quot;created_timestamp&quot;:&quot;1412269148&quot;,&quot;copyright&quot;:&quot;&quot;,&quot;focal_length&quot;:&quot;55&quot;,&quot;iso&quot;:&quot;800&quot;,&quot;shutter_speed&quot;:&quot;0.016666666666667&quot;,&quot;title&quot;:&quot;&quot;,&quot;orientation&quot;:&quot;1&quot;}\" data-image-title=\"BMW 335i e93 Start Engine Button\" data-image-description=\"&lt;p&gt;BMW 335i e93 Start Engine Button&lt;\/p&gt;\n\" data-image-caption=\"&lt;p&gt;BMW 335i e93 Start\/Stop Engine Button&lt;\/p&gt;\n\" data-medium-file=\"https:\/\/i0.wp.com\/hayabusa.eu.org\/wp-content\/uploads\/2016\/08\/BMW-335i-11.jpg?fit=300%2C199&amp;ssl=1\" data-large-file=\"https:\/\/i0.wp.com\/hayabusa.eu.org\/wp-content\/uploads\/2016\/08\/BMW-335i-11.jpg?fit=1024%2C680&amp;ssl=1\" class=\"wp-image-8407 size-large aligncenter\" src=\"https:\/\/i0.wp.com\/hayabusa.eu.org\/wp-content\/uploads\/2016\/08\/BMW-335i-11-1024x680.jpg?resize=1024%2C680\" alt=\"BMW 335i e93 Start Engine Button\" width=\"1024\" height=\"680\" srcset=\"https:\/\/i0.wp.com\/hayabusa.eu.org\/wp-content\/uploads\/2016\/08\/BMW-335i-11.jpg?resize=1024%2C680&amp;ssl=1 1024w, https:\/\/i0.wp.com\/hayabusa.eu.org\/wp-content\/uploads\/2016\/08\/BMW-335i-11.jpg?resize=300%2C199&amp;ssl=1 300w, https:\/\/i0.wp.com\/hayabusa.eu.org\/wp-content\/uploads\/2016\/08\/BMW-335i-11.jpg?resize=768%2C510&amp;ssl=1 768w, https:\/\/i0.wp.com\/hayabusa.eu.org\/wp-content\/uploads\/2016\/08\/BMW-335i-11.jpg?w=1280&amp;ssl=1 1280w\" sizes=\"auto, (max-width: 1000px) 100vw, 1000px\" \/><\/a>Po przeanalizowaniu tematu zacz\u0105\u0142em si\u0119 rozgl\u0105da\u0107 za BMW 335i w wersji Coupe (e92) lub Cabrio (e93), bo zwyk\u0142y sedan nie robi na mnie takiego wra\u017cenia, a kombi nie potrzebuj\u0119. Wyb\u00f3r takich aut na rynku wbrew pozorom nie jest zbyt wielki, no bo wiadomo, Polak najbardziej lubi Passata w kombi, 1.9 TDI z przebiegiem do 100 tys. km \ud83d\ude42<br \/>\nObdzwoni\u0142em kilka og\u0142osze\u0144 i obejrza\u0142em kilka aut z okolicy, ale zwykle po sprawdzeniu VINu lub zleceniu ogl\u0119dzin osobom bardziej fachowym okazywa\u0142o si\u0119, \u017ce lepiej sobie odpu\u015bci\u0107. W ko\u0144cu znalaz\u0142em sensowny w\u00f3z, pojecha\u0142em obejrze\u0107, zabra\u0142em na warsztat i wst\u0119pna diagnoza okaza\u0142a si\u0119 pomy\u015blna. Wys\u0142a\u0142em jeszcze cz\u0142owieka, kt\u00f3ry niemal zawodowo zajmuje si\u0119 ogl\u0119dzinami i dosta\u0142em od niego 3-stronicowy raport, z kt\u00f3rego wynika\u0142o, \u017ce auto jest w porz\u0105dku i warte zainteresowania.<\/p>\n<p>Tak w moje r\u0119ce trafi\u0142o BMW 335i w wersji Convertible (e93), z benzynowym, 6-cio cylindrowym silnikiem Bi-Turbo o mocy 306 KM.<\/p>\n<p><a href=\"https:\/\/i0.wp.com\/hayabusa.eu.org\/wp-content\/uploads\/2016\/08\/BMW-top-down-right.jpg\" data-rel=\"lightbox-image-2\" data-rl_title=\"\" data-rl_caption=\"\" title=\"\"><img data-recalc-dims=\"1\" loading=\"lazy\" decoding=\"async\" data-attachment-id=\"8483\" data-permalink=\"https:\/\/hayabusa.eu.org\/en\/bmw-335i-e93\/bmw-top-down-right\/\" data-orig-file=\"https:\/\/i0.wp.com\/hayabusa.eu.org\/wp-content\/uploads\/2016\/08\/BMW-top-down-right.jpg?fit=1920%2C1080&amp;ssl=1\" data-orig-size=\"1920,1080\" data-comments-opened=\"1\" data-image-meta=\"{&quot;aperture&quot;:&quot;4&quot;,&quot;credit&quot;:&quot;&quot;,&quot;camera&quot;:&quot;NIKON D300&quot;,&quot;caption&quot;:&quot;&quot;,&quot;created_timestamp&quot;:&quot;1412267833&quot;,&quot;copyright&quot;:&quot;&quot;,&quot;focal_length&quot;:&quot;28&quot;,&quot;iso&quot;:&quot;200&quot;,&quot;shutter_speed&quot;:&quot;0.016666666666667&quot;,&quot;title&quot;:&quot;&quot;,&quot;orientation&quot;:&quot;1&quot;}\" data-image-title=\"BMW-top-down-right\" data-image-description=\"\" data-image-caption=\"\" data-medium-file=\"https:\/\/i0.wp.com\/hayabusa.eu.org\/wp-content\/uploads\/2016\/08\/BMW-top-down-right.jpg?fit=300%2C169&amp;ssl=1\" data-large-file=\"https:\/\/i0.wp.com\/hayabusa.eu.org\/wp-content\/uploads\/2016\/08\/BMW-top-down-right.jpg?fit=1024%2C576&amp;ssl=1\" class=\"aligncenter size-large wp-image-8483\" src=\"https:\/\/i0.wp.com\/hayabusa.eu.org\/wp-content\/uploads\/2016\/08\/BMW-top-down-right-1024x576.jpg?resize=1024%2C576\" alt=\"BMW-top-down-right\" width=\"1024\" height=\"576\" srcset=\"https:\/\/i0.wp.com\/hayabusa.eu.org\/wp-content\/uploads\/2016\/08\/BMW-top-down-right.jpg?resize=1024%2C576&amp;ssl=1 1024w, https:\/\/i0.wp.com\/hayabusa.eu.org\/wp-content\/uploads\/2016\/08\/BMW-top-down-right.jpg?resize=300%2C169&amp;ssl=1 300w, https:\/\/i0.wp.com\/hayabusa.eu.org\/wp-content\/uploads\/2016\/08\/BMW-top-down-right.jpg?resize=768%2C432&amp;ssl=1 768w, https:\/\/i0.wp.com\/hayabusa.eu.org\/wp-content\/uploads\/2016\/08\/BMW-top-down-right.jpg?w=1920&amp;ssl=1 1920w\" sizes=\"auto, (max-width: 1000px) 100vw, 1000px\" \/><\/a><\/p>\n","protected":false},"excerpt":{"rendered":"<p>Zanim jeszcze sprzeda\u0142em Mazd\u0119 zacz\u0105\u0142em rozgl\u0105da\u0107 si\u0119 za jakim\u015b godnym nast\u0119pc\u0105 tego samochodu. My\u015bla\u0142em o Subaru BRZ, kt\u00f3re podoba mi si\u0119 od momentu wej\u015bcia na rynek, ale to auto by\u0142o zbyt m\u0142ode \u017ceby znale\u017a\u0107&#46;&#46;&#46;<\/p>\n","protected":false},"author":1,"featured_media":8412,"parent":0,"menu_order":0,"comment_status":"closed","ping_status":"closed","template":"","meta":{"_monsterinsights_skip_tracking":false,"_monsterinsights_sitenote_active":false,"_monsterinsights_sitenote_note":"","_monsterinsights_sitenote_category":0,"ngg_post_thumbnail":0,"jetpack_post_was_ever_published":false,"footnotes":""},"categories":[92,91],"tags":[95,94,93],"class_list":["post-8406","page","type-page","status-publish","has-post-thumbnail","hentry","category-bmw-335i","category-cars","tag-bmw","tag-bmw-335i","tag-cars"],"jetpack_sharing_enabled":true,"jetpack_shortlink":"https:\/\/wp.me\/P7M8NW-2bA","_links":{"self":[{"href":"https:\/\/hayabusa.eu.org\/en\/wp-json\/wp\/v2\/pages\/8406","targetHints":{"allow":["GET"]}}],"collection":[{"href":"https:\/\/hayabusa.eu.org\/en\/wp-json\/wp\/v2\/pages"}],"about":[{"href":"https:\/\/hayabusa.eu.org\/en\/wp-json\/wp\/v2\/types\/page"}],"author":[{"embeddable":true,"href":"https:\/\/hayabusa.eu.org\/en\/wp-json\/wp\/v2\/users\/1"}],"replies":[{"embeddable":true,"href":"https:\/\/hayabusa.eu.org\/en\/wp-json\/wp\/v2\/comments?post=8406"}],"version-history":[{"count":6,"href":"https:\/\/hayabusa.eu.org\/en\/wp-json\/wp\/v2\/pages\/8406\/revisions"}],"predecessor-version":[{"id":8918,"href":"https:\/\/hayabusa.eu.org\/en\/wp-json\/wp\/v2\/pages\/8406\/revisions\/8918"}],"wp:featuredmedia":[{"embeddable":true,"href":"https:\/\/hayabusa.eu.org\/en\/wp-json\/wp\/v2\/media\/8412"}],"wp:attachment":[{"href":"https:\/\/hayabusa.eu.org\/en\/wp-json\/wp\/v2\/media?parent=8406"}],"wp:term":[{"taxonomy":"category","embeddable":true,"href":"https:\/\/hayabusa.eu.org\/en\/wp-json\/wp\/v2\/categories?post=8406"},{"taxonomy":"post_tag","embeddable":true,"href":"https:\/\/hayabusa.eu.org\/en\/wp-json\/wp\/v2\/tags?post=8406"}],"curies":[{"name":"wp","href":"https:\/\/api.w.org\/{rel}","templated":true}]}}