{"id":8415,"date":"2015-08-02T18:48:59","date_gmt":"2015-08-02T16:48:59","guid":{"rendered":"http:\/\/hayabusa.eu.org\/?page_id=8415"},"modified":"2016-08-03T22:48:26","modified_gmt":"2016-08-03T20:48:26","slug":"mazdaspeed3","status":"publish","type":"page","link":"https:\/\/hayabusa.eu.org\/en\/mazdaspeed3\/","title":{"rendered":"Mazdaspeed3"},"content":{"rendered":"<p>Rozgl\u0105daj\u0105c si\u0119 za nowym samochodem nie mia\u0142em poj\u0119cia o istnieniu Mazda Performance Series (MPS). Poniewa\u017c nie nacieszy\u0142em si\u0119 za d\u0142ugo Audi A3 quattro, to celowa\u0142em zn\u00f3w w A3 S-line lub S3, ale tym razem ju\u017c z benzynowym silnikiem 2.0 TFSI, a jeszcze lepiej 3.2, oczywi\u015bcie w wersji quattro. I chocia\u017c wyb\u00f3r w internecie by\u0142 spory, to po kilku ogl\u0119dzinach i telefonach zacz\u0105\u0142em w\u0105tpi\u0107 czy uda mi si\u0119 co\u015b fajnego znale\u017a\u0107. Zacz\u0105\u0142em wi\u0119c si\u0119 rozgl\u0105da\u0107 za samochodami japo\u0144skimi, kumpel niedawno kupi\u0142 nowego Mitsubishi Lancera 1.8, ale by\u0142em z nim na je\u017adzie pr\u00f3bnej i jako\u015b to nie chcia\u0142o jecha\u0107. Obejrza\u0142em nawet takiego w wersji GTS (USA) z silnikiem 2.0 i zmienionym dolotem, kt\u00f3ry troch\u0119 \u017cwawiej si\u0119 zbiera\u0142, ale jak p\u00f3\u017aniej wrzuci\u0142em VIN do wyszukiwarki, to ju\u017c go nie chcia\u0142em kupi\u0107.<br \/>\nI wtedy podczas kolejnych poszukiwa\u0144 wyskoczy\u0142a mi Mazda z silnikiem 2.3 turbo o mocy 260 KM i momentem 380 Nm! Zaraz zrobi\u0142em rekonesans co to za jednostka i kto wpad\u0142 na pomys\u0142, \u017ceby j\u0105 zamontowa\u0107 w takim ma\u0142ym aucie. Nast\u0119pnego dnia dzwoni\u0142em ju\u017c do komisu \u017ceby si\u0119 um\u00f3wi\u0107 na jazd\u0119 pr\u00f3bn\u0105.<\/p>\n<p><a href=\"https:\/\/i0.wp.com\/hayabusa.eu.org\/wp-content\/uploads\/2016\/08\/20110930-MPS-Kety-08.jpg\" data-rel=\"lightbox-image-0\" data-rl_title=\"\" data-rl_caption=\"\" title=\"\"><img data-recalc-dims=\"1\" loading=\"lazy\" decoding=\"async\" data-attachment-id=\"8417\" data-permalink=\"https:\/\/hayabusa.eu.org\/en\/mazdaspeed3\/20110930-mps-kety-08\/\" data-orig-file=\"https:\/\/i0.wp.com\/hayabusa.eu.org\/wp-content\/uploads\/2016\/08\/20110930-MPS-Kety-08.jpg?fit=1024%2C683&amp;ssl=1\" data-orig-size=\"1024,683\" data-comments-opened=\"1\" data-image-meta=\"{&quot;aperture&quot;:&quot;0&quot;,&quot;credit&quot;:&quot;&quot;,&quot;camera&quot;:&quot;&quot;,&quot;caption&quot;:&quot;&quot;,&quot;created_timestamp&quot;:&quot;0&quot;,&quot;copyright&quot;:&quot;&quot;,&quot;focal_length&quot;:&quot;0&quot;,&quot;iso&quot;:&quot;0&quot;,&quot;shutter_speed&quot;:&quot;0&quot;,&quot;title&quot;:&quot;&quot;,&quot;orientation&quot;:&quot;0&quot;}\" data-image-title=\"Mazdaspeed3 inside\" data-image-description=\"\" data-image-caption=\"\" data-medium-file=\"https:\/\/i0.wp.com\/hayabusa.eu.org\/wp-content\/uploads\/2016\/08\/20110930-MPS-Kety-08.jpg?fit=300%2C200&amp;ssl=1\" data-large-file=\"https:\/\/i0.wp.com\/hayabusa.eu.org\/wp-content\/uploads\/2016\/08\/20110930-MPS-Kety-08.jpg?fit=1024%2C683&amp;ssl=1\" class=\"aligncenter size-full wp-image-8417\" src=\"https:\/\/i0.wp.com\/hayabusa.eu.org\/wp-content\/uploads\/2016\/08\/20110930-MPS-Kety-08.jpg?resize=1024%2C683\" alt=\"Mazdaspeed3 inside\" width=\"1024\" height=\"683\" srcset=\"https:\/\/i0.wp.com\/hayabusa.eu.org\/wp-content\/uploads\/2016\/08\/20110930-MPS-Kety-08.jpg?w=1024&amp;ssl=1 1024w, https:\/\/i0.wp.com\/hayabusa.eu.org\/wp-content\/uploads\/2016\/08\/20110930-MPS-Kety-08.jpg?resize=300%2C200&amp;ssl=1 300w, https:\/\/i0.wp.com\/hayabusa.eu.org\/wp-content\/uploads\/2016\/08\/20110930-MPS-Kety-08.jpg?resize=768%2C512&amp;ssl=1 768w\" sizes=\"auto, (max-width: 1000px) 100vw, 1000px\" \/><\/a>Tak oto sta\u0142em si\u0119 w\u0142a\u015bcicielem fascynuj\u0105cego hot-hatcha jakim jest Mazdaspeed3, w europie znana jako Mazda3 MPS. Ta fascynacja spowodowa\u0142a nawet powstanie strony: <a href=\"http:\/\/mps.drfugazi.eu.org\/\">http:\/\/mps.drfugazi.eu.org\/<\/a><\/p>\n<p><a href=\"https:\/\/i0.wp.com\/hayabusa.eu.org\/wp-content\/uploads\/2016\/08\/20110930-MPS-Kety-07.jpg\" data-rel=\"lightbox-image-1\" data-rl_title=\"\" data-rl_caption=\"\" title=\"\"><img data-recalc-dims=\"1\" loading=\"lazy\" decoding=\"async\" data-attachment-id=\"8418\" data-permalink=\"https:\/\/hayabusa.eu.org\/en\/mazdaspeed3\/20110930-mps-kety-07\/\" data-orig-file=\"https:\/\/i0.wp.com\/hayabusa.eu.org\/wp-content\/uploads\/2016\/08\/20110930-MPS-Kety-07.jpg?fit=1024%2C683&amp;ssl=1\" data-orig-size=\"1024,683\" data-comments-opened=\"1\" data-image-meta=\"{&quot;aperture&quot;:&quot;0&quot;,&quot;credit&quot;:&quot;&quot;,&quot;camera&quot;:&quot;&quot;,&quot;caption&quot;:&quot;&quot;,&quot;created_timestamp&quot;:&quot;0&quot;,&quot;copyright&quot;:&quot;&quot;,&quot;focal_length&quot;:&quot;0&quot;,&quot;iso&quot;:&quot;0&quot;,&quot;shutter_speed&quot;:&quot;0&quot;,&quot;title&quot;:&quot;&quot;,&quot;orientation&quot;:&quot;0&quot;}\" data-image-title=\"Mazdaspeed3 inside\" data-image-description=\"\" data-image-caption=\"\" data-medium-file=\"https:\/\/i0.wp.com\/hayabusa.eu.org\/wp-content\/uploads\/2016\/08\/20110930-MPS-Kety-07.jpg?fit=300%2C200&amp;ssl=1\" data-large-file=\"https:\/\/i0.wp.com\/hayabusa.eu.org\/wp-content\/uploads\/2016\/08\/20110930-MPS-Kety-07.jpg?fit=1024%2C683&amp;ssl=1\" class=\"aligncenter size-full wp-image-8418\" src=\"https:\/\/i0.wp.com\/hayabusa.eu.org\/wp-content\/uploads\/2016\/08\/20110930-MPS-Kety-07.jpg?resize=1024%2C683\" alt=\"Mazdaspeed3 inside\" width=\"1024\" height=\"683\" srcset=\"https:\/\/i0.wp.com\/hayabusa.eu.org\/wp-content\/uploads\/2016\/08\/20110930-MPS-Kety-07.jpg?w=1024&amp;ssl=1 1024w, https:\/\/i0.wp.com\/hayabusa.eu.org\/wp-content\/uploads\/2016\/08\/20110930-MPS-Kety-07.jpg?resize=300%2C200&amp;ssl=1 300w, https:\/\/i0.wp.com\/hayabusa.eu.org\/wp-content\/uploads\/2016\/08\/20110930-MPS-Kety-07.jpg?resize=768%2C512&amp;ssl=1 768w\" sizes=\"auto, (max-width: 1000px) 100vw, 1000px\" \/><\/a><\/p>\n","protected":false},"excerpt":{"rendered":"<p>Rozgl\u0105daj\u0105c si\u0119 za nowym samochodem nie mia\u0142em poj\u0119cia o istnieniu Mazda Performance Series (MPS). Poniewa\u017c nie nacieszy\u0142em si\u0119 za d\u0142ugo Audi A3 quattro, to celowa\u0142em zn\u00f3w w A3 S-line lub S3, ale tym razem&#46;&#46;&#46;<\/p>\n","protected":false},"author":1,"featured_media":8416,"parent":0,"menu_order":0,"comment_status":"closed","ping_status":"closed","template":"","meta":{"_monsterinsights_skip_tracking":false,"_monsterinsights_sitenote_active":false,"_monsterinsights_sitenote_note":"","_monsterinsights_sitenote_category":0,"ngg_post_thumbnail":0,"jetpack_post_was_ever_published":false,"footnotes":""},"categories":[96,91],"tags":[98,97,99,93],"class_list":["post-8415","page","type-page","status-publish","has-post-thumbnail","hentry","category-mazdaspeed3","category-cars","tag-mazda","tag-mazdaspeed3","tag-mps","tag-cars"],"jetpack_sharing_enabled":true,"jetpack_shortlink":"https:\/\/wp.me\/P7M8NW-2bJ","_links":{"self":[{"href":"https:\/\/hayabusa.eu.org\/en\/wp-json\/wp\/v2\/pages\/8415","targetHints":{"allow":["GET"]}}],"collection":[{"href":"https:\/\/hayabusa.eu.org\/en\/wp-json\/wp\/v2\/pages"}],"about":[{"href":"https:\/\/hayabusa.eu.org\/en\/wp-json\/wp\/v2\/types\/page"}],"author":[{"embeddable":true,"href":"https:\/\/hayabusa.eu.org\/en\/wp-json\/wp\/v2\/users\/1"}],"replies":[{"embeddable":true,"href":"https:\/\/hayabusa.eu.org\/en\/wp-json\/wp\/v2\/comments?post=8415"}],"version-history":[{"count":1,"href":"https:\/\/hayabusa.eu.org\/en\/wp-json\/wp\/v2\/pages\/8415\/revisions"}],"predecessor-version":[{"id":8420,"href":"https:\/\/hayabusa.eu.org\/en\/wp-json\/wp\/v2\/pages\/8415\/revisions\/8420"}],"wp:featuredmedia":[{"embeddable":true,"href":"https:\/\/hayabusa.eu.org\/en\/wp-json\/wp\/v2\/media\/8416"}],"wp:attachment":[{"href":"https:\/\/hayabusa.eu.org\/en\/wp-json\/wp\/v2\/media?parent=8415"}],"wp:term":[{"taxonomy":"category","embeddable":true,"href":"https:\/\/hayabusa.eu.org\/en\/wp-json\/wp\/v2\/categories?post=8415"},{"taxonomy":"post_tag","embeddable":true,"href":"https:\/\/hayabusa.eu.org\/en\/wp-json\/wp\/v2\/tags?post=8415"}],"curies":[{"name":"wp","href":"https:\/\/api.w.org\/{rel}","templated":true}]}}