{"id":8487,"date":"2016-08-04T14:32:33","date_gmt":"2016-08-04T12:32:33","guid":{"rendered":"http:\/\/hayabusa.eu.org\/?page_id=8487"},"modified":"2016-08-04T15:10:28","modified_gmt":"2016-08-04T13:10:28","slug":"bmw-335i-e9x-dane-techniczne","status":"publish","type":"page","link":"https:\/\/hayabusa.eu.org\/en\/bmw-335i-e93\/bmw-335i-e9x-dane-techniczne\/","title":{"rendered":"BMW 335i e9x &#8211; dane techniczne"},"content":{"rendered":"<p style=\"text-align: left;\"><b>DANE TECHNICZNE<\/b><\/p>\n<table class=\"alignleft\" style=\"text-align: left;\" border=\"0\" cellspacing=\"0\" cellpadding=\"2\">\n<tbody>\n<tr>\n<td class=\"menutitle\" colspan=\"2\"><b>OG\u00d3LNE<\/b><\/td>\n<\/tr>\n<tr>\n<td valign=\"top\">Model<\/td>\n<td valign=\"top\">BMW 335i e93 (Convertible), e92 (Coupe), e91 (Touring), e90 (Sedan)<\/td>\n<\/tr>\n<tr>\n<td valign=\"top\">Kategoria<\/td>\n<td valign=\"top\">Samoch\u00f3d osobowy<\/td>\n<\/tr>\n<tr>\n<td class=\"menutitle\" colspan=\"2\"><b>SILNIK<\/b><\/td>\n<\/tr>\n<tr>\n<td valign=\"top\">Typ<\/td>\n<td valign=\"top\">4-ro suw<\/td>\n<\/tr>\n<tr>\n<td valign=\"top\">Uk\u0142ad<\/td>\n<td valign=\"top\">6-cio cylindrowy, rz\u0119dowy<\/td>\n<\/tr>\n<tr>\n<td valign=\"top\">Pojemno\u015b\u0107 skokowa<\/td>\n<td valign=\"top\">2979 ccm<\/td>\n<\/tr>\n<tr>\n<td valign=\"top\">\u015arednica x skok t\u0142oka<\/td>\n<td valign=\"top\">92.0 x 82.7 mm<\/td>\n<\/tr>\n<tr>\n<td valign=\"top\">Rozrz\u0105d<\/td>\n<td valign=\"top\">DOHC 4 zawory\/cylinder<\/td>\n<\/tr>\n<tr>\n<td valign=\"top\">Maksymalna moc<\/td>\n<td valign=\"top\">306 KM (225 kW) przy 5800 obr\/min<\/td>\n<\/tr>\n<tr>\n<td valign=\"top\">Maksymalny moment obrotowy<\/td>\n<td valign=\"top\">400 Nm (295 ft.lbs) w zakresie 1300-5000 obr\/min<\/td>\n<\/tr>\n<tr>\n<td valign=\"top\">Stopie\u0144 kompresji<\/td>\n<td valign=\"top\">10.0:1:1<\/td>\n<\/tr>\n<tr>\n<td valign=\"top\">Rodzaj paliwa<\/td>\n<td valign=\"top\">Benzyna<\/td>\n<\/tr>\n<tr>\n<td valign=\"top\">Do\u0142adowanie<\/td>\n<td valign=\"top\">2x Turbospr\u0119\u017carka (Bi-Turbo)<\/td>\n<\/tr>\n<tr>\n<td valign=\"top\">System ch\u0142odzenia<\/td>\n<td valign=\"top\">Ciecz<\/td>\n<\/tr>\n<tr>\n<td valign=\"top\">Umiejscowienie silnika<\/td>\n<td valign=\"top\">Z przodu, pod\u0142u\u017cne<\/td>\n<\/tr>\n<tr>\n<td class=\"menutitle\" colspan=\"2\"><b>PRZENIESIENIE NAP\u0118DU<\/b><\/td>\n<\/tr>\n<tr>\n<td valign=\"top\">Skrzynia bieg\u00f3w<\/td>\n<td valign=\"top\">6-cio stopniowa manualna lub automatyczna (z \u0142opatkami)<\/td>\n<\/tr>\n<p><!--\n\n\n<tr>\n\n\n<td valign=\"top\">Sprz\u0119g\u0142o<\/td>\n\n\n\n\n<td valign=\"top\">wielotarczowe, mokre<\/td>\n\n\n<\/tr>\n\n\n--><\/p>\n<tr>\n<td valign=\"top\">Nap\u0119d<\/td>\n<td valign=\"top\">na tyln\u0105 o\u015b<\/td>\n<\/tr>\n<tr>\n<td class=\"menutitle\" colspan=\"2\"><b>ZAWIESZENIE<\/b><\/td>\n<\/tr>\n<tr>\n<td valign=\"top\">Przednie zawieszenie<\/td>\n<td valign=\"top\">kolumny McPherson<\/td>\n<\/tr>\n<tr>\n<td valign=\"top\">Tylne zawieszenie<\/td>\n<td valign=\"top\">system Multilink<\/td>\n<\/tr>\n<tr>\n<td class=\"menutitle\" colspan=\"2\"><b>HAMULCE<\/b><\/td>\n<\/tr>\n<tr>\n<td valign=\"top\">Przednie<\/td>\n<td valign=\"top\">tarcze wentylowane, 348mm x 30mm<\/td>\n<\/tr>\n<tr>\n<td valign=\"top\">Tylnie<\/td>\n<td valign=\"top\">tarcze wentylowane, 336mm x 22mm<\/td>\n<\/tr>\n<tr>\n<td class=\"menutitle\" colspan=\"2\"><b>OGUMIENIE<\/b><\/td>\n<\/tr>\n<tr>\n<td valign=\"top\">Przednia o\u015b<\/td>\n<td valign=\"top\">225\/40 R18 RunFlat (225\/45 R17 &#8211; podst.)<\/td>\n<\/tr>\n<tr>\n<td valign=\"top\">Tylna o\u015b<\/td>\n<td valign=\"top\">255\/35 R18 RunFlat (225\/45 R17 &#8211; podst.)<\/td>\n<\/tr>\n<tr>\n<td valign=\"top\">Felgi<\/td>\n<td valign=\"top\">podstawowe: 8J x 17 LM<\/td>\n<\/tr>\n<tr>\n<td class=\"menutitle\" colspan=\"2\"><b>WYMIARY<\/b><\/td>\n<\/tr>\n<tr>\n<td valign=\"top\">D\u0142ugo\u015b\u0107<\/td>\n<td valign=\"top\">4580 mm<\/td>\n<\/tr>\n<tr>\n<td valign=\"top\">Szeroko\u015b\u0107<\/td>\n<td valign=\"top\">1782 mm (1985 mm z lusterkami)<\/td>\n<\/tr>\n<tr>\n<td valign=\"top\">Wysoko\u015b\u0107<\/td>\n<td valign=\"top\">1384 mm<\/td>\n<\/tr>\n<tr>\n<td valign=\"top\">Rozstaw osi<\/td>\n<td valign=\"top\">2760 mm<\/td>\n<\/tr>\n<tr>\n<td valign=\"top\">Rozstaw k\u00f3\u0142<\/td>\n<td valign=\"top\">prz\u00f3d: 1500 mm, ty\u0142: 1507 mm<\/td>\n<\/tr>\n<tr>\n<td valign=\"top\">Masa w\u0142asna<\/td>\n<td valign=\"top\">1735 kg (man.), 1840 kg (aut.)<\/td>\n<\/tr>\n<tr>\n<td valign=\"top\">Pojemno\u015b\u0107 baga\u017cnika<\/td>\n<td valign=\"top\">210 l<\/td>\n<\/tr>\n<tr>\n<td valign=\"top\">Pojemno\u015b\u0107 zbiornika paliwa<\/td>\n<td valign=\"top\">60 l<\/td>\n<\/tr>\n<tr>\n<td class=\"menutitle\" colspan=\"2\"><b>OSI\u0104GI<\/b><\/td>\n<\/tr>\n<tr>\n<td valign=\"top\">Pr\u0119dko\u015b\u0107 maksymalna<\/td>\n<td valign=\"top\">250 km\/h<\/td>\n<\/tr>\n<tr>\n<td valign=\"top\">Przyspieszenie 0 &#8211; 100 km\/h<\/td>\n<td valign=\"top\">5.8s (man.), 6.4s (aut.)<\/td>\n<\/tr>\n<tr>\n<td valign=\"top\">Stosunek mocy do masy<\/td>\n<td valign=\"top\">0.1663 KM\/kg<\/td>\n<\/tr>\n<tr>\n<td valign=\"top\">\u015arednie zu\u017cycie paliwa<\/td>\n<td valign=\"top\">w cyklu mieszanym: 9.9 l\/100km (man.), moje: 13.8 l\/100km (aut.)<\/td>\n<\/tr>\n<\/tbody>\n<\/table>\n<p style=\"font-style: italic; text-align: left;\">\u0179r\u00f3d\u0142o: opracowanie w\u0142asne na podstawie <a href=\"http:\/\/www.autocentrum.pl\/dane-techniczne\/bmw\/seria-3\/e90-91-92-93\/cabrio-e93\/silnik-benzynowy-335i-306km-2006-2010\/\">http:\/\/www.autocentrum.pl<\/a><\/p>\n","protected":false},"excerpt":{"rendered":"<p>DANE TECHNICZNE OG\u00d3LNE Model BMW 335i e93 (Convertible), e92 (Coupe), e91 (Touring), e90 (Sedan) Kategoria Samoch\u00f3d osobowy SILNIK Typ 4-ro suw Uk\u0142ad 6-cio cylindrowy, rz\u0119dowy Pojemno\u015b\u0107 skokowa 2979 ccm \u015arednica x skok t\u0142oka 92.0&#46;&#46;&#46;<\/p>\n","protected":false},"author":1,"featured_media":8491,"parent":8406,"menu_order":0,"comment_status":"closed","ping_status":"closed","template":"","meta":{"_monsterinsights_skip_tracking":false,"_monsterinsights_sitenote_active":false,"_monsterinsights_sitenote_note":"","_monsterinsights_sitenote_category":0,"ngg_post_thumbnail":0,"jetpack_post_was_ever_published":false,"footnotes":""},"categories":[92,91],"tags":[95,94,100],"class_list":["post-8487","page","type-page","status-publish","has-post-thumbnail","hentry","category-bmw-335i","category-cars","tag-bmw","tag-bmw-335i","tag-specs"],"jetpack_sharing_enabled":true,"jetpack_shortlink":"https:\/\/wp.me\/P7M8NW-2cT","_links":{"self":[{"href":"https:\/\/hayabusa.eu.org\/en\/wp-json\/wp\/v2\/pages\/8487","targetHints":{"allow":["GET"]}}],"collection":[{"href":"https:\/\/hayabusa.eu.org\/en\/wp-json\/wp\/v2\/pages"}],"about":[{"href":"https:\/\/hayabusa.eu.org\/en\/wp-json\/wp\/v2\/types\/page"}],"author":[{"embeddable":true,"href":"https:\/\/hayabusa.eu.org\/en\/wp-json\/wp\/v2\/users\/1"}],"replies":[{"embeddable":true,"href":"https:\/\/hayabusa.eu.org\/en\/wp-json\/wp\/v2\/comments?post=8487"}],"version-history":[{"count":7,"href":"https:\/\/hayabusa.eu.org\/en\/wp-json\/wp\/v2\/pages\/8487\/revisions"}],"predecessor-version":[{"id":8495,"href":"https:\/\/hayabusa.eu.org\/en\/wp-json\/wp\/v2\/pages\/8487\/revisions\/8495"}],"up":[{"embeddable":true,"href":"https:\/\/hayabusa.eu.org\/en\/wp-json\/wp\/v2\/pages\/8406"}],"wp:featuredmedia":[{"embeddable":true,"href":"https:\/\/hayabusa.eu.org\/en\/wp-json\/wp\/v2\/media\/8491"}],"wp:attachment":[{"href":"https:\/\/hayabusa.eu.org\/en\/wp-json\/wp\/v2\/media?parent=8487"}],"wp:term":[{"taxonomy":"category","embeddable":true,"href":"https:\/\/hayabusa.eu.org\/en\/wp-json\/wp\/v2\/categories?post=8487"},{"taxonomy":"post_tag","embeddable":true,"href":"https:\/\/hayabusa.eu.org\/en\/wp-json\/wp\/v2\/tags?post=8487"}],"curies":[{"name":"wp","href":"https:\/\/api.w.org\/{rel}","templated":true}]}}