{"id":8499,"date":"2011-04-04T22:16:05","date_gmt":"2011-04-04T20:16:05","guid":{"rendered":"http:\/\/hayabusa.eu.org\/?page_id=8499"},"modified":"2017-08-31T09:43:30","modified_gmt":"2017-08-31T07:43:30","slug":"audi-a3-quattro","status":"publish","type":"page","link":"https:\/\/hayabusa.eu.org\/en\/audi-a3-quattro\/","title":{"rendered":"Audi A3 quattro"},"content":{"rendered":"<p>Audi A3 quattro z silnikiem 2.0 TDI o mocy 143 KM &#8211; m\u00f3j pierwszy fun car<\/p>\n<p><a href=\"https:\/\/i0.wp.com\/hayabusa.eu.org\/wp-content\/uploads\/2016\/08\/Audi-A3-quattro-01.jpg\" data-rel=\"lightbox-image-0\" data-rl_title=\"\" data-rl_caption=\"\" title=\"\"><img data-recalc-dims=\"1\" loading=\"lazy\" decoding=\"async\" data-attachment-id=\"8501\" data-permalink=\"https:\/\/hayabusa.eu.org\/en\/audi-a3-quattro\/audi-a3-quattro-01\/\" data-orig-file=\"https:\/\/i0.wp.com\/hayabusa.eu.org\/wp-content\/uploads\/2016\/08\/Audi-A3-quattro-01.jpg?fit=1920%2C1080&amp;ssl=1\" data-orig-size=\"1920,1080\" data-comments-opened=\"1\" data-image-meta=\"{&quot;aperture&quot;:&quot;2.8&quot;,&quot;credit&quot;:&quot;&quot;,&quot;camera&quot;:&quot;DMC-FX55&quot;,&quot;caption&quot;:&quot;&quot;,&quot;created_timestamp&quot;:&quot;1300814385&quot;,&quot;copyright&quot;:&quot;&quot;,&quot;focal_length&quot;:&quot;4.6&quot;,&quot;iso&quot;:&quot;100&quot;,&quot;shutter_speed&quot;:&quot;0.005&quot;,&quot;title&quot;:&quot;&quot;,&quot;orientation&quot;:&quot;0&quot;}\" data-image-title=\"Audi-A3-quattro-01\" data-image-description=\"\" data-image-caption=\"\" data-medium-file=\"https:\/\/i0.wp.com\/hayabusa.eu.org\/wp-content\/uploads\/2016\/08\/Audi-A3-quattro-01.jpg?fit=300%2C169&amp;ssl=1\" data-large-file=\"https:\/\/i0.wp.com\/hayabusa.eu.org\/wp-content\/uploads\/2016\/08\/Audi-A3-quattro-01.jpg?fit=1024%2C576&amp;ssl=1\" class=\"aligncenter size-large wp-image-8501\" src=\"https:\/\/i0.wp.com\/hayabusa.eu.org\/wp-content\/uploads\/2016\/08\/Audi-A3-quattro-01-1024x576.jpg?resize=1024%2C576\" alt=\"Audi-A3-quattro-01\" width=\"1024\" height=\"576\" srcset=\"https:\/\/i0.wp.com\/hayabusa.eu.org\/wp-content\/uploads\/2016\/08\/Audi-A3-quattro-01.jpg?resize=1024%2C576&amp;ssl=1 1024w, https:\/\/i0.wp.com\/hayabusa.eu.org\/wp-content\/uploads\/2016\/08\/Audi-A3-quattro-01.jpg?resize=300%2C169&amp;ssl=1 300w, https:\/\/i0.wp.com\/hayabusa.eu.org\/wp-content\/uploads\/2016\/08\/Audi-A3-quattro-01.jpg?resize=768%2C432&amp;ssl=1 768w, https:\/\/i0.wp.com\/hayabusa.eu.org\/wp-content\/uploads\/2016\/08\/Audi-A3-quattro-01.jpg?w=1920&amp;ssl=1 1920w\" sizes=\"auto, (max-width: 1000px) 100vw, 1000px\" \/><\/a>Nowe felgi 17&#8243; DOTZ Daytona 7.5J x 17H2 i opony Toyo Tires 225\/45 ZR17 94Y.<\/p>\n<p>&nbsp;<\/p>\n<p><a href=\"https:\/\/i0.wp.com\/hayabusa.eu.org\/wp-content\/uploads\/2016\/08\/Audi-A3-quattro-02.jpg\" data-rel=\"lightbox-image-1\" data-rl_title=\"\" data-rl_caption=\"\" title=\"\"><img data-recalc-dims=\"1\" loading=\"lazy\" decoding=\"async\" data-attachment-id=\"8502\" data-permalink=\"https:\/\/hayabusa.eu.org\/en\/audi-a3-quattro\/audi-a3-quattro-02\/\" data-orig-file=\"https:\/\/i0.wp.com\/hayabusa.eu.org\/wp-content\/uploads\/2016\/08\/Audi-A3-quattro-02.jpg?fit=1920%2C1080&amp;ssl=1\" data-orig-size=\"1920,1080\" data-comments-opened=\"1\" data-image-meta=\"{&quot;aperture&quot;:&quot;3.3&quot;,&quot;credit&quot;:&quot;&quot;,&quot;camera&quot;:&quot;DMC-FX55&quot;,&quot;caption&quot;:&quot;&quot;,&quot;created_timestamp&quot;:&quot;1300817780&quot;,&quot;copyright&quot;:&quot;&quot;,&quot;focal_length&quot;:&quot;6.6&quot;,&quot;iso&quot;:&quot;100&quot;,&quot;shutter_speed&quot;:&quot;0.0125&quot;,&quot;title&quot;:&quot;&quot;,&quot;orientation&quot;:&quot;0&quot;}\" data-image-title=\"Audi-A3-quattro-02\" data-image-description=\"\" data-image-caption=\"\" data-medium-file=\"https:\/\/i0.wp.com\/hayabusa.eu.org\/wp-content\/uploads\/2016\/08\/Audi-A3-quattro-02.jpg?fit=300%2C169&amp;ssl=1\" data-large-file=\"https:\/\/i0.wp.com\/hayabusa.eu.org\/wp-content\/uploads\/2016\/08\/Audi-A3-quattro-02.jpg?fit=1024%2C576&amp;ssl=1\" class=\"aligncenter size-large wp-image-8502\" src=\"https:\/\/i0.wp.com\/hayabusa.eu.org\/wp-content\/uploads\/2016\/08\/Audi-A3-quattro-02-1024x576.jpg?resize=1024%2C576\" alt=\"Audi-A3-quattro-02\" width=\"1024\" height=\"576\" srcset=\"https:\/\/i0.wp.com\/hayabusa.eu.org\/wp-content\/uploads\/2016\/08\/Audi-A3-quattro-02.jpg?resize=1024%2C576&amp;ssl=1 1024w, https:\/\/i0.wp.com\/hayabusa.eu.org\/wp-content\/uploads\/2016\/08\/Audi-A3-quattro-02.jpg?resize=300%2C169&amp;ssl=1 300w, https:\/\/i0.wp.com\/hayabusa.eu.org\/wp-content\/uploads\/2016\/08\/Audi-A3-quattro-02.jpg?resize=768%2C432&amp;ssl=1 768w, https:\/\/i0.wp.com\/hayabusa.eu.org\/wp-content\/uploads\/2016\/08\/Audi-A3-quattro-02.jpg?w=1920&amp;ssl=1 1920w\" sizes=\"auto, (max-width: 1000px) 100vw, 1000px\" \/><\/a><\/p>\n<p>Niestety skradziony zaraz po doposa\u017ceniu, wi\u0119c si\u0119 d\u0142ugo nie nacieszy\u0142em.<\/p>\n","protected":false},"excerpt":{"rendered":"<p>Audi A3 quattro z silnikiem 2.0 TDI o mocy 143 KM &#8211; m\u00f3j pierwszy fun car Nowe felgi 17&#8243; DOTZ Daytona 7.5J x 17H2 i opony Toyo Tires 225\/45 ZR17 94Y. &nbsp; Niestety skradziony&#46;&#46;&#46;<\/p>\n","protected":false},"author":1,"featured_media":8500,"parent":0,"menu_order":0,"comment_status":"closed","ping_status":"closed","template":"","meta":{"_monsterinsights_skip_tracking":false,"_monsterinsights_sitenote_active":false,"_monsterinsights_sitenote_note":"","_monsterinsights_sitenote_category":0,"ngg_post_thumbnail":0,"jetpack_post_was_ever_published":false,"footnotes":""},"categories":[106,91],"tags":[107,108,93],"class_list":["post-8499","page","type-page","status-publish","has-post-thumbnail","hentry","category-audi-a3-quattro","category-cars","tag-audi","tag-audi-a3-quattro","tag-cars"],"jetpack_sharing_enabled":true,"jetpack_shortlink":"https:\/\/wp.me\/P7M8NW-2d5","_links":{"self":[{"href":"https:\/\/hayabusa.eu.org\/en\/wp-json\/wp\/v2\/pages\/8499","targetHints":{"allow":["GET"]}}],"collection":[{"href":"https:\/\/hayabusa.eu.org\/en\/wp-json\/wp\/v2\/pages"}],"about":[{"href":"https:\/\/hayabusa.eu.org\/en\/wp-json\/wp\/v2\/types\/page"}],"author":[{"embeddable":true,"href":"https:\/\/hayabusa.eu.org\/en\/wp-json\/wp\/v2\/users\/1"}],"replies":[{"embeddable":true,"href":"https:\/\/hayabusa.eu.org\/en\/wp-json\/wp\/v2\/comments?post=8499"}],"version-history":[{"count":5,"href":"https:\/\/hayabusa.eu.org\/en\/wp-json\/wp\/v2\/pages\/8499\/revisions"}],"predecessor-version":[{"id":8917,"href":"https:\/\/hayabusa.eu.org\/en\/wp-json\/wp\/v2\/pages\/8499\/revisions\/8917"}],"wp:featuredmedia":[{"embeddable":true,"href":"https:\/\/hayabusa.eu.org\/en\/wp-json\/wp\/v2\/media\/8500"}],"wp:attachment":[{"href":"https:\/\/hayabusa.eu.org\/en\/wp-json\/wp\/v2\/media?parent=8499"}],"wp:term":[{"taxonomy":"category","embeddable":true,"href":"https:\/\/hayabusa.eu.org\/en\/wp-json\/wp\/v2\/categories?post=8499"},{"taxonomy":"post_tag","embeddable":true,"href":"https:\/\/hayabusa.eu.org\/en\/wp-json\/wp\/v2\/tags?post=8499"}],"curies":[{"name":"wp","href":"https:\/\/api.w.org\/{rel}","templated":true}]}}