{"id":8919,"date":"2017-08-31T11:01:08","date_gmt":"2017-08-31T09:01:08","guid":{"rendered":"http:\/\/hayabusa.eu.org\/?page_id=8919"},"modified":"2017-08-31T14:29:01","modified_gmt":"2017-08-31T12:29:01","slug":"kierownica-logitech-g29-pedaly-h-shifter","status":"publish","type":"page","link":"https:\/\/hayabusa.eu.org\/en\/simracing\/sprzet\/kierownica-logitech-g29-pedaly-h-shifter\/","title":{"rendered":"Kierownica Logitech G29, peda\u0142y, H-shifter"},"content":{"rendered":"<p>Jednym z najbardziej istotnych element\u00f3w wyposa\u017cenia do simracingu s\u0105 elementy steruj\u0105ce, czyli kierownica, peda\u0142y i lewarek zmiany bieg\u00f3w. Ja postawi\u0142em na Logitecha i rozpocz\u0105\u0142em moj\u0105 przygod\u0119 z simracingiem od u\u017cywanej kierownicy Logitech G25. Na pocz\u0105tku przymocowa\u0142em j\u0105 do biurka gdzie sta\u0142 monitor, ale bardzo szybko przesiad\u0142em si\u0119 na dedykowany stojak Wheel Stand Pro aby ustabilizowa\u0107 konstrukcj\u0119 i m\u00f3c u\u017cywa\u0107 telewizora jako wy\u015bwietlacza oraz systemu audio do odtwarzania d\u017awi\u0119ku. Na takim zestawie przeje\u017adzi\u0142em oko\u0142o 2 lat, je\u017cd\u017c\u0105c po r\u00f3\u017cnych torach w trybie Practice lub \u015bcigaj\u0105c si\u0119 z przeciwnikami sterowanymi przez komputer. Z G25 by\u0142em zadowolony, bo konstrukcja to solidna, metalowa, ko\u0142o kierownicy obszyte sk\u00f3r\u0105, mechanizmy Force Feedbacku, peda\u0142\u00f3w i H-shiftera dzia\u0142a\u0142y jak trzeba. Brakowa\u0142o mi tylko kilku podr\u0119cznych przycisk\u00f3w, do kt\u00f3rych m\u00f3g\u0142bym przypisa\u0107 akcje, poniewa\u017c G25 posiada tylko dwa. Postanowi\u0142em zn\u00f3w zainwestowa\u0107 w Logitecha i kupi\u0142em kierownic\u0119 G29 oczywi\u015bcie w komplecie z peda\u0142ami oraz dodatkowo dokupi\u0142em H-shifter czyli lewarek do zmiany bieg\u00f3w, gdy\u017c ju\u017c nie jest zawarty w komplecie. G29 posiada znacznie wi\u0119cej element\u00f3w steruj\u0105cych wraz z dedykowanymi przyciskami do PlayStation 4. Jest r\u00f3wnie\u017c bli\u017aniacza wersja tej kierownicy o nazwie G920 z przyciskami zrobionymi pod Xboxa. Konstrukcja &#8211; podobnie jak G25 &#8211; metalowa ze sk\u00f3rzanym obszyciem, obudowa kierownicy i peda\u0142\u00f3w z tworzywa sztucznego, ale same peda\u0142y metalowe. H-shifter wykonany poprawnie, 6 bieg\u00f3w + wsteczny, r\u00f3wnie\u017c metalowy pr\u0119t, ga\u0142ka obszyta sk\u00f3r\u0105, plastikowy dekielek z opisem. Na kierownicy umieszczono prze\u0142\u0105cznik PS3\/PS4 oraz diody, kt\u00f3re pe\u0142ni\u0105 rol\u0119 Shift Light, czyli takiego wska\u017anika kiedy zbli\u017camy si\u0119 do kresu obrot\u00f3w i nale\u017cy zmieni\u0107 bieg. Odczuwam te\u017c pewn\u0105 popraw\u0119 pracy peda\u0142u hamulca w stosunku do G25, gdy\u017c w ko\u0144cowej fazie stwarza nieco wi\u0119kszy op\u00f3r, co pozwala na lepsze wyczucie si\u0142y hamowania i rzadziej doprowadza si\u0119 do zblokowania k\u00f3\u0142 nawet przy hamowaniu lew\u0105 nog\u0105.<\/p>\n<p><a href=\"https:\/\/i0.wp.com\/hayabusa.eu.org\/wp-content\/uploads\/2017\/02\/AssettoCorsa-Ferrari599XXEVO-Mugello.jpg\" data-rel=\"lightbox-image-0\" data-rl_title=\"\" data-rl_caption=\"\" title=\"\"><img data-recalc-dims=\"1\" loading=\"lazy\" decoding=\"async\" data-attachment-id=\"8730\" data-permalink=\"https:\/\/hayabusa.eu.org\/en\/2017\/02\/ferrari-599xx-evo-na-torze-mugello-assetto-corsa\/assettocorsa-ferrari599xxevo-mugello\/\" data-orig-file=\"https:\/\/i0.wp.com\/hayabusa.eu.org\/wp-content\/uploads\/2017\/02\/AssettoCorsa-Ferrari599XXEVO-Mugello.jpg?fit=1920%2C1080&amp;ssl=1\" data-orig-size=\"1920,1080\" data-comments-opened=\"1\" data-image-meta=\"{&quot;aperture&quot;:&quot;0&quot;,&quot;credit&quot;:&quot;&quot;,&quot;camera&quot;:&quot;&quot;,&quot;caption&quot;:&quot;&quot;,&quot;created_timestamp&quot;:&quot;0&quot;,&quot;copyright&quot;:&quot;&quot;,&quot;focal_length&quot;:&quot;0&quot;,&quot;iso&quot;:&quot;0&quot;,&quot;shutter_speed&quot;:&quot;0&quot;,&quot;title&quot;:&quot;&quot;,&quot;orientation&quot;:&quot;0&quot;}\" data-image-title=\"AssettoCorsa-Ferrari599XXEVO-Mugello\" data-image-description=\"\" data-image-caption=\"\" data-medium-file=\"https:\/\/i0.wp.com\/hayabusa.eu.org\/wp-content\/uploads\/2017\/02\/AssettoCorsa-Ferrari599XXEVO-Mugello.jpg?fit=300%2C169&amp;ssl=1\" data-large-file=\"https:\/\/i0.wp.com\/hayabusa.eu.org\/wp-content\/uploads\/2017\/02\/AssettoCorsa-Ferrari599XXEVO-Mugello.jpg?fit=1024%2C576&amp;ssl=1\" class=\"aligncenter size-large wp-image-8730\" src=\"https:\/\/i0.wp.com\/hayabusa.eu.org\/wp-content\/uploads\/2017\/02\/AssettoCorsa-Ferrari599XXEVO-Mugello-1024x576.jpg?resize=1024%2C576\" alt=\"Assetto Corsa Ferrari599XX EVO Mugello\" width=\"1024\" height=\"576\" srcset=\"https:\/\/i0.wp.com\/hayabusa.eu.org\/wp-content\/uploads\/2017\/02\/AssettoCorsa-Ferrari599XXEVO-Mugello.jpg?resize=1024%2C576&amp;ssl=1 1024w, https:\/\/i0.wp.com\/hayabusa.eu.org\/wp-content\/uploads\/2017\/02\/AssettoCorsa-Ferrari599XXEVO-Mugello.jpg?resize=300%2C169&amp;ssl=1 300w, https:\/\/i0.wp.com\/hayabusa.eu.org\/wp-content\/uploads\/2017\/02\/AssettoCorsa-Ferrari599XXEVO-Mugello.jpg?resize=768%2C432&amp;ssl=1 768w, https:\/\/i0.wp.com\/hayabusa.eu.org\/wp-content\/uploads\/2017\/02\/AssettoCorsa-Ferrari599XXEVO-Mugello.jpg?w=1920&amp;ssl=1 1920w\" sizes=\"auto, (max-width: 1000px) 100vw, 1000px\" \/><\/a><\/p>\n<p>Nie mia\u0142em okazji testowa\u0107 zestaw\u00f3w Thrustmastera ani Fanateca, podobno ich konstrukcje daj\u0105 lepsze odczucia prowadzenia pojazdu, niekt\u00f3re maj\u0105 wbudowany tzw. Load Cell co jeszcze bardziej poprawia czucie hamulca, niekt\u00f3re maj\u0105 mocniejszy Force Feedback itd. Prawda jest taka, \u017ce nie sprz\u0119t zrobi z Ciebie dobrego kierowc\u0119 a umiej\u0119tno\u015bci, kt\u00f3re trzeba szlifowa\u0107 robi\u0105c kolejne k\u00f3\u0142ka na torze i urywaj\u0105c kolejne dziesi\u0105te sekundy na okr\u0105\u017ceniu.<\/p>\n","protected":false},"excerpt":{"rendered":"<p>Jednym z najbardziej istotnych element\u00f3w wyposa\u017cenia do simracingu s\u0105 elementy steruj\u0105ce, czyli kierownica, peda\u0142y i lewarek zmiany bieg\u00f3w. Ja postawi\u0142em na Logitecha i rozpocz\u0105\u0142em moj\u0105 przygod\u0119 z simracingiem od u\u017cywanej kierownicy Logitech G25. Na&#46;&#46;&#46;<\/p>\n","protected":false},"author":1,"featured_media":8730,"parent":8923,"menu_order":0,"comment_status":"closed","ping_status":"closed","template":"","meta":{"_monsterinsights_skip_tracking":false,"_monsterinsights_sitenote_active":false,"_monsterinsights_sitenote_note":"","_monsterinsights_sitenote_category":0,"ngg_post_thumbnail":0,"jetpack_post_was_ever_published":false,"footnotes":""},"categories":[117,118],"tags":[116],"class_list":["post-8919","page","type-page","status-publish","has-post-thumbnail","hentry","category-simracing","category-hardware","tag-simracing"],"jetpack_sharing_enabled":true,"jetpack_shortlink":"https:\/\/wp.me\/P7M8NW-2jR","_links":{"self":[{"href":"https:\/\/hayabusa.eu.org\/en\/wp-json\/wp\/v2\/pages\/8919","targetHints":{"allow":["GET"]}}],"collection":[{"href":"https:\/\/hayabusa.eu.org\/en\/wp-json\/wp\/v2\/pages"}],"about":[{"href":"https:\/\/hayabusa.eu.org\/en\/wp-json\/wp\/v2\/types\/page"}],"author":[{"embeddable":true,"href":"https:\/\/hayabusa.eu.org\/en\/wp-json\/wp\/v2\/users\/1"}],"replies":[{"embeddable":true,"href":"https:\/\/hayabusa.eu.org\/en\/wp-json\/wp\/v2\/comments?post=8919"}],"version-history":[{"count":1,"href":"https:\/\/hayabusa.eu.org\/en\/wp-json\/wp\/v2\/pages\/8919\/revisions"}],"predecessor-version":[{"id":8921,"href":"https:\/\/hayabusa.eu.org\/en\/wp-json\/wp\/v2\/pages\/8919\/revisions\/8921"}],"up":[{"embeddable":true,"href":"https:\/\/hayabusa.eu.org\/en\/wp-json\/wp\/v2\/pages\/8923"}],"wp:featuredmedia":[{"embeddable":true,"href":"https:\/\/hayabusa.eu.org\/en\/wp-json\/wp\/v2\/media\/8730"}],"wp:attachment":[{"href":"https:\/\/hayabusa.eu.org\/en\/wp-json\/wp\/v2\/media?parent=8919"}],"wp:term":[{"taxonomy":"category","embeddable":true,"href":"https:\/\/hayabusa.eu.org\/en\/wp-json\/wp\/v2\/categories?post=8919"},{"taxonomy":"post_tag","embeddable":true,"href":"https:\/\/hayabusa.eu.org\/en\/wp-json\/wp\/v2\/tags?post=8919"}],"curies":[{"name":"wp","href":"https:\/\/api.w.org\/{rel}","templated":true}]}}