{"id":8923,"date":"2017-08-31T11:31:07","date_gmt":"2017-08-31T09:31:07","guid":{"rendered":"http:\/\/hayabusa.eu.org\/?page_id=8923"},"modified":"2017-09-01T12:05:32","modified_gmt":"2017-09-01T10:05:32","slug":"sprzet","status":"publish","type":"page","link":"https:\/\/hayabusa.eu.org\/en\/simracing\/sprzet\/","title":{"rendered":"Sprz\u0119t"},"content":{"rendered":"<p>Czego potrzeba do rozpocz\u0119cia przygody z simracingiem? Przede wszystkim ch\u0119ci i samodyscypliny, ale te\u017c troch\u0119 sprz\u0119tu i oprogramowania. Nie musi to by\u0107 od razu ca\u0142y kokpit symuluj\u0105cy zachowanie samochodu ale jaki\u015b komputer lub konsola, wy\u015bwietlacz oraz urz\u0105dzenia steruj\u0105ce czyli zwykle kierownica, peda\u0142y i lewarek zmiany bieg\u00f3w. Potrzeba te\u017c troch\u0119 miejsca aby to wszystko zamontowa\u0107 i wygodnie u\u017cywa\u0107. Oczywi\u015bcie potrzebne jest te\u017c odpowiednie oprogramowanie ale o tym napisz\u0119 osobno. Tu, na poszczeg\u00f3lnych stronach opisuj\u0119 sprz\u0119t, kt\u00f3rego ja u\u017cywam do wy\u015bcig\u00f3w online, \u017ceby przedstawi\u0107 przyk\u0142adow\u0105 konfiguracj\u0119.<\/p>\n","protected":false},"excerpt":{"rendered":"<p>Czego potrzeba do rozpocz\u0119cia przygody z simracingiem? Przede wszystkim ch\u0119ci i samodyscypliny, ale te\u017c troch\u0119 sprz\u0119tu i oprogramowania. Nie musi to by\u0107 od razu ca\u0142y kokpit symuluj\u0105cy zachowanie samochodu ale jaki\u015b komputer lub konsola,&#46;&#46;&#46;<\/p>\n","protected":false},"author":1,"featured_media":8759,"parent":8929,"menu_order":0,"comment_status":"closed","ping_status":"closed","template":"","meta":{"_monsterinsights_skip_tracking":false,"_monsterinsights_sitenote_active":false,"_monsterinsights_sitenote_note":"","_monsterinsights_sitenote_category":0,"ngg_post_thumbnail":0,"jetpack_post_was_ever_published":false,"footnotes":""},"categories":[117,118],"tags":[116],"class_list":["post-8923","page","type-page","status-publish","has-post-thumbnail","hentry","category-simracing","category-hardware","tag-simracing"],"jetpack_sharing_enabled":true,"jetpack_shortlink":"https:\/\/wp.me\/P7M8NW-2jV","_links":{"self":[{"href":"https:\/\/hayabusa.eu.org\/en\/wp-json\/wp\/v2\/pages\/8923","targetHints":{"allow":["GET"]}}],"collection":[{"href":"https:\/\/hayabusa.eu.org\/en\/wp-json\/wp\/v2\/pages"}],"about":[{"href":"https:\/\/hayabusa.eu.org\/en\/wp-json\/wp\/v2\/types\/page"}],"author":[{"embeddable":true,"href":"https:\/\/hayabusa.eu.org\/en\/wp-json\/wp\/v2\/users\/1"}],"replies":[{"embeddable":true,"href":"https:\/\/hayabusa.eu.org\/en\/wp-json\/wp\/v2\/comments?post=8923"}],"version-history":[{"count":5,"href":"https:\/\/hayabusa.eu.org\/en\/wp-json\/wp\/v2\/pages\/8923\/revisions"}],"predecessor-version":[{"id":8940,"href":"https:\/\/hayabusa.eu.org\/en\/wp-json\/wp\/v2\/pages\/8923\/revisions\/8940"}],"up":[{"embeddable":true,"href":"https:\/\/hayabusa.eu.org\/en\/wp-json\/wp\/v2\/pages\/8929"}],"wp:featuredmedia":[{"embeddable":true,"href":"https:\/\/hayabusa.eu.org\/en\/wp-json\/wp\/v2\/media\/8759"}],"wp:attachment":[{"href":"https:\/\/hayabusa.eu.org\/en\/wp-json\/wp\/v2\/media?parent=8923"}],"wp:term":[{"taxonomy":"category","embeddable":true,"href":"https:\/\/hayabusa.eu.org\/en\/wp-json\/wp\/v2\/categories?post=8923"},{"taxonomy":"post_tag","embeddable":true,"href":"https:\/\/hayabusa.eu.org\/en\/wp-json\/wp\/v2\/tags?post=8923"}],"curies":[{"name":"wp","href":"https:\/\/api.w.org\/{rel}","templated":true}]}}