{"id":8926,"date":"2017-08-31T13:21:54","date_gmt":"2017-08-31T11:21:54","guid":{"rendered":"http:\/\/hayabusa.eu.org\/?page_id=8926"},"modified":"2018-12-14T14:26:06","modified_gmt":"2018-12-14T13:26:06","slug":"komputer-do-simracingu","status":"publish","type":"page","link":"https:\/\/hayabusa.eu.org\/en\/simracing\/sprzet\/komputer-do-simracingu\/","title":{"rendered":"Komputer do Simracingu"},"content":{"rendered":"<p>Aby \u015bciga\u0107 si\u0119 online z innymi zawodnikami potrzebujesz dobrego komputera. Ja zaczyna\u0142em wy\u015bcigi na laptopie Lenovo Y580, wyposa\u017conym w procesor Intel Core i7, 16 GB RAM, grafik\u0119 nVidia GTX 660M i dysk SSD. O ile tryb praktyki w Assetto Corsa oraz wy\u015bcigi z 10-cioma pojazdami sterowanymi przez komputer (AI) jeszcze jako\u015b sz\u0142y, o tyle przy ponad 20 graczach by\u0142y ju\u017c spore przycinki i musia\u0142em schodzi\u0107 w d\u00f3\u0142 z detalami grafiki. Kiedy zacz\u0105\u0142em si\u0119 wci\u0105ga\u0107 bardziej na powa\u017cnie w wy\u015bcigi Online organizowane przez forum <a href=\"http:\/\/simrace.pl\/forum\" target=\"_blank\" rel=\"noopener\">Simrace.pl<\/a> postanowi\u0142em zainwestowa\u0107 w nowy komputer. Zastanawia\u0142em si\u0119 czy wybra\u0107 laptopa z Core i7 i mocn\u0105 grafik\u0105 czy jednak komputer stacjonarny. Po konsultacjach na wspomnianym forum zdecydowa\u0142em si\u0119 na stacjonarny komputer o nast\u0119puj\u0105cych parametrach:<\/p>\n<p>P\u0142yta g\u0142\u00f3wna: Gigabyte Z270X Ultra Gaming &#8211; chipset gamingowy z obs\u0142ug\u0105 SLI<br \/>\nProcesor: Intel Core i7 7700 Box 3.6 GHz &#8211; przy symulatorach procesor ma sporo do roboty<br \/>\nPami\u0119\u0107 RAM: G.SKILL DDR4 8GB (2 x 4GB) 3000 MHz<br \/>\nGrafika: <del>Gigabyte GeForce GTX 1050Ti WF OC 4GB &#8211; najbardziej sensowny stosunek osi\u0105g\u00f3w do ceny, a ju\u017c dobre detale uci\u0105gnie<\/del><br \/>\n<em>Update<\/em>: Gigabyte GeForce GTX 1070Ti 8GB &#8211; potrzebne by\u0142o wi\u0119cej mocy \u017ceby p\u0142ynnie obs\u0142ugiwa\u0107 VR (Oculus Rift)<br \/>\nDysk: Seagate Barracuda 1 TB &#8211; to ju\u017c nie ma istotnego znaczenia dla symulacji<br \/>\n<em>Update<\/em>: Samsung SSD 250GB 970 Evo M.2 NVMe &#8211; do\u0142o\u017cy\u0142em SSD \u017ceby system i aplikacje szybciej si\u0119 uruchamia\u0142y<br \/>\nZasilacz: XFX Core TS 650W &#8211; musi uci\u0105gn\u0105\u0107, by\u0107 w miar\u0119 cichy i mie\u0107 jeszcze zapas mocy<br \/>\nObudowa: Corsair Carbide SPEC-ALPHA Mid Tower &#8211; \u017ceby to jako\u015b wygl\u0105da\u0142o, bo stoi w salonie<br \/>\nSystem operacyjny: Windows 10 Home PL<\/p>\n<p><del datetime=\"2018-12-14T08:28:01+00:00\">Na takim zestawie jestem w stanie jecha\u0107 p\u0142ynnie w wysokich detalach i rozdzielczo\u015bci 2560&#215;1440 praktycznie na ka\u017cdym torze przy 30 osobowym gridzie Online lub AI.<\/del><br \/>\n<em>Update<\/em>: Po zakupie zestawu VR Oculus Rift nie wyobra\u017cam sobie powrotu do \u015bcigania si\u0119 na p\u0142askim ekranie, znacznie lepiej czuj\u0119 tor, odleg\u0142o\u015bci i punkty hamowania. Poprawi\u0142em swoj\u0105 jazd\u0119 i czasy okr\u0105\u017ce\u0144. Wymaga\u0142o to troch\u0119 doinwestowania w grafik\u0119 ale gra jest warta \u015bwieczki.<\/p>\n","protected":false},"excerpt":{"rendered":"<p>Aby \u015bciga\u0107 si\u0119 online z innymi zawodnikami potrzebujesz dobrego komputera. Ja zaczyna\u0142em wy\u015bcigi na laptopie Lenovo Y580, wyposa\u017conym w procesor Intel Core i7, 16 GB RAM, grafik\u0119 nVidia GTX 660M i dysk SSD. O&#46;&#46;&#46;<\/p>\n","protected":false},"author":1,"featured_media":8927,"parent":8923,"menu_order":0,"comment_status":"closed","ping_status":"closed","template":"","meta":{"_monsterinsights_skip_tracking":false,"_monsterinsights_sitenote_active":false,"_monsterinsights_sitenote_note":"","_monsterinsights_sitenote_category":0,"ngg_post_thumbnail":0,"jetpack_post_was_ever_published":false,"footnotes":""},"categories":[117,118],"tags":[131,116],"class_list":["post-8926","page","type-page","status-publish","has-post-thumbnail","hentry","category-simracing","category-hardware","tag-hardware","tag-simracing"],"jetpack_sharing_enabled":true,"jetpack_shortlink":"https:\/\/wp.me\/P7M8NW-2jY","_links":{"self":[{"href":"https:\/\/hayabusa.eu.org\/en\/wp-json\/wp\/v2\/pages\/8926","targetHints":{"allow":["GET"]}}],"collection":[{"href":"https:\/\/hayabusa.eu.org\/en\/wp-json\/wp\/v2\/pages"}],"about":[{"href":"https:\/\/hayabusa.eu.org\/en\/wp-json\/wp\/v2\/types\/page"}],"author":[{"embeddable":true,"href":"https:\/\/hayabusa.eu.org\/en\/wp-json\/wp\/v2\/users\/1"}],"replies":[{"embeddable":true,"href":"https:\/\/hayabusa.eu.org\/en\/wp-json\/wp\/v2\/comments?post=8926"}],"version-history":[{"count":4,"href":"https:\/\/hayabusa.eu.org\/en\/wp-json\/wp\/v2\/pages\/8926\/revisions"}],"predecessor-version":[{"id":9687,"href":"https:\/\/hayabusa.eu.org\/en\/wp-json\/wp\/v2\/pages\/8926\/revisions\/9687"}],"up":[{"embeddable":true,"href":"https:\/\/hayabusa.eu.org\/en\/wp-json\/wp\/v2\/pages\/8923"}],"wp:featuredmedia":[{"embeddable":true,"href":"https:\/\/hayabusa.eu.org\/en\/wp-json\/wp\/v2\/media\/8927"}],"wp:attachment":[{"href":"https:\/\/hayabusa.eu.org\/en\/wp-json\/wp\/v2\/media?parent=8926"}],"wp:term":[{"taxonomy":"category","embeddable":true,"href":"https:\/\/hayabusa.eu.org\/en\/wp-json\/wp\/v2\/categories?post=8926"},{"taxonomy":"post_tag","embeddable":true,"href":"https:\/\/hayabusa.eu.org\/en\/wp-json\/wp\/v2\/tags?post=8926"}],"curies":[{"name":"wp","href":"https:\/\/api.w.org\/{rel}","templated":true}]}}