{"id":8929,"date":"2017-08-31T13:28:58","date_gmt":"2017-08-31T11:28:58","guid":{"rendered":"http:\/\/hayabusa.eu.org\/?page_id=8929"},"modified":"2017-08-31T15:36:27","modified_gmt":"2017-08-31T13:36:27","slug":"simracing","status":"publish","type":"page","link":"https:\/\/hayabusa.eu.org\/en\/simracing\/","title":{"rendered":"Simracing"},"content":{"rendered":"<p>Przygod\u0119 z simracingiem zacz\u0105\u0142em ca\u0142kiem przypadkowo, kiedy to natkn\u0105\u0142em si\u0119 na transmisj\u0119 YouTube z wy\u015bcig\u00f3w Devil-Cars Porsche Cup organizowanych przez <a href=\"http:\/\/devil-cars.pl\">Devil-Cars<\/a> i <a href=\"http:\/\/simrace.pl\">Simrace.pl<\/a>. Od dawna ju\u017c posiada\u0142em kierownic\u0119 i gr\u0119 symulacyjn\u0105 Assetto Corsa, przy kt\u00f3rej sp\u0119dza\u0142em troch\u0119 czasu, ale nigdy jeszcze nie pr\u00f3bowa\u0142em \u015bcigania si\u0119 online z wi\u0119ksz\u0105 ilo\u015bci\u0105 ludzi. Owszem, zdarza\u0142o mi si\u0119 po\u015bciga\u0107 z jednym lub dwoma kumplami online, ale \u017caden z nas do tego nie podchodzi\u0142 zbyt powa\u017cnie, nikt nie liczy\u0142 wyjazd\u00f3w poza tor ani punkt\u00f3w. Tutaj sytuacja by\u0142a inna: co dwa tygodnie w niedziel\u0119 o tej samej porze startowa\u0142o oko\u0142o 30 zawodnik\u00f3w z ca\u0142ej Polski, w takich samych samochodach i za ka\u017cdym razem na innym torze. Punkty zlicza\u0142y si\u0119 do klasyfikacji generalnej, za wszelkie ci\u0119cia, kontakty i falstarty by\u0142y naliczane kary. By\u0142a te\u017c wyznaczona nagroda dla zwyci\u0119zcy, przejazd wybranym (super)samochodem po prawdziwym torze wy\u015bcigowym.<\/p>\n<p>Po obejrzeniu kilku takich transmisji postanowi\u0142em sprawdzi\u0107 jak bardzo moje czasy okr\u0105\u017ce\u0144 odbiegaj\u0105 od \u015bcigaj\u0105cych si\u0119 tam zawodnik\u00f3w, wzi\u0105\u0142em zatem to samo auto, ten sam tor i okaza\u0142o si\u0119, \u017ce jestem oko\u0142o 10s wolniejszy. Postanowi\u0142em wi\u0119c rozpocz\u0105\u0107 regularne treningi. Przez blisko miesi\u0105c zasiada\u0142em codziennie na godzin\u0119 lub dwie do symulatora i je\u017adzi\u0142em wybranym autem po wybranym torze a\u017c poprawi\u0142em sw\u00f3j pocz\u0105tkowy czas o kilka sekund. Zg\u0142osi\u0142em r\u00f3wnie\u017c ch\u0119\u0107 udzia\u0142u w nowo powstaj\u0105cej wtedy lidze Devil-Cars BMW M235i Racing Cup co dawa\u0142o mi mo\u017cliwo\u015bci treningu w takich samych warunkach jak czo\u0142\u00f3wka zawodnik\u00f3w oraz odniesienie do czas\u00f3w okr\u0105\u017ce\u0144. Treningi przynios\u0142y oczekiwane efekty i cho\u0107 ci\u0105gle bywam o dwie\/trzy sekundy wolniejszy od lidera, to moja jazda sta\u0142a si\u0119 o wiele bardziej p\u0142ynna i regularna daj\u0105c w efekcie coraz wi\u0119cej czystych okr\u0105\u017ce\u0144 i coraz lepsze pozycje w wy\u015bcigach.<\/p>\n<p>Ma to te\u017c prze\u0142o\u017cenie na prowadzenie samochodu w realnych warunkach, wprawdzie nie je\u017cd\u017c\u0119 ca\u0142\u0105 szeroko\u015bci\u0105 jezdni staraj\u0105c si\u0119 z\u0142apa\u0107 apeks ka\u017cdego zakr\u0119tu ale staram si\u0119 je\u017adzi\u0107 p\u0142ynniej i lepiej odczytywa\u0107 sygna\u0142y pochodz\u0105ce z samochodu.<\/p>\n","protected":false},"excerpt":{"rendered":"<p>Przygod\u0119 z simracingiem zacz\u0105\u0142em ca\u0142kiem przypadkowo, kiedy to natkn\u0105\u0142em si\u0119 na transmisj\u0119 YouTube z wy\u015bcig\u00f3w Devil-Cars Porsche Cup organizowanych przez Devil-Cars i Simrace.pl. Od dawna ju\u017c posiada\u0142em kierownic\u0119 i gr\u0119 symulacyjn\u0105 Assetto Corsa, przy&#46;&#46;&#46;<\/p>\n","protected":false},"author":1,"featured_media":8937,"parent":0,"menu_order":0,"comment_status":"closed","ping_status":"closed","template":"","meta":{"_monsterinsights_skip_tracking":false,"_monsterinsights_sitenote_active":false,"_monsterinsights_sitenote_note":"","_monsterinsights_sitenote_category":0,"ngg_post_thumbnail":0,"jetpack_post_was_ever_published":false,"footnotes":""},"categories":[117],"tags":[116],"class_list":["post-8929","page","type-page","status-publish","has-post-thumbnail","hentry","category-simracing","tag-simracing"],"jetpack_sharing_enabled":true,"jetpack_shortlink":"https:\/\/wp.me\/P7M8NW-2k1","_links":{"self":[{"href":"https:\/\/hayabusa.eu.org\/en\/wp-json\/wp\/v2\/pages\/8929","targetHints":{"allow":["GET"]}}],"collection":[{"href":"https:\/\/hayabusa.eu.org\/en\/wp-json\/wp\/v2\/pages"}],"about":[{"href":"https:\/\/hayabusa.eu.org\/en\/wp-json\/wp\/v2\/types\/page"}],"author":[{"embeddable":true,"href":"https:\/\/hayabusa.eu.org\/en\/wp-json\/wp\/v2\/users\/1"}],"replies":[{"embeddable":true,"href":"https:\/\/hayabusa.eu.org\/en\/wp-json\/wp\/v2\/comments?post=8929"}],"version-history":[{"count":3,"href":"https:\/\/hayabusa.eu.org\/en\/wp-json\/wp\/v2\/pages\/8929\/revisions"}],"predecessor-version":[{"id":8935,"href":"https:\/\/hayabusa.eu.org\/en\/wp-json\/wp\/v2\/pages\/8929\/revisions\/8935"}],"wp:featuredmedia":[{"embeddable":true,"href":"https:\/\/hayabusa.eu.org\/en\/wp-json\/wp\/v2\/media\/8937"}],"wp:attachment":[{"href":"https:\/\/hayabusa.eu.org\/en\/wp-json\/wp\/v2\/media?parent=8929"}],"wp:term":[{"taxonomy":"category","embeddable":true,"href":"https:\/\/hayabusa.eu.org\/en\/wp-json\/wp\/v2\/categories?post=8929"},{"taxonomy":"post_tag","embeddable":true,"href":"https:\/\/hayabusa.eu.org\/en\/wp-json\/wp\/v2\/tags?post=8929"}],"curies":[{"name":"wp","href":"https:\/\/api.w.org\/{rel}","templated":true}]}}