{"id":8941,"date":"2017-09-01T14:41:03","date_gmt":"2017-09-01T12:41:03","guid":{"rendered":"http:\/\/hayabusa.eu.org\/?page_id=8941"},"modified":"2017-09-04T10:13:42","modified_gmt":"2017-09-04T08:13:42","slug":"oprogramowanie","status":"publish","type":"page","link":"https:\/\/hayabusa.eu.org\/en\/simracing\/oprogramowanie\/","title":{"rendered":"Oprogramowanie"},"content":{"rendered":"<p>Opr\u00f3cz sprz\u0119tu potrzebnego do symulacji wy\u015bcig\u00f3w potrzebne jest jeszcze oprogramowanie. Mam tu na my\u015bli system operacyjny, gr\u0119 oraz aplikacje wspomagaj\u0105ce. Na temat systemu rozpisywa\u0142 si\u0119 nie b\u0119d\u0119, poniewa\u017c ka\u017cda platforma ma sw\u00f3j, kwestia jest dost\u0119pno\u015bci odpowiednich gier, mo\u017cliwo\u015bci ich rozszerzania o dodatkow\u0105 zawarto\u015b\u0107 oraz prostoty obs\u0142ugi. Co do prostoty obs\u0142ugi to prym na pewno b\u0119d\u0105 wiod\u0142y konsole, tu jednak nie mo\u017cna liczy\u0107 na mo\u017cliwo\u015b\u0107 instalacji dodatkowych aplikacji czy &#8220;moderskich&#8221; samochod\u00f3w ani tor\u00f3w. W tej kwestii najlepsza sytuacja jest na platformie PC z Microsoft Windows. Tutaj jest najwi\u0119ksza baza dost\u0119pnych tytu\u0142\u00f3w oraz rozszerze\u0144 w postaci samochod\u00f3w, tor\u00f3w i aplikacji tworzonych przez spo\u0142eczno\u015b\u0107 u\u017cytkownik\u00f3w. Sporo dobrych tytu\u0142\u00f3w jest te\u017c na konsole PlayStation 4 i XboX, cho\u0107 tu jest wi\u0119cej gier z przewag\u0105 &#8220;arcade&#8221; nad symulacj\u0105. Znajdzie si\u0119 te\u017c co\u015b na Maca, ale najwi\u0119kszy wyb\u00f3r i mo\u017cliwo\u015bci daje Pecet z Windowsem.<\/p>\n","protected":false},"excerpt":{"rendered":"<p>Opr\u00f3cz sprz\u0119tu potrzebnego do symulacji wy\u015bcig\u00f3w potrzebne jest jeszcze oprogramowanie. Mam tu na my\u015bli system operacyjny, gr\u0119 oraz aplikacje wspomagaj\u0105ce. Na temat systemu rozpisywa\u0142 si\u0119 nie b\u0119d\u0119, poniewa\u017c ka\u017cda platforma ma sw\u00f3j, kwestia jest&#46;&#46;&#46;<\/p>\n","protected":false},"author":1,"featured_media":8945,"parent":8929,"menu_order":0,"comment_status":"closed","ping_status":"closed","template":"","meta":{"_monsterinsights_skip_tracking":false,"_monsterinsights_sitenote_active":false,"_monsterinsights_sitenote_note":"","_monsterinsights_sitenote_category":0,"ngg_post_thumbnail":0,"jetpack_post_was_ever_published":false,"footnotes":""},"categories":[119,117],"tags":[116],"class_list":["post-8941","page","type-page","status-publish","has-post-thumbnail","hentry","category-software","category-simracing","tag-simracing"],"jetpack_sharing_enabled":true,"jetpack_shortlink":"https:\/\/wp.me\/P7M8NW-2kd","_links":{"self":[{"href":"https:\/\/hayabusa.eu.org\/en\/wp-json\/wp\/v2\/pages\/8941","targetHints":{"allow":["GET"]}}],"collection":[{"href":"https:\/\/hayabusa.eu.org\/en\/wp-json\/wp\/v2\/pages"}],"about":[{"href":"https:\/\/hayabusa.eu.org\/en\/wp-json\/wp\/v2\/types\/page"}],"author":[{"embeddable":true,"href":"https:\/\/hayabusa.eu.org\/en\/wp-json\/wp\/v2\/users\/1"}],"replies":[{"embeddable":true,"href":"https:\/\/hayabusa.eu.org\/en\/wp-json\/wp\/v2\/comments?post=8941"}],"version-history":[{"count":3,"href":"https:\/\/hayabusa.eu.org\/en\/wp-json\/wp\/v2\/pages\/8941\/revisions"}],"predecessor-version":[{"id":8944,"href":"https:\/\/hayabusa.eu.org\/en\/wp-json\/wp\/v2\/pages\/8941\/revisions\/8944"}],"up":[{"embeddable":true,"href":"https:\/\/hayabusa.eu.org\/en\/wp-json\/wp\/v2\/pages\/8929"}],"wp:featuredmedia":[{"embeddable":true,"href":"https:\/\/hayabusa.eu.org\/en\/wp-json\/wp\/v2\/media\/8945"}],"wp:attachment":[{"href":"https:\/\/hayabusa.eu.org\/en\/wp-json\/wp\/v2\/media?parent=8941"}],"wp:term":[{"taxonomy":"category","embeddable":true,"href":"https:\/\/hayabusa.eu.org\/en\/wp-json\/wp\/v2\/categories?post=8941"},{"taxonomy":"post_tag","embeddable":true,"href":"https:\/\/hayabusa.eu.org\/en\/wp-json\/wp\/v2\/tags?post=8941"}],"curies":[{"name":"wp","href":"https:\/\/api.w.org\/{rel}","templated":true}]}}