{"id":8946,"date":"2017-09-04T11:13:57","date_gmt":"2017-09-04T09:13:57","guid":{"rendered":"http:\/\/hayabusa.eu.org\/?page_id=8946"},"modified":"2017-09-08T15:06:03","modified_gmt":"2017-09-08T13:06:03","slug":"gry-pc","status":"publish","type":"page","link":"https:\/\/hayabusa.eu.org\/en\/simracing\/oprogramowanie\/gry-pc\/","title":{"rendered":"Gry PC"},"content":{"rendered":"<p>Nie zamierzam tu recenzowa\u0107 gier ale postaram si\u0119 wymieni\u0107 kilka tytu\u0142\u00f3w, w kt\u00f3re mia\u0142em okazj\u0119 gra\u0107 i pokr\u00f3tce opisa\u0107 czego mo\u017cna si\u0119 po nich spodziewa\u0107.<\/p>\n<p><a href=\"http:\/\/www.assettocorsa.net\/\" target=\"_blank\" rel=\"noopener\">Assetto Corsa<\/a> &#8211; patrz opis na <a href=\"http:\/\/hayabusa.eu.org\/simracing\/oprogramowanie\/assetto-corsa\/\">oddzielnej stronie<\/a><\/p>\n<p><a href=\"http:\/\/www.projectcarsgame.com\/\">Project CARS<\/a> &#8211; patrz opis na <a href=\"http:\/\/hayabusa.eu.org\/simracing\/oprogramowanie\/project-cars\/\">odddzielnej stronie<\/a><\/p>\n<p><a href=\"https:\/\/i0.wp.com\/hayabusa.eu.org\/wp-content\/uploads\/2017\/09\/RRE-Coverpost.jpg\" data-rel=\"lightbox-image-0\" data-rl_title=\"\" data-rl_caption=\"\" title=\"\"><img data-recalc-dims=\"1\" loading=\"lazy\" decoding=\"async\" data-attachment-id=\"8952\" data-permalink=\"https:\/\/hayabusa.eu.org\/en\/simracing\/oprogramowanie\/gry-pc\/rre-coverpost\/\" data-orig-file=\"https:\/\/i0.wp.com\/hayabusa.eu.org\/wp-content\/uploads\/2017\/09\/RRE-Coverpost.jpg?fit=1920%2C1080&amp;ssl=1\" data-orig-size=\"1920,1080\" data-comments-opened=\"1\" data-image-meta=\"{&quot;aperture&quot;:&quot;0&quot;,&quot;credit&quot;:&quot;&quot;,&quot;camera&quot;:&quot;&quot;,&quot;caption&quot;:&quot;&quot;,&quot;created_timestamp&quot;:&quot;0&quot;,&quot;copyright&quot;:&quot;&quot;,&quot;focal_length&quot;:&quot;0&quot;,&quot;iso&quot;:&quot;0&quot;,&quot;shutter_speed&quot;:&quot;0&quot;,&quot;title&quot;:&quot;&quot;,&quot;orientation&quot;:&quot;0&quot;}\" data-image-title=\"RRE-Coverpost\" data-image-description=\"\" data-image-caption=\"\" data-medium-file=\"https:\/\/i0.wp.com\/hayabusa.eu.org\/wp-content\/uploads\/2017\/09\/RRE-Coverpost.jpg?fit=300%2C169&amp;ssl=1\" data-large-file=\"https:\/\/i0.wp.com\/hayabusa.eu.org\/wp-content\/uploads\/2017\/09\/RRE-Coverpost.jpg?fit=1024%2C576&amp;ssl=1\" class=\"aligncenter size-large wp-image-8952\" src=\"https:\/\/i0.wp.com\/hayabusa.eu.org\/wp-content\/uploads\/2017\/09\/RRE-Coverpost-1024x576.jpg?resize=1024%2C576\" alt=\"RaceRoom Racing Experience\" width=\"1024\" height=\"576\" srcset=\"https:\/\/i0.wp.com\/hayabusa.eu.org\/wp-content\/uploads\/2017\/09\/RRE-Coverpost.jpg?resize=1024%2C576&amp;ssl=1 1024w, https:\/\/i0.wp.com\/hayabusa.eu.org\/wp-content\/uploads\/2017\/09\/RRE-Coverpost.jpg?resize=300%2C169&amp;ssl=1 300w, https:\/\/i0.wp.com\/hayabusa.eu.org\/wp-content\/uploads\/2017\/09\/RRE-Coverpost.jpg?resize=768%2C432&amp;ssl=1 768w, https:\/\/i0.wp.com\/hayabusa.eu.org\/wp-content\/uploads\/2017\/09\/RRE-Coverpost.jpg?w=1920&amp;ssl=1 1920w\" sizes=\"auto, (max-width: 1000px) 100vw, 1000px\" \/><\/a><a href=\"http:\/\/game.raceroom.com\/\">RaceRoom Racing Experience<\/a> &#8211; nie mia\u0142em okazji za wiele poje\u017adzi\u0107, testowa\u0142em jedynie darmowo dost\u0119pn\u0105 zawarto\u015b\u0107. Co mi si\u0119 pierwsze spodoba\u0142o to niesamowity d\u017awi\u0119k! Po prostu ciarki przechodz\u0105 przy ka\u017cdej przegaz\u00f3wce i odci\u0119ciu, plus pi\u0119\u0107 do wra\u017ce\u0144 z jazdy. A wra\u017cenia te\u017c ca\u0142kiem niez\u0142e, poje\u017adzi\u0142em troch\u0119 po Algarve International Portimao kilkoma r\u00f3\u017cnymi samochodami i wydaje si\u0119 by\u0107 ca\u0142kiem nie\u017ale. Do obs\u0142ugi VR gra korzysta ze Steam VR ale po obejrzeniu jakiego\u015b tutoriala nawet sprawnie uda\u0142o mi si\u0119 to skonfigurowa\u0107. Wymagana jest rejestracja online w portalu gdzie zapisywane s\u0105 post\u0119py danego zawodnika. Nie sprawdza\u0142em jeszcze ani trybu kariery ani wy\u015bcig\u00f3w online, zrobi\u0142em tylko kilka szybkich wy\u015bcig\u00f3w oraz weekend\u00f3w wy\u015bcigowych.<\/p>\n","protected":false},"excerpt":{"rendered":"<p>Nie zamierzam tu recenzowa\u0107 gier ale postaram si\u0119 wymieni\u0107 kilka tytu\u0142\u00f3w, w kt\u00f3re mia\u0142em okazj\u0119 gra\u0107 i pokr\u00f3tce opisa\u0107 czego mo\u017cna si\u0119 po nich spodziewa\u0107. Assetto Corsa &#8211; patrz opis na oddzielnej stronie Project&#46;&#46;&#46;<\/p>\n","protected":false},"author":1,"featured_media":8948,"parent":8941,"menu_order":0,"comment_status":"closed","ping_status":"closed","template":"","meta":{"_monsterinsights_skip_tracking":false,"_monsterinsights_sitenote_active":false,"_monsterinsights_sitenote_note":"","_monsterinsights_sitenote_category":0,"ngg_post_thumbnail":0,"jetpack_post_was_ever_published":false,"footnotes":""},"categories":[119,117],"tags":[116],"class_list":["post-8946","page","type-page","status-publish","has-post-thumbnail","hentry","category-software","category-simracing","tag-simracing"],"jetpack_sharing_enabled":true,"jetpack_shortlink":"https:\/\/wp.me\/P7M8NW-2ki","_links":{"self":[{"href":"https:\/\/hayabusa.eu.org\/en\/wp-json\/wp\/v2\/pages\/8946","targetHints":{"allow":["GET"]}}],"collection":[{"href":"https:\/\/hayabusa.eu.org\/en\/wp-json\/wp\/v2\/pages"}],"about":[{"href":"https:\/\/hayabusa.eu.org\/en\/wp-json\/wp\/v2\/types\/page"}],"author":[{"embeddable":true,"href":"https:\/\/hayabusa.eu.org\/en\/wp-json\/wp\/v2\/users\/1"}],"replies":[{"embeddable":true,"href":"https:\/\/hayabusa.eu.org\/en\/wp-json\/wp\/v2\/comments?post=8946"}],"version-history":[{"count":6,"href":"https:\/\/hayabusa.eu.org\/en\/wp-json\/wp\/v2\/pages\/8946\/revisions"}],"predecessor-version":[{"id":9006,"href":"https:\/\/hayabusa.eu.org\/en\/wp-json\/wp\/v2\/pages\/8946\/revisions\/9006"}],"up":[{"embeddable":true,"href":"https:\/\/hayabusa.eu.org\/en\/wp-json\/wp\/v2\/pages\/8941"}],"wp:featuredmedia":[{"embeddable":true,"href":"https:\/\/hayabusa.eu.org\/en\/wp-json\/wp\/v2\/media\/8948"}],"wp:attachment":[{"href":"https:\/\/hayabusa.eu.org\/en\/wp-json\/wp\/v2\/media?parent=8946"}],"wp:term":[{"taxonomy":"category","embeddable":true,"href":"https:\/\/hayabusa.eu.org\/en\/wp-json\/wp\/v2\/categories?post=8946"},{"taxonomy":"post_tag","embeddable":true,"href":"https:\/\/hayabusa.eu.org\/en\/wp-json\/wp\/v2\/tags?post=8946"}],"curies":[{"name":"wp","href":"https:\/\/api.w.org\/{rel}","templated":true}]}}