{"id":8958,"date":"2017-09-05T12:54:55","date_gmt":"2017-09-05T10:54:55","guid":{"rendered":"http:\/\/hayabusa.eu.org\/?page_id=8958"},"modified":"2017-09-08T12:53:47","modified_gmt":"2017-09-08T10:53:47","slug":"assetto-corsa","status":"publish","type":"page","link":"https:\/\/hayabusa.eu.org\/en\/simracing\/oprogramowanie\/assetto-corsa\/","title":{"rendered":"Assetto Corsa"},"content":{"rendered":"<p><a href=\"http:\/\/www.assettocorsa.net\/\">Assetto Corsa<\/a> &#8211; bardzo dobry symulator firmy Kunos Simulazioni. \u015awietnie oddana fizyka i prowadzenie pojazdu. Daje mo\u017cliwo\u015b\u0107 jazdy w trybie jedno- i wieloosobowym: praktyka, tryb kariery, hot laps, time attack i wreszcie wy\u015bcigi z pojazdami sterowanymi przez komputer lub innych graczy w trybie online. Szybki wy\u015bcig lub pe\u0142en &#8220;weekend wy\u015bcigowy&#8221; czyli praktyka, kwalifikacje i wy\u015bcig. Du\u017co og\u00f3lnodost\u0119pnych serwer\u00f3w do jazdy online oraz mo\u017cliwo\u015b\u0107 tworzenia prywatnych lobby, czyli stawiania w\u0142asnych serwer\u00f3w i ustawiania parametr\u00f3w dla potrzeb danej sesji. Istnieje te\u017c mo\u017cliwo\u015b\u0107 brania udzia\u0142u w wy\u015bcigach online przez <a href=\"http:\/\/www.simracingsystem.com\/\" target=\"_blank\" rel=\"noopener\">SimRacing System<\/a> oraz por\u00f3wnywania swoich czas\u00f3w z innymi lud\u017ami poprzez <a href=\"http:\/\/www.radiators-champ.com\/RSRLiveTiming\/\" target=\"_blank\" rel=\"noopener\">RSR LiveTiming<\/a>. Du\u017ca baza samochod\u00f3w i dobrze odwzorowanych tor\u00f3w (podstawka + DLC) oraz mod\u00f3w w postaci aut, tor\u00f3w, aplikacji, ulepsze\u0144 grafiki itp. tworzonych przez spo\u0142eczno\u015b\u0107 z ca\u0142ego \u015bwiata.<br \/>\nJest mo\u017cliwo\u015b\u0107 zapisywania i odtwarzania powt\u00f3rek czy to w celu obejrzenia toru jazdy czy zg\u0142aszania ewentualnych przewinie\u0144 podczas wy\u015bcig\u00f3w.<br \/>\nTroch\u0119 brakuje warunk\u00f3w pogodowych, nie da si\u0119 je\u017adzi\u0107 w deszczu jak np. w Project CARS, nie ma te\u017c cyklu dobowego (dzie\u0144\/noc). Tryb kariery r\u00f3wnie\u017c nie jest zbyt wci\u0105gaj\u0105cy, po prostu kolejne wy\u015bcigi lub time attack coraz mocniejszymi samochodami po powtarzaj\u0105cych si\u0119 torach. Mimo to uwa\u017cam Assetto Cors\u0119 za najlepszy symulator w jaki mia\u0142em okazj\u0119 gra\u0107.<br \/>\nGra ma natywne wsparcie dla Oculus Rift, wprawdzie wymaga specjalnej konfiguracji i kilku test\u00f3w aby wybra\u0107 najbardziej optymalne ustawienia, ale p\u00f3\u017aniej daje \u015bwietne wra\u017cenia z jazdy. Jest te\u017c wczesne wsparcie dla Open VR, ale pr\u00f3bowa\u0142em to Oculusem przez Steam VR i jest o wiele gorzej ni\u017c w trybie natywnym (to chyba normalne).<\/p>\n<p>Troch\u0119 suchych danych, stan na dzie\u0144 18.05.2017 r., dane zaczerpni\u0119te z <a href=\"http:\/\/simrace.pl\/forum\/index.php\/topic\/198-assetto-corsa-pe%C5%82na-lista-samochod%C3%B3w-i-tor%C3%B3w-zawiera-dlc\/\">forum Simrace.pl<\/a><\/p>\n<p>&#8211; 141 oficjalnie wydanych samochod\u00f3w<br \/>\n&#8211; 52 w podstawowej wersji gry<br \/>\n&#8211;&nbsp;77 jako dodatkowe<br \/>\n&#8211; 12 wydanych jako free bonus car<br \/>\n&#8211;&nbsp;10 wydanych DLC (<a href=\"http:\/\/simrace.pl\/forum\/index.php\/topic\/486-assetta-corsa-dlc\/page-16#entry38381\">recenzje i opis DLC<\/a>)<\/p>\n","protected":false},"excerpt":{"rendered":"<p>Assetto Corsa &#8211; bardzo dobry symulator firmy Kunos Simulazioni. \u015awietnie oddana fizyka i prowadzenie pojazdu. Daje mo\u017cliwo\u015b\u0107 jazdy w trybie jedno- i wieloosobowym: praktyka, tryb kariery, hot laps, time attack i wreszcie wy\u015bcigi z&#46;&#46;&#46;<\/p>\n","protected":false},"author":1,"featured_media":8963,"parent":8941,"menu_order":0,"comment_status":"closed","ping_status":"closed","template":"","meta":{"_monsterinsights_skip_tracking":false,"_monsterinsights_sitenote_active":false,"_monsterinsights_sitenote_note":"","_monsterinsights_sitenote_category":0,"ngg_post_thumbnail":0,"jetpack_post_was_ever_published":false,"footnotes":""},"categories":[119,117],"tags":[113,116],"class_list":["post-8958","page","type-page","status-publish","has-post-thumbnail","hentry","category-software","category-simracing","tag-assetto-corsa","tag-simracing"],"jetpack_sharing_enabled":true,"jetpack_shortlink":"https:\/\/wp.me\/P7M8NW-2ku","_links":{"self":[{"href":"https:\/\/hayabusa.eu.org\/en\/wp-json\/wp\/v2\/pages\/8958","targetHints":{"allow":["GET"]}}],"collection":[{"href":"https:\/\/hayabusa.eu.org\/en\/wp-json\/wp\/v2\/pages"}],"about":[{"href":"https:\/\/hayabusa.eu.org\/en\/wp-json\/wp\/v2\/types\/page"}],"author":[{"embeddable":true,"href":"https:\/\/hayabusa.eu.org\/en\/wp-json\/wp\/v2\/users\/1"}],"replies":[{"embeddable":true,"href":"https:\/\/hayabusa.eu.org\/en\/wp-json\/wp\/v2\/comments?post=8958"}],"version-history":[{"count":9,"href":"https:\/\/hayabusa.eu.org\/en\/wp-json\/wp\/v2\/pages\/8958\/revisions"}],"predecessor-version":[{"id":9001,"href":"https:\/\/hayabusa.eu.org\/en\/wp-json\/wp\/v2\/pages\/8958\/revisions\/9001"}],"up":[{"embeddable":true,"href":"https:\/\/hayabusa.eu.org\/en\/wp-json\/wp\/v2\/pages\/8941"}],"wp:featuredmedia":[{"embeddable":true,"href":"https:\/\/hayabusa.eu.org\/en\/wp-json\/wp\/v2\/media\/8963"}],"wp:attachment":[{"href":"https:\/\/hayabusa.eu.org\/en\/wp-json\/wp\/v2\/media?parent=8958"}],"wp:term":[{"taxonomy":"category","embeddable":true,"href":"https:\/\/hayabusa.eu.org\/en\/wp-json\/wp\/v2\/categories?post=8958"},{"taxonomy":"post_tag","embeddable":true,"href":"https:\/\/hayabusa.eu.org\/en\/wp-json\/wp\/v2\/tags?post=8958"}],"curies":[{"name":"wp","href":"https:\/\/api.w.org\/{rel}","templated":true}]}}