{"id":8968,"date":"2017-09-06T18:58:02","date_gmt":"2017-09-06T16:58:02","guid":{"rendered":"http:\/\/hayabusa.eu.org\/?page_id=8968"},"modified":"2017-09-07T11:36:12","modified_gmt":"2017-09-07T09:36:12","slug":"assetto-corsa-konfiguracja-grafiki","status":"publish","type":"page","link":"https:\/\/hayabusa.eu.org\/en\/simracing\/oprogramowanie\/assetto-corsa\/assetto-corsa-konfiguracja-grafiki\/","title":{"rendered":"Assetto Corsa &#8211; konfiguracja grafiki"},"content":{"rendered":"<p>Przedstawiona powy\u017cej konfiguracja dotyczy karty graficznej GeForce GTX 1050Ti wy\u015bwietlaj\u0105cej obraz na jednym telewizorze Full HD (50&#8243;). Nie wiem czy jest to konfiguracja optymalna ale ja tak\u0105 stosuj\u0119. Pomimo \u017ce natywn\u0105 rozdzielczo\u015bci\u0105 telewizora jest FHD czyli 1920 x 1080, to zdecydowa\u0142em si\u0119 ustawi\u0107 2560 x 1440. W ten spos\u00f3b mam szersze pole widzenia i troch\u0119 wi\u0119cej miejsca na rozmieszczenie aplikacji, tak aby nie przeszkadza\u0142y podczas jazdy. Okupione jest to jakim\u015b spadkiem ilo\u015bci klatek na sekund\u0119 (fps) ale jak wida\u0107 szczeg\u00f3\u0142y \u015bwiata wyci\u0105gni\u0119te s\u0105 na maksimum, wi\u0119c w razie gdy kto\u015b woli wi\u0119cej fps\u00f3w to jest z czego zjecha\u0107. Z tego co mi wiadomo najwi\u0119cej mo\u017cna zyska\u0107 na obni\u017ceniu rozdzielczo\u015bci i zmniejszeniu cz\u0119stotliwo\u015bci renderowania odbi\u0107 lub wy\u0142\u0105czeniu post-processingu. Przy dopieszczaniu ustawie\u0144 warto w\u0142\u0105czy\u0107 sobie wy\u015bcig w trybie offline i ustawi\u0107 oko\u0142o 30 przeciwnik\u00f3w AI. Najlepiej jest zaobserwowa\u0107 jak\u0105 wydajno\u015b\u0107 ma grafika zaraz na starcie, gdzie wok\u00f3\u0142 s\u0105 zar\u00f3wno tekstury z toru (trybuny, bannery, boxy) oraz otaczaj\u0105ce samochody. Du\u017ce spadki fps odnotowa\u0142em te\u017c przy zbli\u017caniu si\u0119 do ko\u0144ca okr\u0105\u017cenia, gdzie nast\u0119puje przeliczanie pozycji i strat do lidera, warto wi\u0119c wykona\u0107 kilka k\u00f3\u0142ek i poobserwowa\u0107. Do monitorowania ilo\u015bci klatek w AC polecam dodatkowy mod o nazwie <a href=\"https:\/\/github.com\/stenyak\/framerateWatcher\" target=\"_blank\" rel=\"noopener\">Framerate Watcher<\/a>, lepiej pokazuje dropy ni\u017c ten wbudowany w AC, wi\u0119cej informacji znajdziecie na <a href=\"http:\/\/simrace.pl\/forum\/index.php\/topic\/1475-framerate-watcher-dok%C5%82adny-wska%C5%BAnik-fps\/\" target=\"_blank\" rel=\"noopener\">forum Simrace.pl<\/a>.<\/p>\n","protected":false},"excerpt":{"rendered":"<p>Przedstawiona powy\u017cej konfiguracja dotyczy karty graficznej GeForce GTX 1050Ti wy\u015bwietlaj\u0105cej obraz na jednym telewizorze Full HD (50&#8243;). Nie wiem czy jest to konfiguracja optymalna ale ja tak\u0105 stosuj\u0119. Pomimo \u017ce natywn\u0105 rozdzielczo\u015bci\u0105 telewizora jest&#46;&#46;&#46;<\/p>\n","protected":false},"author":1,"featured_media":8969,"parent":8958,"menu_order":0,"comment_status":"closed","ping_status":"closed","template":"","meta":{"_monsterinsights_skip_tracking":false,"_monsterinsights_sitenote_active":false,"_monsterinsights_sitenote_note":"","_monsterinsights_sitenote_category":0,"ngg_post_thumbnail":0,"jetpack_post_was_ever_published":false,"footnotes":""},"categories":[119,117],"tags":[113,116],"class_list":["post-8968","page","type-page","status-publish","has-post-thumbnail","hentry","category-software","category-simracing","tag-assetto-corsa","tag-simracing"],"jetpack_sharing_enabled":true,"jetpack_shortlink":"https:\/\/wp.me\/P7M8NW-2kE","_links":{"self":[{"href":"https:\/\/hayabusa.eu.org\/en\/wp-json\/wp\/v2\/pages\/8968","targetHints":{"allow":["GET"]}}],"collection":[{"href":"https:\/\/hayabusa.eu.org\/en\/wp-json\/wp\/v2\/pages"}],"about":[{"href":"https:\/\/hayabusa.eu.org\/en\/wp-json\/wp\/v2\/types\/page"}],"author":[{"embeddable":true,"href":"https:\/\/hayabusa.eu.org\/en\/wp-json\/wp\/v2\/users\/1"}],"replies":[{"embeddable":true,"href":"https:\/\/hayabusa.eu.org\/en\/wp-json\/wp\/v2\/comments?post=8968"}],"version-history":[{"count":3,"href":"https:\/\/hayabusa.eu.org\/en\/wp-json\/wp\/v2\/pages\/8968\/revisions"}],"predecessor-version":[{"id":8980,"href":"https:\/\/hayabusa.eu.org\/en\/wp-json\/wp\/v2\/pages\/8968\/revisions\/8980"}],"up":[{"embeddable":true,"href":"https:\/\/hayabusa.eu.org\/en\/wp-json\/wp\/v2\/pages\/8958"}],"wp:featuredmedia":[{"embeddable":true,"href":"https:\/\/hayabusa.eu.org\/en\/wp-json\/wp\/v2\/media\/8969"}],"wp:attachment":[{"href":"https:\/\/hayabusa.eu.org\/en\/wp-json\/wp\/v2\/media?parent=8968"}],"wp:term":[{"taxonomy":"category","embeddable":true,"href":"https:\/\/hayabusa.eu.org\/en\/wp-json\/wp\/v2\/categories?post=8968"},{"taxonomy":"post_tag","embeddable":true,"href":"https:\/\/hayabusa.eu.org\/en\/wp-json\/wp\/v2\/tags?post=8968"}],"curies":[{"name":"wp","href":"https:\/\/api.w.org\/{rel}","templated":true}]}}