{"id":8971,"date":"2017-09-06T19:31:32","date_gmt":"2017-09-06T17:31:32","guid":{"rendered":"http:\/\/hayabusa.eu.org\/?page_id=8971"},"modified":"2017-09-07T15:44:24","modified_gmt":"2017-09-07T13:44:24","slug":"assetto-corsa-aplikacje-wspomagajace","status":"publish","type":"page","link":"https:\/\/hayabusa.eu.org\/en\/simracing\/oprogramowanie\/assetto-corsa\/assetto-corsa-aplikacje-wspomagajace\/","title":{"rendered":"Assetto Corsa &#8211; aplikacje wspomagaj\u0105ce"},"content":{"rendered":"<p>U\u017cywanie platformy PC do Simracingu daje mo\u017cliwo\u015bci instalacji dodatk\u00f3w (tzw. mod\u00f3w) nie tylko w postaci tor\u00f3w i samochod\u00f3w ale r\u00f3wnie\u017c aplikacji. Poni\u017cej znajdziecie spis aplikacji, kt\u00f3rych ja u\u017cywam przy Assetto Corsa wraz z kr\u00f3tkim opisem i odno\u015bnikami.<\/p>\n<p><a href=\"http:\/\/assettocorsa.club\/content-manager.html\">Content Manager<\/a> &#8211; alternatywny launcher do Assetto Corsa. Aplikacja z grupy &#8220;must have&#8221;. Je\u015bli ci\u0105gle u\u017cywasz oficjalnego launchera, to po przesiadce i kilku dniach u\u017cywania CM nie b\u0119dziesz ju\u017c chcie\u0107 do tamtego wraca\u0107. Wszystkie ustawienia pod r\u0119k\u0105, wszystkie tryby gry, zaawansowane ustawienia sesji, wyb\u00f3r trasy i samochodu, szybki start wy\u015bcig\u00f3w single i online, no i zarz\u0105dzanie dodatkami. To jest naprawd\u0119 super sprawa &#8211; brakuje jakiego\u015b moderskiego toru lub auta &#8211; klikasz link w CM, zostajesz przekierowany na w\u0142a\u015bciw\u0105 stron\u0119 np. <a href=\"http:\/\/www.racedepartment.com\/downloads\/categories\/assetto-corsa.1\/\">RaceDepartment<\/a> i je\u015bli doda\u0142e\u015b sobie wtyczk\u0119 do przegl\u0105darki to mo\u017cesz po prostu klikn\u0105\u0107 &#8220;Install this mod with CM&#8221; i za\u0142atwione. Nie trzeba \u015bci\u0105ga\u0107, rozpakowywa\u0107, szuka\u0107 w\u0142a\u015bciwego katalogu, wszystko dzieje si\u0119 automatycznie. Podobnie aktualizacje. To wszystko jest oferowane w wersji Lite czyli za darmo. Jak zdecydujesz si\u0119 wesprze\u0107 autora i przelejesz dowoln\u0105 kwot\u0119 to otrzymasz klucz, gdzie odblokujesz dodatkowe opcje lub zawarto\u015b\u0107 jak cho\u0107by tryb wyzwa\u0144.<\/p>\n<p><a href=\"http:\/\/hayabusa.eu.org\/simracing\/oprogramowanie\/crew-chief\/\">Crew Chief<\/a> &#8211; opisa\u0142em na osobnej stronie.<\/p>\n<p><a href=\"https:\/\/i0.wp.com\/hayabusa.eu.org\/wp-content\/uploads\/2017\/09\/AC-App-Screen-Desc.jpg\" data-rel=\"lightbox-image-0\" data-rl_title=\"\" data-rl_caption=\"\" title=\"\"><img data-recalc-dims=\"1\" loading=\"lazy\" decoding=\"async\" data-attachment-id=\"8972\" data-permalink=\"https:\/\/hayabusa.eu.org\/en\/simracing\/oprogramowanie\/assetto-corsa\/assetto-corsa-aplikacje-wspomagajace\/ac-app-screen-desc\/\" data-orig-file=\"https:\/\/i0.wp.com\/hayabusa.eu.org\/wp-content\/uploads\/2017\/09\/AC-App-Screen-Desc.jpg?fit=2560%2C1440&amp;ssl=1\" data-orig-size=\"2560,1440\" data-comments-opened=\"1\" data-image-meta=\"{&quot;aperture&quot;:&quot;0&quot;,&quot;credit&quot;:&quot;&quot;,&quot;camera&quot;:&quot;&quot;,&quot;caption&quot;:&quot;&quot;,&quot;created_timestamp&quot;:&quot;0&quot;,&quot;copyright&quot;:&quot;&quot;,&quot;focal_length&quot;:&quot;0&quot;,&quot;iso&quot;:&quot;0&quot;,&quot;shutter_speed&quot;:&quot;0&quot;,&quot;title&quot;:&quot;&quot;,&quot;orientation&quot;:&quot;0&quot;}\" data-image-title=\"AC-App-Screen-Desc\" data-image-description=\"\" data-image-caption=\"\" data-medium-file=\"https:\/\/i0.wp.com\/hayabusa.eu.org\/wp-content\/uploads\/2017\/09\/AC-App-Screen-Desc.jpg?fit=300%2C169&amp;ssl=1\" data-large-file=\"https:\/\/i0.wp.com\/hayabusa.eu.org\/wp-content\/uploads\/2017\/09\/AC-App-Screen-Desc.jpg?fit=1024%2C576&amp;ssl=1\" class=\"aligncenter wp-image-8972 size-large\" src=\"https:\/\/i0.wp.com\/hayabusa.eu.org\/wp-content\/uploads\/2017\/09\/AC-App-Screen-Desc-1024x576.jpg?resize=1024%2C576\" alt=\"AC Apps with description\" width=\"1024\" height=\"576\" srcset=\"https:\/\/i0.wp.com\/hayabusa.eu.org\/wp-content\/uploads\/2017\/09\/AC-App-Screen-Desc.jpg?resize=1024%2C576&amp;ssl=1 1024w, https:\/\/i0.wp.com\/hayabusa.eu.org\/wp-content\/uploads\/2017\/09\/AC-App-Screen-Desc.jpg?resize=300%2C169&amp;ssl=1 300w, https:\/\/i0.wp.com\/hayabusa.eu.org\/wp-content\/uploads\/2017\/09\/AC-App-Screen-Desc.jpg?resize=768%2C432&amp;ssl=1 768w, https:\/\/i0.wp.com\/hayabusa.eu.org\/wp-content\/uploads\/2017\/09\/AC-App-Screen-Desc.jpg?w=2000&amp;ssl=1 2000w\" sizes=\"auto, (max-width: 1000px) 100vw, 1000px\" \/><\/a><\/p>\n<p><a href=\"http:\/\/n-e-y-s.de\/main\">pTracker<\/a> &#8211; aplikacja wymagana do wy\u015bcig\u00f3w online ogranizowanych przez <a href=\"http:\/\/Simrace.pl\">Simrace.pl<\/a> i nie tylko. Dzia\u0142a na zasadzie klient-serwer, czyli po stronie serwera zainstalowany jest sTracker, a do niego \u0142\u0105cz\u0105 si\u0119 aplikacje zainstalowane na komputerach uczestnik\u00f3w, czyli w\u0142a\u015bnie pTracker. Przy okazji potrafi wy\u015bwietla\u0107 czasy okr\u0105\u017ce\u0144, delty czasowe mi\u0119dzy zawodnikami, ilo\u015b\u0107 paliwa, numer okr\u0105\u017cenia itp. Ma spore mo\u017cliwo\u015bci konfiguracji ustawie\u0144 jak r\u00f3wnie\u017c przesy\u0142ania setup\u00f3w na serwer i mi\u0119dzy zawodnikami. Cho\u0107 nie zawsze to dobrze dzia\u0142a, podobnie jak pokazywanie w\u0142a\u015bciwych pozycji, szczeg\u00f3lnie w drugim wy\u015bcigu. Tak czy owak aplikacja jest wymagana w niekt\u00f3rych wy\u015bcigach, wi\u0119c trzeba mie\u0107. Mo\u017cna te\u017c zainstalowa\u0107 ze strony <a href=\"http:\/\/www.racedepartment.com\/downloads\/ptracker.3509\/\">RaceDepartment<\/a> przy pomocy Content Managera.<\/p>\n<p><a href=\"http:\/\/www.drivingitalia.net\/index.php?\/forums\/topic\/69003-pit-lane-penalty-app-per-il-taglio-pista\/\">Pit Lane Penalty<\/a> (PLP) &#8211; kolejna obowi\u0105zkowa aplikacja cz\u0119sto wymagana do wy\u015bcig\u00f3w online m.in. na Simrace.pl. Pilnuje poprawnego toru jazdy, tak aby zawodnik mie\u015bci\u0142 si\u0119 w liniach toru i go nie \u015bcina\u0142. W zale\u017cno\u015bci od konfiguracji kar\u0105 mo\u017ce by\u0107 obowi\u0105zkowy przejazd przez Boxy lub dodanie okre\u015blonej warto\u015bci czasowej do wyniku. R\u00f3\u017cne serwery stosuj\u0105 r\u00f3\u017cne zasady, najlepiej wi\u0119c sprawdzi\u0107 ile jest dopuszczalnych wyjazd\u00f3w i jakie gro\u017c\u0105 za to kary we w\u0142a\u015bciwym w\u0105tku, np. <a href=\"http:\/\/simrace.pl\/forum\/index.php\/topic\/1746-plp-simrace-aplikacja-obowi%C4%85zkowa\/#entry46672\">PitLanePenalty dla Simrace.pl<\/a>.<\/p>\n<p><a href=\"http:\/\/www.racedepartment.com\/downloads\/car-radar.15743\/\">CarRadar<\/a> lub <a href=\"http:\/\/www.racedepartment.com\/downloads\/helicorsa.5199\/\">Helicorsa<\/a> &#8211; r\u00f3wnie\u017c bym okre\u015bli\u0142 jako &#8220;must have&#8221; do wy\u015bcig\u00f3w online. Pokazuje w formie radaru co si\u0119 dzieje w otoczeniu samochodu. Je\u015bli inny samoch\u00f3d zbli\u017ca si\u0119 do Twojego z boku lub ty\u0142u to odpowiednio pod\u015bwietla w\u0142a\u015bciwe strefy, pozwalaj\u0105c odpowiednio zareagowa\u0107 aby unikn\u0105\u0107 kontaktu. Osobi\u015bcie u\u017cywam Car Radar, bo opr\u00f3cz samego pod\u015bwietlenia potrafi jeszcze pokaza\u0107 kszta\u0142ty oraz k\u0105t jazdy innych pojazd\u00f3w w stosunku do mojego.<\/p>\n<p><a href=\"http:\/\/www.racedepartment.com\/downloads\/sidekick.11007\/\">Sidekick<\/a> &#8211; \u015bwietna aplikacja, kt\u00f3ra w kompaktowej formie wy\u015bwietla niemal wszystkie potrzebne informacje. Poszczeg\u00f3lne sekcje mo\u017cna zablokowa\u0107 lub ustawi\u0107 tak aby si\u0119 prze\u0142\u0105cza\u0142y co okre\u015blony czas. Wrzucony bieg, pr\u0119dko\u015b\u0107, czas okr\u0105\u017cenia, best lap\/personal best, gap to prev\/next, pozycja w wy\u015bcigu, nr okr\u0105\u017cenia\/ilo\u015b\u0107 okr\u0105\u017ce\u0144, paliwo, zu\u017cycie opon\/ci\u015bnienie\/temperatura opon\/hamulc\u00f3w, wychylenie peda\u0142\u00f3w i wska\u017aniki: shift light, boost i DRS. Dodatkowo apka poinformuje je\u017celi przy starcie wy\u015bcigu kierownica nie jest prosto, jak ustawienia FFB s\u0105 zbyt mocne oraz o czasie sko\u0144czonego okr\u0105\u017cenia lub czasie pozosta\u0142ym do ko\u0144ca sesji. Wygodna konfiguracja z poziomu aplikacji, nie trzeba grzeba\u0107 w plikach.<\/p>\n<p><a href=\"http:\/\/www.racedepartment.com\/downloads\/protyres.14030\/\">proTyres<\/a> &#8211; to co musisz wiedzie\u0107 o oponach: temperatura core\/wn\u0119trza\/zewn\u0119trzna poszczeg\u00f3lnych opon, zu\u017cycie, zabrudzenie, ci\u015bnienie, u\u017cywana mieszanka, ilo\u015b\u0107 przejechanych okr\u0105\u017ce\u0144 na obecnym komplecie itd. Troch\u0119 wi\u0119cej ni\u017c w standardowym Tyres od Kunos.<\/p>\n<p><a href=\"http:\/\/www.racedepartment.com\/downloads\/deltabar.4842\/\">DeltaBar<\/a> i Performance Delta &#8211; pokazuje r\u00f3\u017cnic\u0119 w pokonywaniu zakr\u0119t\u00f3w w stosunku do poprzednich przejazd\u00f3w lub najlepszego przejazdu, w zale\u017cno\u015bci od ustawie\u0144. Mo\u017ce te\u017c dzia\u0142a\u0107 dla poszczeg\u00f3lnych sektor\u00f3w lub ca\u0142ego okr\u0105\u017cenia, w zale\u017cno\u015bci od ustawie\u0144. Osobi\u015bcie u\u017cywam obu tych aplikacji, gdy\u017c w Delta Bar ustawi\u0142em sobie Personal Best dla danego sektora, a Performance Delta pokazuje mi dla ca\u0142ego okr\u0105\u017cenia oraz szacowany czas okr\u0105\u017cenia.<\/p>\n<p><a href=\"http:\/\/www.racedepartment.com\/downloads\/track-map-display.3508\/\">Map Display<\/a>, Track Map i Track Description &#8211; pierwsza pokazuje ca\u0142\u0105 mapk\u0119 toru oraz gdzie znajduj\u0105 si\u0119 poszczeg\u00f3lne samochody, druga &#8211; w wi\u0119kszej skali &#8211; dynamicznie przesuwa si\u0119 i obraca podczas jazdy pokazuj\u0105c zbli\u017caj\u0105ce si\u0119 zakr\u0119ty, trzecia wy\u015bwietla tylko opis zakr\u0119t\u00f3w je\u015bli istnieje, tak \u017ceby\u015bmy wiedzieli czy wypadli\u015bmy na Karusell czy za Dottinger Hohe \ud83d\ude09<\/p>\n<p><a href=\"http:\/\/www.racedepartment.com\/downloads\/ffbclip-app.7910\/\">FFBClip<\/a> &#8211; ma\u0142a aplikacja pokazuj\u0105ca obecny poziom Force Feedback i wszelkie &#8220;wycinki&#8221;, kt\u00f3rych mo\u017cesz do\u015bwiadczy\u0107. Sugeruje tak\u017ce w\u0142a\u015bciwe ustawienie zysku (gain) w grze tak aby zminimalizowa\u0107 ilo\u015b\u0107 przyci\u0119\u0107 a zmaksymalizowa\u0107 w\u0142a\u015bciwy Force Feedback.<\/p>\n<p><a href=\"http:\/\/www.racedepartment.com\/threads\/esotic-local-time.130890\/\">Esotic Local Time<\/a> &#8211; po prostu zegarek, kt\u00f3ry pokazuje czas w realnym \u015bwiecie. Tak \u017ceby si\u0119 nie zapomnie\u0107 a te\u017c nie musie\u0107 odrywa\u0107 wzroku aby sprawdzi\u0107 czas.<\/p>\n<p>Realtime &#8211; kunosowska aplikacja pokazuj\u0105ca nazwy zawodnik\u00f3w w pobli\u017cu i r\u00f3\u017cnice czasowe. Zacz\u0105\u0142em jej u\u017cywa\u0107 przy wy\u015bwietlaniu na Oculusie, bo p\u00f3ki co nie dzia\u0142a wy\u015bwietlanie nazwisk nad samochodami (CTRL + L) w trybie VR. Przy okazji jest te\u017c temperatura toru, powietrza i wiatr.<\/p>\n<p>Polecam instalacj\u0119 za pomoc\u0105 Content Managera, inaczej trzeba samemu rozpakowa\u0107 do w\u0142a\u015bciwego katalogu (assettocorsa\\content\\apps\\python). Po instalacji nale\u017cy jeszcze wej\u015b\u0107 w ustawienia i w\u0142\u0105czy\u0107 dan\u0105 aplikacj\u0119 aby w og\u00f3le pojawi\u0142a si\u0119 w AC. P\u00f3\u017aniej znajdziecie je w wysuwanym pasku przy prawej kraw\u0119dzi ekranu. Je\u015bli si\u0119 nie zmieszcz\u0105, to mo\u017cna przewija\u0107 k\u00f3\u0142kiem myszy. Wiem, \u017ce to s\u0105 oczywisto\u015bci, ale pada\u0142y ju\u017c takie pytania gdzie je znale\u017a\u0107. Wszystkie wymienione aplikacje, do kt\u00f3rych nie poda\u0142em odno\u015bnika s\u0105 standardowymi aplikacjami dostarczanymi przez Kunos, wi\u0119c znajdziecie je w g\u00f3rnej cz\u0119\u015bci paska z prawej bez konieczno\u015bci \u017cadnej instalacji.<\/p>\n","protected":false},"excerpt":{"rendered":"<p>U\u017cywanie platformy PC do Simracingu daje mo\u017cliwo\u015bci instalacji dodatk\u00f3w (tzw. mod\u00f3w) nie tylko w postaci tor\u00f3w i samochod\u00f3w ale r\u00f3wnie\u017c aplikacji. Poni\u017cej znajdziecie spis aplikacji, kt\u00f3rych ja u\u017cywam przy Assetto Corsa wraz z kr\u00f3tkim&#46;&#46;&#46;<\/p>\n","protected":false},"author":1,"featured_media":8988,"parent":8958,"menu_order":0,"comment_status":"closed","ping_status":"closed","template":"","meta":{"_monsterinsights_skip_tracking":false,"_monsterinsights_sitenote_active":false,"_monsterinsights_sitenote_note":"","_monsterinsights_sitenote_category":0,"ngg_post_thumbnail":0,"jetpack_post_was_ever_published":false,"footnotes":""},"categories":[119,117],"tags":[113,116],"class_list":["post-8971","page","type-page","status-publish","has-post-thumbnail","hentry","category-software","category-simracing","tag-assetto-corsa","tag-simracing"],"jetpack_sharing_enabled":true,"jetpack_shortlink":"https:\/\/wp.me\/P7M8NW-2kH","_links":{"self":[{"href":"https:\/\/hayabusa.eu.org\/en\/wp-json\/wp\/v2\/pages\/8971","targetHints":{"allow":["GET"]}}],"collection":[{"href":"https:\/\/hayabusa.eu.org\/en\/wp-json\/wp\/v2\/pages"}],"about":[{"href":"https:\/\/hayabusa.eu.org\/en\/wp-json\/wp\/v2\/types\/page"}],"author":[{"embeddable":true,"href":"https:\/\/hayabusa.eu.org\/en\/wp-json\/wp\/v2\/users\/1"}],"replies":[{"embeddable":true,"href":"https:\/\/hayabusa.eu.org\/en\/wp-json\/wp\/v2\/comments?post=8971"}],"version-history":[{"count":6,"href":"https:\/\/hayabusa.eu.org\/en\/wp-json\/wp\/v2\/pages\/8971\/revisions"}],"predecessor-version":[{"id":8991,"href":"https:\/\/hayabusa.eu.org\/en\/wp-json\/wp\/v2\/pages\/8971\/revisions\/8991"}],"up":[{"embeddable":true,"href":"https:\/\/hayabusa.eu.org\/en\/wp-json\/wp\/v2\/pages\/8958"}],"wp:featuredmedia":[{"embeddable":true,"href":"https:\/\/hayabusa.eu.org\/en\/wp-json\/wp\/v2\/media\/8988"}],"wp:attachment":[{"href":"https:\/\/hayabusa.eu.org\/en\/wp-json\/wp\/v2\/media?parent=8971"}],"wp:term":[{"taxonomy":"category","embeddable":true,"href":"https:\/\/hayabusa.eu.org\/en\/wp-json\/wp\/v2\/categories?post=8971"},{"taxonomy":"post_tag","embeddable":true,"href":"https:\/\/hayabusa.eu.org\/en\/wp-json\/wp\/v2\/tags?post=8971"}],"curies":[{"name":"wp","href":"https:\/\/api.w.org\/{rel}","templated":true}]}}