{"id":8985,"date":"2017-09-07T12:51:13","date_gmt":"2017-09-07T10:51:13","guid":{"rendered":"http:\/\/hayabusa.eu.org\/?page_id=8985"},"modified":"2017-09-07T12:51:13","modified_gmt":"2017-09-07T10:51:13","slug":"crew-chief","status":"publish","type":"page","link":"https:\/\/hayabusa.eu.org\/en\/simracing\/oprogramowanie\/crew-chief\/","title":{"rendered":"Crew Chief"},"content":{"rendered":"<p>Crew Chief to aplikacja wspomagaj\u0105ca, kt\u00f3ra pe\u0142ni rol\u0119 Twojego szefa zespo\u0142u wy\u015bcigowego. Informuje Ci\u0119 o temperaturze toru, opon, zu\u017cyciu paliwa, uszkodzeniach, konieczno\u015bci wizyty w pit lane, czasach okr\u0105\u017ce\u0144, pozycji w wy\u015bcigu itd. Pe\u0142ni r\u00f3wnie\u017c rol\u0119 spottera, czyli informuje g\u0142osowo o otaczaj\u0105cych samochodach i nakazuje pilnowania swojej linii przejazdu. Informuje o stracie do poprzednika i r\u00f3\u017cnicy czasowej do nast\u0119pnego zawodnika oraz zagrzewa do walki o kolejne pozycje. Innymi s\u0142owy &#8211; robi wszystko aby\u015b uko\u0144czy\u0142 wy\u015bcig w ca\u0142o\u015bci i na jak najlepszej pozycji.<br \/>\nAplikacja pocz\u0105tkowo stworzona do Project CARS i RaceRoom Experience, teraz posiada ju\u017c wsparcie do chyba wszystkich licz\u0105cych si\u0119 tytu\u0142\u00f3w na rynku. Posiada kilka pakiet\u00f3w d\u017awi\u0119k\u00f3w i mo\u017cliwo\u015b\u0107 personalizacji aby zwraca\u0142a si\u0119 po imieniu. Mo\u017cna j\u0105 skonfigurowa\u0107 aby odpowiada\u0142a na pytania zadawane przez mikrofon ale tego nie testowa\u0142em. Dzia\u0142anie aplikacji najlepiej obejrze\u0107 sobie na filmiku, np.:<\/p>\n<p>https:\/\/youtu.be\/fFRO_zhV5rU<\/p>\n<p>Aplikacja nie jest typowym modem do konkretnej gry ale tzw. standalone aplikacj\u0105, kt\u00f3r\u0105 uruchamia si\u0119 przed odpaleniem gry\/wy\u015bcigu. Instalacja na PC sprowadza si\u0119 do pobrania i uruchomienia windowsowego instalatora, najlepiej z <a href=\"https:\/\/forum.sector3studios.com\/index.php?threads\/offical-release-of-crew-chief-version-4-auto-updating-and-shiny.2516\/\">oficjalnego w\u0105tku Sector 3 Studios.<br \/>\n<\/a>Po instalacji nale\u017cy jeszcze \u015bci\u0105gn\u0105\u0107 pakiety d\u017awi\u0119k\u00f3w, nazw oraz personalizacji, wybra\u0107 odpowiedni\u0105 gr\u0119 z listy i wcisn\u0105\u0107 &#8220;Start application&#8221;. Je\u015bli wszystko jest OK, to powinni\u015bmy us\u0142ysze\u0107 komunikat &#8220;Radio check&#8221;. Teraz mo\u017cna odpali\u0107 symulator i poczu\u0107 si\u0119 jak zawodowiec \ud83d\ude42<\/p>\n","protected":false},"excerpt":{"rendered":"<p>Crew Chief to aplikacja wspomagaj\u0105ca, kt\u00f3ra pe\u0142ni rol\u0119 Twojego szefa zespo\u0142u wy\u015bcigowego. Informuje Ci\u0119 o temperaturze toru, opon, zu\u017cyciu paliwa, uszkodzeniach, konieczno\u015bci wizyty w pit lane, czasach okr\u0105\u017ce\u0144, pozycji w wy\u015bcigu itd. Pe\u0142ni r\u00f3wnie\u017c&#46;&#46;&#46;<\/p>\n","protected":false},"author":1,"featured_media":8975,"parent":8941,"menu_order":0,"comment_status":"closed","ping_status":"closed","template":"","meta":{"_monsterinsights_skip_tracking":false,"_monsterinsights_sitenote_active":false,"_monsterinsights_sitenote_note":"","_monsterinsights_sitenote_category":0,"ngg_post_thumbnail":0,"jetpack_post_was_ever_published":false,"footnotes":""},"categories":[119,117],"tags":[116],"class_list":["post-8985","page","type-page","status-publish","has-post-thumbnail","hentry","category-software","category-simracing","tag-simracing"],"jetpack_sharing_enabled":true,"jetpack_shortlink":"https:\/\/wp.me\/P7M8NW-2kV","_links":{"self":[{"href":"https:\/\/hayabusa.eu.org\/en\/wp-json\/wp\/v2\/pages\/8985","targetHints":{"allow":["GET"]}}],"collection":[{"href":"https:\/\/hayabusa.eu.org\/en\/wp-json\/wp\/v2\/pages"}],"about":[{"href":"https:\/\/hayabusa.eu.org\/en\/wp-json\/wp\/v2\/types\/page"}],"author":[{"embeddable":true,"href":"https:\/\/hayabusa.eu.org\/en\/wp-json\/wp\/v2\/users\/1"}],"replies":[{"embeddable":true,"href":"https:\/\/hayabusa.eu.org\/en\/wp-json\/wp\/v2\/comments?post=8985"}],"version-history":[{"count":1,"href":"https:\/\/hayabusa.eu.org\/en\/wp-json\/wp\/v2\/pages\/8985\/revisions"}],"predecessor-version":[{"id":8986,"href":"https:\/\/hayabusa.eu.org\/en\/wp-json\/wp\/v2\/pages\/8985\/revisions\/8986"}],"up":[{"embeddable":true,"href":"https:\/\/hayabusa.eu.org\/en\/wp-json\/wp\/v2\/pages\/8941"}],"wp:featuredmedia":[{"embeddable":true,"href":"https:\/\/hayabusa.eu.org\/en\/wp-json\/wp\/v2\/media\/8975"}],"wp:attachment":[{"href":"https:\/\/hayabusa.eu.org\/en\/wp-json\/wp\/v2\/media?parent=8985"}],"wp:term":[{"taxonomy":"category","embeddable":true,"href":"https:\/\/hayabusa.eu.org\/en\/wp-json\/wp\/v2\/categories?post=8985"},{"taxonomy":"post_tag","embeddable":true,"href":"https:\/\/hayabusa.eu.org\/en\/wp-json\/wp\/v2\/tags?post=8985"}],"curies":[{"name":"wp","href":"https:\/\/api.w.org\/{rel}","templated":true}]}}