{"id":8995,"date":"2017-09-07T17:43:42","date_gmt":"2017-09-07T15:43:42","guid":{"rendered":"http:\/\/hayabusa.eu.org\/?page_id=8995"},"modified":"2018-08-09T13:59:41","modified_gmt":"2018-08-09T11:59:41","slug":"kokpit-do-simracingu-gt-omega-racing-pro","status":"publish","type":"page","link":"https:\/\/hayabusa.eu.org\/en\/simracing\/sprzet\/kokpit-do-simracingu-gt-omega-racing-pro\/","title":{"rendered":"Kokpit do Simracingu: GT Omega Racing PRO"},"content":{"rendered":"<p>Od kilku lat ju\u017c posiadam kierownic\u0119 do komputera, wcze\u015bniej by\u0142 to Logitech G25, kt\u00f3r\u0105 p\u00f3\u017aniej zamieni\u0142em na Logitech G29 oczywi\u015bcie w komplecie z peda\u0142ami i H Shifterem. Postanowi\u0142em do tego dokupi\u0107 kokpit z prawdziwego zdarzenia, kt\u00f3ry zast\u0105pi\u0142 stojak Wheel Stand Pro. Po przeczytaniu w\u0105tku na forum <a href=\"http:\/\/simrace.pl\/forum\" target=\"_blank\" rel=\"noopener\">Simrace.pl<\/a>, obejrzeniu r\u00f3\u017cnych opinii oraz por\u00f3wnaniu cen i mo\u017cliwo\u015bci, m\u00f3j wyb\u00f3r pad\u0142 na GT Omega Racing PRO. Kokpit zamawia\u0142em prosto z Anglii, gdy\u017c nie znalaz\u0142em go u polskiego dystrybutora, zap\u0142aci\u0142em online i w ci\u0105gu 5 dni roboczych kurier UPS dostarczy\u0142 mi dwa du\u017ce kartony z elementami kokpitu. Sk\u0142adanie tego do kupy zaj\u0119\u0142o mi oko\u0142o 3 godzin z ma\u0142ymi przerwami. Konstrukcja jest stabilna, materia\u0142 z kt\u00f3rego wykonany jest fotel te\u017c ca\u0142kiem niez\u0142y. Po przesiadce z Wheel Stand Pro r\u00f3\u017cnica jest odczuwalna \u2013 szczeg\u00f3lnie przy hamowaniu jest twardo, stabilnie, nic nie odje\u017cd\u017ca. Mo\u017cna regulowa\u0107 odleg\u0142o\u015b\u0107 i pochylenie fotela. Troch\u0119 te\u017c mo\u017cna niby regulowa\u0107 wysoko\u015b\u0107 kierownicy, ale wi\u0119ksze zmiany wymagaj\u0105 przekr\u0119cania \u015brubek, wi\u0119c najlepiej to skr\u0119ci\u0107 raz tak jak trzeba i zostawi\u0107. Nie ma mo\u017cliwo\u015bci regulacji k\u0105ta pochylenia kierownicy, cho\u0107 niby mo\u017cna co\u015b porze\u017abi\u0107 ze \u015brubami. Przy wsiadaniu jest troch\u0119 ciasno, ale generalnie wszystko jest na swoim miejscu. Pochylenie peda\u0142\u00f3w jest dobre, shifter mo\u017cna regulowa\u0107, a kierownica jest lekko pochylona w g\u00f3r\u0119. Troch\u0119 mi si\u0119 nie podoba brak konsekwencji w wykonaniu \u2013 cz\u0119\u015b\u0107 jest z rurek, \u0142adnie gi\u0119ta, a reszta z element\u00f3w o przekroju kwadratu. Skr\u0119cane ze sob\u0105 i regulowane przy pomocy swego rodzaju motylk\u00f3w. \u0141adniej by\u0142oby zrobi\u0107 wszystko na rurkach. Brakuje te\u017c kana\u0142\u00f3w na puszczenie kabli, no ale to wszystko kwestia wy\u0142\u0105cznie estetyki. Je\u015bli chodzi o funkcjonalno\u015b\u0107 to GT Omega Racing PRO spe\u0142nia swoj\u0105 funkcj\u0119 bardzo dobrze.<br \/>\nPoni\u017cej kilka zdj\u0119\u0107 mojego stanowiska.<\/p>\nngg_shortcode_0_placeholder\n","protected":false},"excerpt":{"rendered":"<p>Od kilku lat ju\u017c posiadam kierownic\u0119 do komputera, wcze\u015bniej by\u0142 to Logitech G25, kt\u00f3r\u0105 p\u00f3\u017aniej zamieni\u0142em na Logitech G29 oczywi\u015bcie w komplecie z peda\u0142ami i H Shifterem. Postanowi\u0142em do tego dokupi\u0107 kokpit z prawdziwego&#46;&#46;&#46;<\/p>\n","protected":false},"author":1,"featured_media":8775,"parent":8923,"menu_order":0,"comment_status":"closed","ping_status":"closed","template":"","meta":{"_monsterinsights_skip_tracking":false,"_monsterinsights_sitenote_active":false,"_monsterinsights_sitenote_note":"","_monsterinsights_sitenote_category":0,"ngg_post_thumbnail":0,"jetpack_post_was_ever_published":false,"footnotes":""},"categories":[117,118],"tags":[116],"class_list":["post-8995","page","type-page","status-publish","has-post-thumbnail","hentry","category-simracing","category-hardware","tag-simracing"],"jetpack_sharing_enabled":true,"jetpack_shortlink":"https:\/\/wp.me\/P7M8NW-2l5","_links":{"self":[{"href":"https:\/\/hayabusa.eu.org\/en\/wp-json\/wp\/v2\/pages\/8995","targetHints":{"allow":["GET"]}}],"collection":[{"href":"https:\/\/hayabusa.eu.org\/en\/wp-json\/wp\/v2\/pages"}],"about":[{"href":"https:\/\/hayabusa.eu.org\/en\/wp-json\/wp\/v2\/types\/page"}],"author":[{"embeddable":true,"href":"https:\/\/hayabusa.eu.org\/en\/wp-json\/wp\/v2\/users\/1"}],"replies":[{"embeddable":true,"href":"https:\/\/hayabusa.eu.org\/en\/wp-json\/wp\/v2\/comments?post=8995"}],"version-history":[{"count":4,"href":"https:\/\/hayabusa.eu.org\/en\/wp-json\/wp\/v2\/pages\/8995\/revisions"}],"predecessor-version":[{"id":9625,"href":"https:\/\/hayabusa.eu.org\/en\/wp-json\/wp\/v2\/pages\/8995\/revisions\/9625"}],"up":[{"embeddable":true,"href":"https:\/\/hayabusa.eu.org\/en\/wp-json\/wp\/v2\/pages\/8923"}],"wp:featuredmedia":[{"embeddable":true,"href":"https:\/\/hayabusa.eu.org\/en\/wp-json\/wp\/v2\/media\/8775"}],"wp:attachment":[{"href":"https:\/\/hayabusa.eu.org\/en\/wp-json\/wp\/v2\/media?parent=8995"}],"wp:term":[{"taxonomy":"category","embeddable":true,"href":"https:\/\/hayabusa.eu.org\/en\/wp-json\/wp\/v2\/categories?post=8995"},{"taxonomy":"post_tag","embeddable":true,"href":"https:\/\/hayabusa.eu.org\/en\/wp-json\/wp\/v2\/tags?post=8995"}],"curies":[{"name":"wp","href":"https:\/\/api.w.org\/{rel}","templated":true}]}}