{"id":9004,"date":"2017-09-08T15:05:14","date_gmt":"2017-09-08T13:05:14","guid":{"rendered":"http:\/\/hayabusa.eu.org\/?page_id=9004"},"modified":"2017-09-08T15:05:14","modified_gmt":"2017-09-08T13:05:14","slug":"project-cars","status":"publish","type":"page","link":"https:\/\/hayabusa.eu.org\/en\/simracing\/oprogramowanie\/project-cars\/","title":{"rendered":"Project CARS"},"content":{"rendered":"<p><a href=\"http:\/\/www.projectcarsgame.com\/\">Project CARS<\/a> &#8211; ca\u0142kiem niez\u0142a gra typu symulator\/arcade firmowana przez SlightyMad Studios. \u015awietna grafika i dobrze oddane prowadzenie pojazdu, cho\u0107 nieco gorzej ni\u017c w Assetto Corsa. Nie\u017ale zrobiony i wci\u0105gaj\u0105cy tryb kariery &#8211; ciekawy pomys\u0142 z twittami od fan\u00f3w zagrzewaj\u0105cymi do start\u00f3w i komentuj\u0105cymi ostatnie wy\u015bcigi. Mo\u017cliwo\u015b\u0107 gry w trybie jednoosobowym, wy\u015bcig\u00f3w z komputerem (AI) oraz online z innymi graczami. Du\u017ca baza pojazd\u00f3w i tor\u00f3w. Nie mia\u0142em okazji zag\u0142\u0119bi\u0107 si\u0119 w temat mod\u00f3w ani wy\u015bcig\u00f3w online wi\u0119c tu na razie nie zajm\u0119 stanowiska. Mo\u017cliwo\u015b\u0107 jazdy w deszczu oraz ustawienia zmiennych warunk\u00f3w pogodowych. Prosta obs\u0142uga VR &#8211; uruchamiasz w trybie VR i dzia\u0142a. Szczeg\u00f3\u0142y kabiny oddane bardzo dobrze, ale tylko do wysoko\u015bci przednich foteli, jak spojrzysz w ty\u0142 to wida\u0107 dykt\u0119. Zobaczymy co przyniesie zapowiadany Project CARS 2.<\/p>\n","protected":false},"excerpt":{"rendered":"<p>Project CARS &#8211; ca\u0142kiem niez\u0142a gra typu symulator\/arcade firmowana przez SlightyMad Studios. \u015awietna grafika i dobrze oddane prowadzenie pojazdu, cho\u0107 nieco gorzej ni\u017c w Assetto Corsa. Nie\u017ale zrobiony i wci\u0105gaj\u0105cy tryb kariery &#8211; ciekawy&#46;&#46;&#46;<\/p>\n","protected":false},"author":1,"featured_media":8950,"parent":8941,"menu_order":0,"comment_status":"closed","ping_status":"closed","template":"","meta":{"_monsterinsights_skip_tracking":false,"_monsterinsights_sitenote_active":false,"_monsterinsights_sitenote_note":"","_monsterinsights_sitenote_category":0,"ngg_post_thumbnail":0,"jetpack_post_was_ever_published":false,"footnotes":""},"categories":[119,117],"tags":[],"class_list":["post-9004","page","type-page","status-publish","has-post-thumbnail","hentry","category-software","category-simracing"],"jetpack_sharing_enabled":true,"jetpack_shortlink":"https:\/\/wp.me\/P7M8NW-2le","_links":{"self":[{"href":"https:\/\/hayabusa.eu.org\/en\/wp-json\/wp\/v2\/pages\/9004","targetHints":{"allow":["GET"]}}],"collection":[{"href":"https:\/\/hayabusa.eu.org\/en\/wp-json\/wp\/v2\/pages"}],"about":[{"href":"https:\/\/hayabusa.eu.org\/en\/wp-json\/wp\/v2\/types\/page"}],"author":[{"embeddable":true,"href":"https:\/\/hayabusa.eu.org\/en\/wp-json\/wp\/v2\/users\/1"}],"replies":[{"embeddable":true,"href":"https:\/\/hayabusa.eu.org\/en\/wp-json\/wp\/v2\/comments?post=9004"}],"version-history":[{"count":1,"href":"https:\/\/hayabusa.eu.org\/en\/wp-json\/wp\/v2\/pages\/9004\/revisions"}],"predecessor-version":[{"id":9005,"href":"https:\/\/hayabusa.eu.org\/en\/wp-json\/wp\/v2\/pages\/9004\/revisions\/9005"}],"up":[{"embeddable":true,"href":"https:\/\/hayabusa.eu.org\/en\/wp-json\/wp\/v2\/pages\/8941"}],"wp:featuredmedia":[{"embeddable":true,"href":"https:\/\/hayabusa.eu.org\/en\/wp-json\/wp\/v2\/media\/8950"}],"wp:attachment":[{"href":"https:\/\/hayabusa.eu.org\/en\/wp-json\/wp\/v2\/media?parent=9004"}],"wp:term":[{"taxonomy":"category","embeddable":true,"href":"https:\/\/hayabusa.eu.org\/en\/wp-json\/wp\/v2\/categories?post=9004"},{"taxonomy":"post_tag","embeddable":true,"href":"https:\/\/hayabusa.eu.org\/en\/wp-json\/wp\/v2\/tags?post=9004"}],"curies":[{"name":"wp","href":"https:\/\/api.w.org\/{rel}","templated":true}]}}